{"id":205471,"date":"2019-07-23T21:39:15","date_gmt":"2019-07-23T19:39:15","guid":{"rendered":"https:\/\/mx.melvillandmoon.com\/cuidados-y-consejos\/"},"modified":"2019-07-23T21:39:15","modified_gmt":"2019-07-23T19:39:15","slug":"cuidados-y-consejos","status":"publish","type":"page","link":"https:\/\/mx.melvillandmoon.com\/es\/cuidados-y-consejos\/","title":{"rendered":"CUIDADOS Y CONSEJOS"},"content":{"rendered":"<div class=\"fusion-fullwidth fullwidth-box fusion-builder-row-1 fusion-flex-container nonhundred-percent-fullwidth non-hundred-percent-height-scrolling\" style=\"--awb-border-radius-top-left:0px;--awb-border-radius-top-right:0px;--awb-border-radius-bottom-right:0px;--awb-border-radius-bottom-left:0px;--awb-flex-wrap:wrap;\" ><div class=\"fusion-builder-row fusion-row fusion-flex-align-items-stretch fusion-flex-content-wrap\" style=\"max-width:1144px;margin-left: calc(-4% \/ 2 );margin-right: calc(-4% \/ 2 );\"><div class=\"fusion-layout-column fusion_builder_column fusion-builder-column-0 fusion_builder_column_1_1 1_1 fusion-flex-column fusion-flex-align-self-flex-start fusion-column-no-min-height\" style=\"--awb-bg-size:cover;--awb-width-large:100%;--awb-margin-top-large:0px;--awb-spacing-right-large:1.92%;--awb-margin-bottom-large:20px;--awb-spacing-left-large:1.92%;--awb-width-medium:100%;--awb-spacing-right-medium:1.92%;--awb-spacing-left-medium:1.92%;--awb-width-small:100%;--awb-spacing-right-small:1.92%;--awb-spacing-left-small:1.92%;\"><div class=\"fusion-column-wrapper fusion-column-has-shadow fusion-flex-justify-content-flex-start fusion-content-layout-column\"><div class=\"fusion-text fusion-text-1\"><h2 style=\"text-align: center;\">CUIDADOS Y CONSEJOS<\/h2>\n<\/div><\/div><\/div><div class=\"fusion-layout-column fusion_builder_column fusion-builder-column-1 fusion_builder_column_1_3 1_3 fusion-flex-column\" style=\"--awb-bg-size:cover;--awb-width-large:33.333333333333%;--awb-margin-top-large:0px;--awb-spacing-right-large:5.76%;--awb-margin-bottom-large:20px;--awb-spacing-left-large:5.76%;--awb-width-medium:100%;--awb-spacing-right-medium:1.92%;--awb-spacing-left-medium:1.92%;--awb-width-small:100%;--awb-spacing-right-small:1.92%;--awb-spacing-left-small:1.92%;\"><div class=\"fusion-column-wrapper fusion-column-has-shadow fusion-flex-justify-content-center fusion-content-layout-column\"><div class=\"fusion-image-element \" style=\"--awb-caption-title-font-family:var(--h2_typography-font-family);--awb-caption-title-font-weight:var(--h2_typography-font-weight);--awb-caption-title-font-style:var(--h2_typography-font-style);--awb-caption-title-size:var(--h2_typography-font-size);--awb-caption-title-transform:var(--h2_typography-text-transform);--awb-caption-title-line-height:var(--h2_typography-line-height);--awb-caption-title-letter-spacing:var(--h2_typography-letter-spacing);\"><span class=\" fusion-imageframe imageframe-none imageframe-1 hover-type-none\"><img decoding=\"async\" width=\"1000\" height=\"1000\" title=\"Premium Sand with Brown Leather\" src=\"https:\/\/mx.melvillandmoon.com\/wp-content\/uploads\/sites\/5\/2023\/07\/MM-Seat-Covers-Range-6.jpg\" data-orig-src=\"https:\/\/mx.melvillandmoon.com\/wp-content\/uploads\/sites\/5\/2023\/07\/MM-Seat-Covers-Range-6.jpg\" alt class=\"lazyload img-responsive wp-image-203514\" srcset=\"data:image\/svg+xml,%3Csvg%20xmlns%3D%27http%3A%2F%2Fwww.w3.org%2F2000%2Fsvg%27%20width%3D%271000%27%20height%3D%271000%27%20viewBox%3D%270%200%201000%201000%27%3E%3Crect%20width%3D%271000%27%20height%3D%271000%27%20fill-opacity%3D%220%22%2F%3E%3C%2Fsvg%3E\" data-srcset=\"https:\/\/mx.melvillandmoon.com\/wp-content\/uploads\/sites\/5\/2023\/07\/MM-Seat-Covers-Range-6-200x200.jpg 200w, https:\/\/mx.melvillandmoon.com\/wp-content\/uploads\/sites\/5\/2023\/07\/MM-Seat-Covers-Range-6-400x400.jpg 400w, https:\/\/mx.melvillandmoon.com\/wp-content\/uploads\/sites\/5\/2023\/07\/MM-Seat-Covers-Range-6-600x600.jpg 600w, https:\/\/mx.melvillandmoon.com\/wp-content\/uploads\/sites\/5\/2023\/07\/MM-Seat-Covers-Range-6-800x800.jpg 800w, https:\/\/mx.melvillandmoon.com\/wp-content\/uploads\/sites\/5\/2023\/07\/MM-Seat-Covers-Range-6.jpg 1000w\" data-sizes=\"auto\" data-orig-sizes=\"(max-width: 1024px) 100vw, (max-width: 390px) 100vw, 400px\" \/><\/span><\/div><\/div><\/div><div class=\"fusion-layout-column fusion_builder_column fusion-builder-column-2 fusion_builder_column_2_3 2_3 fusion-flex-column\" style=\"--awb-bg-size:cover;--awb-width-large:66.666666666667%;--awb-margin-top-large:0px;--awb-spacing-right-large:2.88%;--awb-margin-bottom-large:20px;--awb-spacing-left-large:2.88%;--awb-width-medium:100%;--awb-spacing-right-medium:1.92%;--awb-spacing-left-medium:1.92%;--awb-width-small:100%;--awb-spacing-right-small:1.92%;--awb-spacing-left-small:1.92%;\"><div class=\"fusion-column-wrapper fusion-column-has-shadow fusion-flex-justify-content-center fusion-content-layout-column\"><div class=\"fusion-text fusion-text-2\"><p><strong>Instrucciones de lavado<\/strong><\/p>\n<p>Los cubreasientos Melvill &amp; Moon est\u00e1n hechos de lona de algod\u00f3n 100% natural y solamente deben lavarse a la antigua. \u00b7 Remojar durante la noche con detergente sin blanqueador \u00b7 Lavar a mano en una bandeja plana \u00b7 Enjuagar muy bien el jab\u00f3n \u00b7 Dejar secar por el rev\u00e9s, en el tendedero \u00b7 Planchar mientras a\u00fan est\u00e1 ligeramente h\u00famedo \u00b7 NO lavar en lavadora \u00b7 NUNCA centrifugar o secar en secadora \u00b7 Utilizar S\u00d3LO agua fr\u00eda, NUNCA CALIENTE \u00b7 SIN BLANQUEADOR \u00b7 NO TALLAR<\/p>\n<\/div><\/div><\/div><div class=\"fusion-layout-column fusion_builder_column fusion-builder-column-3 fusion_builder_column_1_3 1_3 fusion-flex-column\" style=\"--awb-bg-size:cover;--awb-width-large:33.333333333333%;--awb-margin-top-large:0px;--awb-spacing-right-large:5.76%;--awb-margin-bottom-large:20px;--awb-spacing-left-large:5.76%;--awb-width-medium:100%;--awb-spacing-right-medium:1.92%;--awb-spacing-left-medium:1.92%;--awb-width-small:100%;--awb-spacing-right-small:1.92%;--awb-spacing-left-small:1.92%;\"><div class=\"fusion-column-wrapper fusion-column-has-shadow fusion-flex-justify-content-center fusion-content-layout-column\"><div class=\"fusion-image-element \" style=\"--awb-caption-title-font-family:var(--h2_typography-font-family);--awb-caption-title-font-weight:var(--h2_typography-font-weight);--awb-caption-title-font-style:var(--h2_typography-font-style);--awb-caption-title-size:var(--h2_typography-font-size);--awb-caption-title-transform:var(--h2_typography-text-transform);--awb-caption-title-line-height:var(--h2_typography-line-height);--awb-caption-title-letter-spacing:var(--h2_typography-letter-spacing);\"><span class=\" fusion-imageframe imageframe-none imageframe-2 hover-type-none\"><a class=\"fusion-no-lightbox\" href=\"https:\/\/mx.melvillandmoon.com\/product\/leather-care\/\" target=\"_self\" aria-label=\"MR_LC_Leather Care &#8211; Balsaam_2\"><img decoding=\"async\" width=\"1454\" height=\"1536\" src=\"https:\/\/mx.melvillandmoon.com\/wp-content\/uploads\/sites\/5\/2019\/07\/MR_LC_Leather-Care-Balsaam_2.jpg\" data-orig-src=\"https:\/\/mx.melvillandmoon.com\/wp-content\/uploads\/sites\/5\/2019\/07\/MR_LC_Leather-Care-Balsaam_2.jpg\" alt class=\"lazyload img-responsive wp-image-203685\" srcset=\"data:image\/svg+xml,%3Csvg%20xmlns%3D%27http%3A%2F%2Fwww.w3.org%2F2000%2Fsvg%27%20width%3D%271454%27%20height%3D%271536%27%20viewBox%3D%270%200%201454%201536%27%3E%3Crect%20width%3D%271454%27%20height%3D%271536%27%20fill-opacity%3D%220%22%2F%3E%3C%2Fsvg%3E\" data-srcset=\"https:\/\/mx.melvillandmoon.com\/wp-content\/uploads\/sites\/5\/2019\/07\/MR_LC_Leather-Care-Balsaam_2-200x211.jpg 200w, https:\/\/mx.melvillandmoon.com\/wp-content\/uploads\/sites\/5\/2019\/07\/MR_LC_Leather-Care-Balsaam_2-400x423.jpg 400w, https:\/\/mx.melvillandmoon.com\/wp-content\/uploads\/sites\/5\/2019\/07\/MR_LC_Leather-Care-Balsaam_2-600x634.jpg 600w, https:\/\/mx.melvillandmoon.com\/wp-content\/uploads\/sites\/5\/2019\/07\/MR_LC_Leather-Care-Balsaam_2-800x845.jpg 800w, https:\/\/mx.melvillandmoon.com\/wp-content\/uploads\/sites\/5\/2019\/07\/MR_LC_Leather-Care-Balsaam_2-1200x1268.jpg 1200w, https:\/\/mx.melvillandmoon.com\/wp-content\/uploads\/sites\/5\/2019\/07\/MR_LC_Leather-Care-Balsaam_2.jpg 1454w\" data-sizes=\"auto\" data-orig-sizes=\"(max-width: 1024px) 100vw, (max-width: 390px) 100vw, 400px\" \/><\/a><\/span><\/div><\/div><\/div><div class=\"fusion-layout-column fusion_builder_column fusion-builder-column-4 fusion_builder_column_2_3 2_3 fusion-flex-column\" style=\"--awb-bg-size:cover;--awb-width-large:66.666666666667%;--awb-margin-top-large:0px;--awb-spacing-right-large:2.88%;--awb-margin-bottom-large:20px;--awb-spacing-left-large:2.88%;--awb-width-medium:100%;--awb-spacing-right-medium:1.92%;--awb-spacing-left-medium:1.92%;--awb-width-small:100%;--awb-spacing-right-small:1.92%;--awb-spacing-left-small:1.92%;\"><div class=\"fusion-column-wrapper fusion-column-has-shadow fusion-flex-justify-content-center fusion-content-layout-column\"><div class=\"fusion-text fusion-text-3\"><p><strong>B\u00e1lsamo para cuidado del cuero<br \/>\n<\/strong><br \/>\nEste producto se usa en piel porosa en la que Hide Food, a base de agua, no es tan efectivo, p. ej. cuero envejecido. Cabe se\u00f1alar, sin embargo, que este producto contiene cera de abeja, y es un buen acondicionador para piel.<\/p>\n<\/div><\/div><\/div><div class=\"fusion-layout-column fusion_builder_column fusion-builder-column-5 fusion_builder_column_1_3 1_3 fusion-flex-column\" style=\"--awb-bg-size:cover;--awb-width-large:33.333333333333%;--awb-margin-top-large:0px;--awb-spacing-right-large:5.76%;--awb-margin-bottom-large:20px;--awb-spacing-left-large:5.76%;--awb-width-medium:100%;--awb-spacing-right-medium:1.92%;--awb-spacing-left-medium:1.92%;--awb-width-small:100%;--awb-spacing-right-small:1.92%;--awb-spacing-left-small:1.92%;\"><div class=\"fusion-column-wrapper fusion-column-has-shadow fusion-flex-justify-content-center fusion-content-layout-column\"><div class=\"fusion-image-element \" style=\"--awb-caption-title-font-family:var(--h2_typography-font-family);--awb-caption-title-font-weight:var(--h2_typography-font-weight);--awb-caption-title-font-style:var(--h2_typography-font-style);--awb-caption-title-size:var(--h2_typography-font-size);--awb-caption-title-transform:var(--h2_typography-text-transform);--awb-caption-title-line-height:var(--h2_typography-line-height);--awb-caption-title-letter-spacing:var(--h2_typography-letter-spacing);\"><span class=\" fusion-imageframe imageframe-none imageframe-3 hover-type-none\"><a class=\"fusion-no-lightbox\" href=\"https:\/\/mx.melvillandmoon.com\/product\/fibre-protector-waterproofing-spray\/\" target=\"_self\" aria-label=\"Seat-Cover-Waterproofing\"><img decoding=\"async\" width=\"800\" height=\"800\" src=\"https:\/\/mx.melvillandmoon.com\/wp-content\/uploads\/sites\/5\/2019\/08\/Seat-Cover-Waterproofing.jpg\" data-orig-src=\"https:\/\/mx.melvillandmoon.com\/wp-content\/uploads\/sites\/5\/2019\/08\/Seat-Cover-Waterproofing.jpg\" alt class=\"lazyload img-responsive wp-image-201442\" srcset=\"data:image\/svg+xml,%3Csvg%20xmlns%3D%27http%3A%2F%2Fwww.w3.org%2F2000%2Fsvg%27%20width%3D%27800%27%20height%3D%27800%27%20viewBox%3D%270%200%20800%20800%27%3E%3Crect%20width%3D%27800%27%20height%3D%27800%27%20fill-opacity%3D%220%22%2F%3E%3C%2Fsvg%3E\" data-srcset=\"https:\/\/mx.melvillandmoon.com\/wp-content\/uploads\/sites\/5\/2019\/08\/Seat-Cover-Waterproofing-200x200.jpg 200w, https:\/\/mx.melvillandmoon.com\/wp-content\/uploads\/sites\/5\/2019\/08\/Seat-Cover-Waterproofing-400x400.jpg 400w, https:\/\/mx.melvillandmoon.com\/wp-content\/uploads\/sites\/5\/2019\/08\/Seat-Cover-Waterproofing-600x600.jpg 600w, https:\/\/mx.melvillandmoon.com\/wp-content\/uploads\/sites\/5\/2019\/08\/Seat-Cover-Waterproofing.jpg 800w\" data-sizes=\"auto\" data-orig-sizes=\"(max-width: 1024px) 100vw, (max-width: 390px) 100vw, 400px\" \/><\/a><\/span><\/div><\/div><\/div><div class=\"fusion-layout-column fusion_builder_column fusion-builder-column-6 fusion_builder_column_2_3 2_3 fusion-flex-column\" style=\"--awb-bg-size:cover;--awb-width-large:66.666666666667%;--awb-margin-top-large:0px;--awb-spacing-right-large:2.88%;--awb-margin-bottom-large:20px;--awb-spacing-left-large:2.88%;--awb-width-medium:100%;--awb-spacing-right-medium:1.92%;--awb-spacing-left-medium:1.92%;--awb-width-small:100%;--awb-spacing-right-small:1.92%;--awb-spacing-left-small:1.92%;\"><div class=\"fusion-column-wrapper fusion-column-has-shadow fusion-flex-justify-content-center fusion-content-layout-column\"><div class=\"fusion-text fusion-text-4\"><p><strong>Spray para cubreasientos<br \/>\n<\/strong><br \/>\nEl sistema de protecci\u00f3n de fibras m\u00e1s efectivo y t\u00e9cnicamente avanzado, disponible. Est\u00e1 dise\u00f1ado para ayudar a mantener las fibras limpias y libres de manchas. Tiene un efecto residual a largo plazo y es completamente inofensivo para las personas, los animales y el medio ambiente. Modo de aplicaci\u00f3n:  <\/p>\n<ol>\n<li>Agite bien la lata y aplique solo a superficies limpias y secas.<\/li>\n<li>Mantenga el bote a 20 cm del art\u00edculo y roc\u00ede uniformemente<\/li>\n<li>Mantenga la lata en posici\u00f3n vertical, durante la aplicaci\u00f3n<\/li>\n<li>Cambie la direcci\u00f3n del rociado, para que pueda aplicarlo en forma cruzada<\/li>\n<li>Deje secar aproximadamente una hora<\/li>\n<\/ol>\n<\/div><\/div><\/div><\/div><\/div>\n","protected":false},"excerpt":{"rendered":"","protected":false},"author":1,"featured_media":0,"parent":0,"menu_order":0,"comment_status":"closed","ping_status":"closed","template":"","meta":{"footnotes":""},"class_list":["post-205471","page","type-page","status-publish","hentry"],"yoast_head":"<!-- This site is optimized with the Yoast SEO plugin v27.3 - https:\/\/yoast.com\/product\/yoast-seo-wordpress\/ -->\n<title>Melvill and Moon | Product Care<\/title>\n<meta name=\"description\" content=\"Fabricamos y comercializamos una amplia gama de equipaje de safari de alta gama, muebles de campa\u00f1a y accesorios de safari de cuero y lona hechos a mano.\" \/>\n<meta name=\"robots\" content=\"index, follow, max-snippet:-1, max-image-preview:large, max-video-preview:-1\" \/>\n<link rel=\"canonical\" href=\"https:\/\/mx.melvillandmoon.com\/care-advice\/\" \/>\n<meta property=\"og:locale\" content=\"es_ES\" \/>\n<meta property=\"og:type\" content=\"article\" \/>\n<meta property=\"og:title\" content=\"Melvill and Moon | Product Care\" \/>\n<meta property=\"og:description\" content=\"Fabricamos y comercializamos una amplia gama de equipaje de safari de alta gama, muebles de campa\u00f1a y accesorios de safari de cuero y lona hechos a mano.\" \/>\n<meta property=\"og:url\" content=\"https:\/\/mx.melvillandmoon.com\/care-advice\/\" \/>\n<meta property=\"og:site_name\" content=\"Melvill and Moon Mexico\" \/>\n<meta name=\"twitter:card\" content=\"summary_large_image\" \/>\n<meta name=\"twitter:label1\" content=\"Tiempo de lectura\" \/>\n\t<meta name=\"twitter:data1\" content=\"10 minutos\" \/>\n<script type=\"application\/ld+json\" class=\"yoast-schema-graph\">{\"@context\":\"https:\\\/\\\/schema.org\",\"@graph\":[{\"@type\":\"WebPage\",\"@id\":\"https:\\\/\\\/mx.melvillandmoon.com\\\/care-advice\\\/\",\"url\":\"https:\\\/\\\/mx.melvillandmoon.com\\\/care-advice\\\/\",\"name\":\"Melvill and Moon | Product Care\",\"isPartOf\":{\"@id\":\"https:\\\/\\\/mx.melvillandmoon.com\\\/#website\"},\"datePublished\":\"2019-07-23T19:39:15+00:00\",\"description\":\"Fabricamos y comercializamos una amplia gama de equipaje de safari de alta gama, muebles de campa\u00f1a y accesorios de safari de cuero y lona hechos a mano.\",\"breadcrumb\":{\"@id\":\"https:\\\/\\\/mx.melvillandmoon.com\\\/care-advice\\\/#breadcrumb\"},\"inLanguage\":\"es\",\"potentialAction\":[{\"@type\":\"ReadAction\",\"target\":[\"https:\\\/\\\/mx.melvillandmoon.com\\\/care-advice\\\/\"]}]},{\"@type\":\"BreadcrumbList\",\"@id\":\"https:\\\/\\\/mx.melvillandmoon.com\\\/care-advice\\\/#breadcrumb\",\"itemListElement\":[{\"@type\":\"ListItem\",\"position\":1,\"name\":\"Home\",\"item\":\"https:\\\/\\\/mx.melvillandmoon.com\\\/es\\\/inicio\\\/\"},{\"@type\":\"ListItem\",\"position\":2,\"name\":\"CUIDADOS Y CONSEJOS\"}]},{\"@type\":\"WebSite\",\"@id\":\"https:\\\/\\\/mx.melvillandmoon.com\\\/#website\",\"url\":\"https:\\\/\\\/mx.melvillandmoon.com\\\/\",\"name\":\"Melvill and Moon Mexico\",\"description\":\"Seat Covers | Leather Luggage\",\"potentialAction\":[{\"@type\":\"SearchAction\",\"target\":{\"@type\":\"EntryPoint\",\"urlTemplate\":\"https:\\\/\\\/mx.melvillandmoon.com\\\/?s={search_term_string}\"},\"query-input\":{\"@type\":\"PropertyValueSpecification\",\"valueRequired\":true,\"valueName\":\"search_term_string\"}}],\"inLanguage\":\"es\"}]}<\/script>\n<!-- \/ Yoast SEO plugin. -->","yoast_head_json":{"title":"Melvill and Moon | Product Care","description":"Fabricamos y comercializamos una amplia gama de equipaje de safari de alta gama, muebles de campa\u00f1a y accesorios de safari de cuero y lona hechos a mano.","robots":{"index":"index","follow":"follow","max-snippet":"max-snippet:-1","max-image-preview":"max-image-preview:large","max-video-preview":"max-video-preview:-1"},"canonical":"https:\/\/mx.melvillandmoon.com\/care-advice\/","og_locale":"es_ES","og_type":"article","og_title":"Melvill and Moon | Product Care","og_description":"Fabricamos y comercializamos una amplia gama de equipaje de safari de alta gama, muebles de campa\u00f1a y accesorios de safari de cuero y lona hechos a mano.","og_url":"https:\/\/mx.melvillandmoon.com\/care-advice\/","og_site_name":"Melvill and Moon Mexico","twitter_card":"summary_large_image","twitter_misc":{"Tiempo de lectura":"10 minutos"},"schema":{"@context":"https:\/\/schema.org","@graph":[{"@type":"WebPage","@id":"https:\/\/mx.melvillandmoon.com\/care-advice\/","url":"https:\/\/mx.melvillandmoon.com\/care-advice\/","name":"Melvill and Moon | Product Care","isPartOf":{"@id":"https:\/\/mx.melvillandmoon.com\/#website"},"datePublished":"2019-07-23T19:39:15+00:00","description":"Fabricamos y comercializamos una amplia gama de equipaje de safari de alta gama, muebles de campa\u00f1a y accesorios de safari de cuero y lona hechos a mano.","breadcrumb":{"@id":"https:\/\/mx.melvillandmoon.com\/care-advice\/#breadcrumb"},"inLanguage":"es","potentialAction":[{"@type":"ReadAction","target":["https:\/\/mx.melvillandmoon.com\/care-advice\/"]}]},{"@type":"BreadcrumbList","@id":"https:\/\/mx.melvillandmoon.com\/care-advice\/#breadcrumb","itemListElement":[{"@type":"ListItem","position":1,"name":"Home","item":"https:\/\/mx.melvillandmoon.com\/es\/inicio\/"},{"@type":"ListItem","position":2,"name":"CUIDADOS Y CONSEJOS"}]},{"@type":"WebSite","@id":"https:\/\/mx.melvillandmoon.com\/#website","url":"https:\/\/mx.melvillandmoon.com\/","name":"Melvill and Moon Mexico","description":"Seat Covers | Leather Luggage","potentialAction":[{"@type":"SearchAction","target":{"@type":"EntryPoint","urlTemplate":"https:\/\/mx.melvillandmoon.com\/?s={search_term_string}"},"query-input":{"@type":"PropertyValueSpecification","valueRequired":true,"valueName":"search_term_string"}}],"inLanguage":"es"}]}},"_links":{"self":[{"href":"https:\/\/mx.melvillandmoon.com\/es\/wp-json\/wp\/v2\/pages\/205471","targetHints":{"allow":["GET"]}}],"collection":[{"href":"https:\/\/mx.melvillandmoon.com\/es\/wp-json\/wp\/v2\/pages"}],"about":[{"href":"https:\/\/mx.melvillandmoon.com\/es\/wp-json\/wp\/v2\/types\/page"}],"author":[{"embeddable":true,"href":"https:\/\/mx.melvillandmoon.com\/es\/wp-json\/wp\/v2\/users\/1"}],"replies":[{"embeddable":true,"href":"https:\/\/mx.melvillandmoon.com\/es\/wp-json\/wp\/v2\/comments?post=205471"}],"version-history":[{"count":0,"href":"https:\/\/mx.melvillandmoon.com\/es\/wp-json\/wp\/v2\/pages\/205471\/revisions"}],"wp:attachment":[{"href":"https:\/\/mx.melvillandmoon.com\/es\/wp-json\/wp\/v2\/media?parent=205471"}],"curies":[{"name":"wp","href":"https:\/\/api.w.org\/{rel}","templated":true}]}}