{"id":205472,"date":"2019-07-23T21:38:07","date_gmt":"2019-07-23T19:38:07","guid":{"rendered":"https:\/\/mx.melvillandmoon.com\/preguntas-frecuentes\/"},"modified":"2019-07-23T21:38:07","modified_gmt":"2019-07-23T19:38:07","slug":"preguntas-frecuentes","status":"publish","type":"page","link":"https:\/\/mx.melvillandmoon.com\/es\/preguntas-frecuentes\/","title":{"rendered":"PREGUNTAS FRECUENTES"},"content":{"rendered":"<div class=\"fusion-fullwidth fullwidth-box fusion-builder-row-1 fusion-flex-container nonhundred-percent-fullwidth non-hundred-percent-height-scrolling\" style=\"--awb-border-radius-top-left:0px;--awb-border-radius-top-right:0px;--awb-border-radius-bottom-right:0px;--awb-border-radius-bottom-left:0px;--awb-flex-wrap:wrap;\" ><div class=\"fusion-builder-row fusion-row fusion-flex-align-items-flex-start fusion-flex-content-wrap\" style=\"max-width:calc( 1100px + 0px );margin-left: calc(-0px \/ 2 );margin-right: calc(-0px \/ 2 );\"><div class=\"fusion-layout-column fusion_builder_column fusion-builder-column-0 fusion_builder_column_1_1 1_1 fusion-flex-column\" style=\"--awb-bg-size:cover;--awb-width-large:100%;--awb-margin-top-large:0px;--awb-spacing-right-large:0px;--awb-margin-bottom-large:20px;--awb-spacing-left-large:0px;--awb-width-medium:100%;--awb-spacing-right-medium:0px;--awb-spacing-left-medium:0px;--awb-width-small:100%;--awb-spacing-right-small:0px;--awb-spacing-left-small:0px;\"><div class=\"fusion-column-wrapper fusion-column-has-shadow fusion-flex-justify-content-flex-start fusion-content-layout-column\"><div class=\"fusion-text fusion-text-1\"><h2>PREGUNTAS FRECUENTES<\/h2>\n<\/div><div class=\"fusion-text fusion-text-2\"><p><strong>\u00bfCu\u00e1nto tiempo tarda una entrega, normalmente?<\/strong><\/p>\n<p>Se calculan 2-3 d\u00edas de entrega, a cualquier centro principal en RSA.<\/p>\n<p>Tenga en cuenta que los cubreasientos se fabrican bajo pedido; calcule 7-10 d\u00edas h\u00e1biles para la manufactura \u2013 a menos que sea uno de nuestros art\u00edculos en existencia, en cuyo caso puede esperar una entrega de 2-3 d\u00edas, a cualquier centro principal en RSA.<\/p>\n<p>Para los pedidos de muebles, calcule 6-8 semanas, ya que generalmente tenemos que fabricar sus art\u00edculos a la medida, dependiendo de sus requisitos personalizados.<\/p>\n<p>Si tiene alguna pregunta, cont\u00e1ctenos al 041 484 6631, y hable con Sam Rothwell, o env\u00edele un correo a <a href=\"mailto:orders@melvillanmoon.com\">orders@melvillanmoon.com <\/a><\/p>\n<p><strong>\u00bfD\u00f3nde puedo obtener instrucciones para colocar los cubreasientos?<\/strong><\/p>\n<p>&#8211; Abra la bolsa de lona y coloque las partes donde se van a poner. Tenga en cuenta que en el interior de cada pieza encontrar\u00e1 una descripci\u00f3n breve de d\u00f3nde debe colocarse esa parte de la cubierta. <br \/> Tenga en cuenta que en el interior de cada pieza encontrar\u00e1 una descripci\u00f3n breve de d\u00f3nde debe colocarse esa parte de la cubierta.<\/p>\n<p>&#8211; Quite los apoyacabezas delanteros y traseros y los asientos plegables, cuando sea necesario. <br \/> Empezando con los respaldos de los asientos delanteros, deslice la cubierta, con las peque\u00f1as \u201cbolsas laterales para celulares\u201d viendo hacia adentro y hacia el centro del veh\u00edculo.<\/p>\n<p>&#8211; Meta la leng\u00fceta del cubreasientos con Velcro \u2018suave\u2019 por el espacio en el que se juntan el respaldo y la base del asiento<\/p>\n<p>&#8211; Desde la parte de atr\u00e1s del respaldo del asiento delantero, jale con fuerza la leng\u00fceta que acaba de meter, para asegurar un ajuste perfecto, y pegue el Velcro \u2018suave\u2019 al Velcro \u2018gancho\u2019 \u2013 recuerde, entre m\u00e1s ajustado quede, mejor se ver\u00e1 y se sentir\u00e1.<\/p>\n<p>&#8211; Desde las bases delanteras, deslice el cubreasiento sobre el asiento correspondiente, jale las correas hacia la parte trasera del asiento. Pasando de nuevo a la parte de atr\u00e1s del veh\u00edculo, pase la correa a trav\u00e9s del anillo en D y jale fuertemente \u2013 hay muy poco riesgo de que nuestros anillos en D se rompan, ya que cumplen con especificaciones militares\/industriales y pueden soportar el peso. Para la colocaci\u00f3n en el asiento del conductor y del copiloto siga exactamente el mismo proceso \u2013 en algunos asientos del conductor, habr\u00e1 controles de asiento del lado del asiento que da a la puerta, solucionamos esto con cortes en las fundas que har\u00e1n que estos controles sean f\u00e1cilmente accesibles.  <\/p>\n<p>&#8211; Para veh\u00edculos con descansabrazos en los asientos delanteros \u2013 levante el descansabrazos hasta un \u00e1ngulo de 45 grados y deslice la funda, asegur\u00e1ndose de que el descansabrazos salga a trav\u00e9s del corte que est\u00e1 al lado del cubreasientos.<\/p>\n<p>&#8211; La colocaci\u00f3n en un asiento corrido en la parte trasera, es igual a la colocaci\u00f3n en los respaldos de los asientos delanteros; deslice la funda, meta la leng\u00fceta y junte el Velcro asegur\u00e1ndose de que el ajuste sea perfecto, aseg\u00farese de que una vez que se cierre el Velcro, quede liso.<\/p>\n<p>&#8211; En la cubierta del respaldo hemos previsto que haya descansabrazos, con una abertura o, para algunos veh\u00edculos, una pieza de lona empotrada que se mete en la cavidad del descansabrazos, cuando \u00e9ste est\u00e1 colocado hacia abajo. Si hay alg\u00fan descansabrazos en el asiento trasero, deslice la cubierta sobre el descansabrazos y fije el Velcro, seg\u00fan se necesite, por la parte de atr\u00e1s. Coloque la funda del descansabrazos hasta el final.  <\/p>\n<p>&#8211; Los asientos traseros separados se forran en forma muy parecida a los asientos frontales. Cuando se coloca en alguna de las bases, es mejor no apretar los \u201canillos en D\u201d, sino dejarlos flojos, despu\u00e9s ajustar la cubierta del asiento base para que su posici\u00f3n sea perfecta, y luego ajustar los \u201canillos en D\u201d seg\u00fan sea necesario. Si los \u201canillos en D\u201d se deslizan, esto quiere decir que los ha ensartado en forma incorrecta, entonces debe darles la vuelta y ensartarlos desde la direcci\u00f3n opuesta. Aseg\u00farese siempre de que todas las piezas queden lo m\u00e1s ajustadas y apretadas posible, cualquier arruga que quede provocar\u00e1 marcas de uso. Antes de la colocaci\u00f3n, qu\u00edtese siempre cualquier joya, como anillos o relojes.     <\/p>\n<p>&#8211; Tenga cuidado siempre con la grasa que puede haber en los postes de los apoyacabezas, as\u00ed como en los rieles debajo de los asientos.<\/p>\n<p><strong>\u00bfC\u00f3mo lavo mis cubreasientos?<\/strong><\/p>\n<p>Instrucciones de Lavado<\/p>\n<p>Melvill &amp; Moon seat covers are made from 100% natural cotton canvas and should only be washed in the old fashioned way.<br \/>\u00b7 Remojar durante la noche con detergente sin blanqueador<br \/>\u00b7 Lavar a mano en una bandeja plana<br \/>\u00b7 Enjuagar muy bien el jab\u00f3n<br \/>\u00b7 Dejar secar por el rev\u00e9s en el tendedero<br \/>\u00b7 Planchar mientras a\u00fan est\u00e1 ligeramente h\u00famedo<br \/>\u00b7 NO lavar en lavadora<br \/>\u00b7 NUNCA centrifugar o secar en secadora<br \/>\u00b7 Utilizar S\u00d3LO agua fr\u00eda, NUNCA CALIENTE<br \/>\u00b7 SIN BLANQUEADOR<br \/>\u00b7 NO TALLAR<\/p>\n<\/div><\/div><\/div><\/div><\/div>\n","protected":false},"excerpt":{"rendered":"","protected":false},"author":1,"featured_media":0,"parent":0,"menu_order":0,"comment_status":"closed","ping_status":"closed","template":"","meta":{"footnotes":""},"class_list":["post-205472","page","type-page","status-publish","hentry"],"yoast_head":"<!-- This site is optimized with the Yoast SEO plugin v27.3 - https:\/\/yoast.com\/product\/yoast-seo-wordpress\/ -->\n<title>Melvill and Moon | PREGUNTAS FRECUENTES<\/title>\n<meta name=\"description\" content=\"Fabricamos y comercializamos una amplia gama de equipaje de safari de alta gama, muebles de campa\u00f1a y accesorios de safari de cuero y lona hechos a mano.\" \/>\n<meta name=\"robots\" content=\"index, follow, max-snippet:-1, max-image-preview:large, max-video-preview:-1\" \/>\n<link rel=\"canonical\" href=\"https:\/\/mx.melvillandmoon.com\/frequently-asked-questions\/\" \/>\n<meta property=\"og:locale\" content=\"es_ES\" \/>\n<meta property=\"og:type\" content=\"article\" \/>\n<meta property=\"og:title\" content=\"Melvill and Moon | PREGUNTAS FRECUENTES\" \/>\n<meta property=\"og:description\" content=\"Fabricamos y comercializamos una amplia gama de equipaje de safari de alta gama, muebles de campa\u00f1a y accesorios de safari de cuero y lona hechos a mano.\" \/>\n<meta property=\"og:url\" content=\"https:\/\/mx.melvillandmoon.com\/frequently-asked-questions\/\" \/>\n<meta property=\"og:site_name\" content=\"Melvill and Moon Mexico\" \/>\n<meta name=\"twitter:card\" content=\"summary_large_image\" \/>\n<meta name=\"twitter:label1\" content=\"Tiempo de lectura\" \/>\n\t<meta name=\"twitter:data1\" content=\"5 minutos\" \/>\n<script type=\"application\/ld+json\" class=\"yoast-schema-graph\">{\"@context\":\"https:\\\/\\\/schema.org\",\"@graph\":[{\"@type\":\"WebPage\",\"@id\":\"https:\\\/\\\/mx.melvillandmoon.com\\\/frequently-asked-questions\\\/\",\"url\":\"https:\\\/\\\/mx.melvillandmoon.com\\\/frequently-asked-questions\\\/\",\"name\":\"Melvill and Moon | PREGUNTAS FRECUENTES\",\"isPartOf\":{\"@id\":\"https:\\\/\\\/mx.melvillandmoon.com\\\/#website\"},\"datePublished\":\"2019-07-23T19:38:07+00:00\",\"description\":\"Fabricamos y comercializamos una amplia gama de equipaje de safari de alta gama, muebles de campa\u00f1a y accesorios de safari de cuero y lona hechos a mano.\",\"breadcrumb\":{\"@id\":\"https:\\\/\\\/mx.melvillandmoon.com\\\/frequently-asked-questions\\\/#breadcrumb\"},\"inLanguage\":\"es\",\"potentialAction\":[{\"@type\":\"ReadAction\",\"target\":[\"https:\\\/\\\/mx.melvillandmoon.com\\\/frequently-asked-questions\\\/\"]}]},{\"@type\":\"BreadcrumbList\",\"@id\":\"https:\\\/\\\/mx.melvillandmoon.com\\\/frequently-asked-questions\\\/#breadcrumb\",\"itemListElement\":[{\"@type\":\"ListItem\",\"position\":1,\"name\":\"Home\",\"item\":\"https:\\\/\\\/mx.melvillandmoon.com\\\/es\\\/inicio\\\/\"},{\"@type\":\"ListItem\",\"position\":2,\"name\":\"PREGUNTAS FRECUENTES\"}]},{\"@type\":\"WebSite\",\"@id\":\"https:\\\/\\\/mx.melvillandmoon.com\\\/#website\",\"url\":\"https:\\\/\\\/mx.melvillandmoon.com\\\/\",\"name\":\"Melvill and Moon Mexico\",\"description\":\"Seat Covers | Leather Luggage\",\"potentialAction\":[{\"@type\":\"SearchAction\",\"target\":{\"@type\":\"EntryPoint\",\"urlTemplate\":\"https:\\\/\\\/mx.melvillandmoon.com\\\/?s={search_term_string}\"},\"query-input\":{\"@type\":\"PropertyValueSpecification\",\"valueRequired\":true,\"valueName\":\"search_term_string\"}}],\"inLanguage\":\"es\"}]}<\/script>\n<!-- \/ Yoast SEO plugin. -->","yoast_head_json":{"title":"Melvill and Moon | PREGUNTAS FRECUENTES","description":"Fabricamos y comercializamos una amplia gama de equipaje de safari de alta gama, muebles de campa\u00f1a y accesorios de safari de cuero y lona hechos a mano.","robots":{"index":"index","follow":"follow","max-snippet":"max-snippet:-1","max-image-preview":"max-image-preview:large","max-video-preview":"max-video-preview:-1"},"canonical":"https:\/\/mx.melvillandmoon.com\/frequently-asked-questions\/","og_locale":"es_ES","og_type":"article","og_title":"Melvill and Moon | PREGUNTAS FRECUENTES","og_description":"Fabricamos y comercializamos una amplia gama de equipaje de safari de alta gama, muebles de campa\u00f1a y accesorios de safari de cuero y lona hechos a mano.","og_url":"https:\/\/mx.melvillandmoon.com\/frequently-asked-questions\/","og_site_name":"Melvill and Moon Mexico","twitter_card":"summary_large_image","twitter_misc":{"Tiempo de lectura":"5 minutos"},"schema":{"@context":"https:\/\/schema.org","@graph":[{"@type":"WebPage","@id":"https:\/\/mx.melvillandmoon.com\/frequently-asked-questions\/","url":"https:\/\/mx.melvillandmoon.com\/frequently-asked-questions\/","name":"Melvill and Moon | PREGUNTAS FRECUENTES","isPartOf":{"@id":"https:\/\/mx.melvillandmoon.com\/#website"},"datePublished":"2019-07-23T19:38:07+00:00","description":"Fabricamos y comercializamos una amplia gama de equipaje de safari de alta gama, muebles de campa\u00f1a y accesorios de safari de cuero y lona hechos a mano.","breadcrumb":{"@id":"https:\/\/mx.melvillandmoon.com\/frequently-asked-questions\/#breadcrumb"},"inLanguage":"es","potentialAction":[{"@type":"ReadAction","target":["https:\/\/mx.melvillandmoon.com\/frequently-asked-questions\/"]}]},{"@type":"BreadcrumbList","@id":"https:\/\/mx.melvillandmoon.com\/frequently-asked-questions\/#breadcrumb","itemListElement":[{"@type":"ListItem","position":1,"name":"Home","item":"https:\/\/mx.melvillandmoon.com\/es\/inicio\/"},{"@type":"ListItem","position":2,"name":"PREGUNTAS FRECUENTES"}]},{"@type":"WebSite","@id":"https:\/\/mx.melvillandmoon.com\/#website","url":"https:\/\/mx.melvillandmoon.com\/","name":"Melvill and Moon Mexico","description":"Seat Covers | Leather Luggage","potentialAction":[{"@type":"SearchAction","target":{"@type":"EntryPoint","urlTemplate":"https:\/\/mx.melvillandmoon.com\/?s={search_term_string}"},"query-input":{"@type":"PropertyValueSpecification","valueRequired":true,"valueName":"search_term_string"}}],"inLanguage":"es"}]}},"_links":{"self":[{"href":"https:\/\/mx.melvillandmoon.com\/es\/wp-json\/wp\/v2\/pages\/205472","targetHints":{"allow":["GET"]}}],"collection":[{"href":"https:\/\/mx.melvillandmoon.com\/es\/wp-json\/wp\/v2\/pages"}],"about":[{"href":"https:\/\/mx.melvillandmoon.com\/es\/wp-json\/wp\/v2\/types\/page"}],"author":[{"embeddable":true,"href":"https:\/\/mx.melvillandmoon.com\/es\/wp-json\/wp\/v2\/users\/1"}],"replies":[{"embeddable":true,"href":"https:\/\/mx.melvillandmoon.com\/es\/wp-json\/wp\/v2\/comments?post=205472"}],"version-history":[{"count":0,"href":"https:\/\/mx.melvillandmoon.com\/es\/wp-json\/wp\/v2\/pages\/205472\/revisions"}],"wp:attachment":[{"href":"https:\/\/mx.melvillandmoon.com\/es\/wp-json\/wp\/v2\/media?parent=205472"}],"curies":[{"name":"wp","href":"https:\/\/api.w.org\/{rel}","templated":true}]}}