{"id":205527,"date":"2019-05-24T14:17:24","date_gmt":"2019-05-24T12:17:24","guid":{"rendered":"https:\/\/mx.melvillandmoon.com\/product\/bladsak\/"},"modified":"2019-05-24T14:17:24","modified_gmt":"2019-05-24T12:17:24","slug":"bladsak","status":"publish","type":"product","link":"https:\/\/mx.melvillandmoon.com\/es\/producto\/bladsak\/","title":{"rendered":"Bladsak"},"content":{"rendered":"<h3><strong>En el campo<\/strong><\/h3>\n<p><img decoding=\"async\" class=\"lazyload alignnone wp-image-27507 size-full\" src=\"https:\/\/melvillandmoon.com\/wp-content\/uploads\/2019\/05\/Story-Bladsak.jpg\" data-orig-src=\"https:\/\/melvillandmoon.com\/wp-content\/uploads\/2019\/05\/Story-Bladsak.jpg\" alt=\"\" width=\"571\" height=\"182\" srcset=\"data:image\/svg+xml,%3Csvg%20xmlns%3D%27http%3A%2F%2Fwww.w3.org%2F2000%2Fsvg%27%20width%3D%27571%27%20height%3D%27182%27%20viewBox%3D%270%200%20571%20182%27%3E%3Crect%20width%3D%27571%27%20height%3D%27182%27%20fill-opacity%3D%220%22%2F%3E%3C%2Fsvg%3E\" data-srcset=\"https:\/\/mx.melvillandmoon.com\/wp-content\/uploads\/sites\/5\/2019\/05\/Story-Bladsak-200x64.jpg 200w, https:\/\/mx.melvillandmoon.com\/wp-content\/uploads\/sites\/5\/2019\/05\/Story-Bladsak-300x96.jpg 300w, https:\/\/mx.melvillandmoon.com\/wp-content\/uploads\/sites\/5\/2019\/05\/Story-Bladsak-400x127.jpg 400w, https:\/\/mx.melvillandmoon.com\/wp-content\/uploads\/sites\/5\/2019\/05\/Story-Bladsak-500x159.jpg 500w, https:\/\/mx.melvillandmoon.com\/wp-content\/uploads\/sites\/5\/2019\/05\/Story-Bladsak.jpg 571w\" data-sizes=\"auto\" data-orig-sizes=\"(max-width: 571px) 100vw, 571px\" \/><\/p>\n<p>\u2018Blad\u2019 es Afrikaans para tu caja tor\u00e1cica. \u2018Sak\u2019 es bolsa. La bolsa se lleva tradicionalmente sobre el hombro y se cuelga por encima de la l\u00ednea del cintur\u00f3n, bajo el brazo. La regi\u00f3n semi\u00e1rida del Karoo en Sud\u00e1frica es hogar de muchas granjas legendarias de ovejas. Debido a la baja capacidad de carga, ninguna de estas granjas es peque\u00f1a; 10,000 hect\u00e1reas o m\u00e1s no es raro. Un d\u00eda en la granja significa literalmente eso, no se vuelve a casa para el almuerzo. Aqu\u00ed es donde comenz\u00f3 la tradici\u00f3n del \u2018bladsak\u2019 (bolsa de hombro) de los granjeros del Karoo. Una bolsa de d\u00eda lo suficientemente grande para llevar todos los esenciales personales para el d\u00eda, siendo el almuerzo el m\u00e1s importante. La familia Herold es conocida en Grasff-Reinet (Karoo). Nuestro primer modelo de Bladsack nos lo prest\u00f3 David Herold, quien lo hab\u00eda confeccionado con cintas mientras estaba con las fuerzas sudafricanas en Italia durante la Segunda Guerra Mundial. Lamentablemente, ese original resistente se perdi\u00f3 en un incendio en la granja. La bolsa representada es nuestra copia original, ahora en su tercera d\u00e9cada de servicio en esa misma granja del Karoo.  <\/p>\n","protected":false},"excerpt":{"rendered":"<p>Acomoda todo tipo de \u00fatiles diarios, desde una billetera hasta un cuaderno de trabajo, una llave inglesa hasta un tel\u00e9fono m\u00f3vil. Tan adecuado en la granja como en la oficina. <\/p>\n","protected":false},"featured_media":203072,"template":"","meta":[],"product_brand":[],"product_cat":[3771,3766],"product_tag":[3783],"class_list":{"0":"post-205527","1":"product","2":"type-product","3":"status-publish","4":"has-post-thumbnail","6":"product_cat-bolsas-de-dia","7":"product_cat-equipaje-y-bolsas","8":"product_tag-historia","9":"product_shipping_class-envio-gratis","10":"pa_material-algodon-encerado","11":"pa_material-arena","12":"pa_material-cuero","13":"pa_material-militar","14":"pa_material-negro","16":"first","17":"instock","18":"taxable","19":"shipping-taxable","20":"purchasable","21":"product-type-variable","22":"has-default-attributes"},"yoast_head":"<!-- This site is optimized with the Yoast SEO plugin v27.3 - https:\/\/yoast.com\/product\/yoast-seo-wordpress\/ -->\n<title>Bladsak - Melvill and Moon Mexico<\/title>\n<meta name=\"robots\" content=\"index, follow, max-snippet:-1, max-image-preview:large, max-video-preview:-1\" \/>\n<link rel=\"canonical\" href=\"https:\/\/mx.melvillandmoon.com\/product\/bladsak\/\" \/>\n<meta property=\"og:locale\" content=\"es_ES\" \/>\n<meta property=\"og:type\" content=\"article\" \/>\n<meta property=\"og:title\" content=\"Bladsak - Melvill and Moon Mexico\" \/>\n<meta property=\"og:description\" content=\"Acomoda todo tipo de \u00fatiles diarios, desde una billetera hasta un cuaderno de trabajo, una llave inglesa hasta un tel\u00e9fono m\u00f3vil. Tan adecuado en la granja como en la oficina.\" \/>\n<meta property=\"og:url\" content=\"https:\/\/mx.melvillandmoon.com\/product\/bladsak\/\" \/>\n<meta property=\"og:site_name\" content=\"Melvill and Moon Mexico\" \/>\n<meta property=\"og:image\" content=\"https:\/\/melvillandmoon.com\/wp-content\/uploads\/2019\/05\/Story-Bladsak.jpg\" \/>\n<meta name=\"twitter:card\" content=\"summary_large_image\" \/>\n<meta name=\"twitter:label1\" content=\"Tiempo de lectura\" \/>\n\t<meta name=\"twitter:data1\" content=\"1 minuto\" \/>\n<script type=\"application\/ld+json\" class=\"yoast-schema-graph\">{\"@context\":\"https:\\\/\\\/schema.org\",\"@graph\":[{\"@type\":\"WebPage\",\"@id\":\"https:\\\/\\\/mx.melvillandmoon.com\\\/product\\\/bladsak\\\/\",\"url\":\"https:\\\/\\\/mx.melvillandmoon.com\\\/product\\\/bladsak\\\/\",\"name\":\"Bladsak - Melvill and Moon Mexico\",\"isPartOf\":{\"@id\":\"https:\\\/\\\/mx.melvillandmoon.com\\\/#website\"},\"primaryImageOfPage\":{\"@id\":\"https:\\\/\\\/mx.melvillandmoon.com\\\/product\\\/bladsak\\\/#primaryimage\"},\"image\":{\"@id\":\"https:\\\/\\\/mx.melvillandmoon.com\\\/product\\\/bladsak\\\/#primaryimage\"},\"thumbnailUrl\":\"https:\\\/\\\/mx.melvillandmoon.com\\\/wp-content\\\/uploads\\\/sites\\\/5\\\/2022\\\/11\\\/Bladsak-Leather-2BSL-2.jpg\",\"datePublished\":\"2019-05-24T12:17:24+00:00\",\"breadcrumb\":{\"@id\":\"https:\\\/\\\/mx.melvillandmoon.com\\\/product\\\/bladsak\\\/#breadcrumb\"},\"inLanguage\":\"es\",\"potentialAction\":[{\"@type\":\"ReadAction\",\"target\":[\"https:\\\/\\\/mx.melvillandmoon.com\\\/product\\\/bladsak\\\/\"]}]},{\"@type\":\"ImageObject\",\"inLanguage\":\"es\",\"@id\":\"https:\\\/\\\/mx.melvillandmoon.com\\\/product\\\/bladsak\\\/#primaryimage\",\"url\":\"https:\\\/\\\/mx.melvillandmoon.com\\\/wp-content\\\/uploads\\\/sites\\\/5\\\/2022\\\/11\\\/Bladsak-Leather-2BSL-2.jpg\",\"contentUrl\":\"https:\\\/\\\/mx.melvillandmoon.com\\\/wp-content\\\/uploads\\\/sites\\\/5\\\/2022\\\/11\\\/Bladsak-Leather-2BSL-2.jpg\",\"width\":800,\"height\":800},{\"@type\":\"BreadcrumbList\",\"@id\":\"https:\\\/\\\/mx.melvillandmoon.com\\\/product\\\/bladsak\\\/#breadcrumb\",\"itemListElement\":[{\"@type\":\"ListItem\",\"position\":1,\"name\":\"Home\",\"item\":\"https:\\\/\\\/mx.melvillandmoon.com\\\/es\\\/inicio\\\/\"},{\"@type\":\"ListItem\",\"position\":2,\"name\":\"Shop\",\"item\":\"https:\\\/\\\/mx.melvillandmoon.com\\\/shop\\\/\"},{\"@type\":\"ListItem\",\"position\":3,\"name\":\"Bladsak\"}]},{\"@type\":\"WebSite\",\"@id\":\"https:\\\/\\\/mx.melvillandmoon.com\\\/#website\",\"url\":\"https:\\\/\\\/mx.melvillandmoon.com\\\/\",\"name\":\"Melvill and Moon Mexico\",\"description\":\"Seat Covers | Leather Luggage\",\"potentialAction\":[{\"@type\":\"SearchAction\",\"target\":{\"@type\":\"EntryPoint\",\"urlTemplate\":\"https:\\\/\\\/mx.melvillandmoon.com\\\/?s={search_term_string}\"},\"query-input\":{\"@type\":\"PropertyValueSpecification\",\"valueRequired\":true,\"valueName\":\"search_term_string\"}}],\"inLanguage\":\"es\"}]}<\/script>\n<!-- \/ Yoast SEO plugin. -->","yoast_head_json":{"title":"Bladsak - Melvill and Moon Mexico","robots":{"index":"index","follow":"follow","max-snippet":"max-snippet:-1","max-image-preview":"max-image-preview:large","max-video-preview":"max-video-preview:-1"},"canonical":"https:\/\/mx.melvillandmoon.com\/product\/bladsak\/","og_locale":"es_ES","og_type":"article","og_title":"Bladsak - Melvill and Moon Mexico","og_description":"Acomoda todo tipo de \u00fatiles diarios, desde una billetera hasta un cuaderno de trabajo, una llave inglesa hasta un tel\u00e9fono m\u00f3vil. Tan adecuado en la granja como en la oficina.","og_url":"https:\/\/mx.melvillandmoon.com\/product\/bladsak\/","og_site_name":"Melvill and Moon Mexico","og_image":[{"url":"https:\/\/melvillandmoon.com\/wp-content\/uploads\/2019\/05\/Story-Bladsak.jpg","type":"","width":"","height":""}],"twitter_card":"summary_large_image","twitter_misc":{"Tiempo de lectura":"1 minuto"},"schema":{"@context":"https:\/\/schema.org","@graph":[{"@type":"WebPage","@id":"https:\/\/mx.melvillandmoon.com\/product\/bladsak\/","url":"https:\/\/mx.melvillandmoon.com\/product\/bladsak\/","name":"Bladsak - Melvill and Moon Mexico","isPartOf":{"@id":"https:\/\/mx.melvillandmoon.com\/#website"},"primaryImageOfPage":{"@id":"https:\/\/mx.melvillandmoon.com\/product\/bladsak\/#primaryimage"},"image":{"@id":"https:\/\/mx.melvillandmoon.com\/product\/bladsak\/#primaryimage"},"thumbnailUrl":"https:\/\/mx.melvillandmoon.com\/wp-content\/uploads\/sites\/5\/2022\/11\/Bladsak-Leather-2BSL-2.jpg","datePublished":"2019-05-24T12:17:24+00:00","breadcrumb":{"@id":"https:\/\/mx.melvillandmoon.com\/product\/bladsak\/#breadcrumb"},"inLanguage":"es","potentialAction":[{"@type":"ReadAction","target":["https:\/\/mx.melvillandmoon.com\/product\/bladsak\/"]}]},{"@type":"ImageObject","inLanguage":"es","@id":"https:\/\/mx.melvillandmoon.com\/product\/bladsak\/#primaryimage","url":"https:\/\/mx.melvillandmoon.com\/wp-content\/uploads\/sites\/5\/2022\/11\/Bladsak-Leather-2BSL-2.jpg","contentUrl":"https:\/\/mx.melvillandmoon.com\/wp-content\/uploads\/sites\/5\/2022\/11\/Bladsak-Leather-2BSL-2.jpg","width":800,"height":800},{"@type":"BreadcrumbList","@id":"https:\/\/mx.melvillandmoon.com\/product\/bladsak\/#breadcrumb","itemListElement":[{"@type":"ListItem","position":1,"name":"Home","item":"https:\/\/mx.melvillandmoon.com\/es\/inicio\/"},{"@type":"ListItem","position":2,"name":"Shop","item":"https:\/\/mx.melvillandmoon.com\/shop\/"},{"@type":"ListItem","position":3,"name":"Bladsak"}]},{"@type":"WebSite","@id":"https:\/\/mx.melvillandmoon.com\/#website","url":"https:\/\/mx.melvillandmoon.com\/","name":"Melvill and Moon Mexico","description":"Seat Covers | Leather Luggage","potentialAction":[{"@type":"SearchAction","target":{"@type":"EntryPoint","urlTemplate":"https:\/\/mx.melvillandmoon.com\/?s={search_term_string}"},"query-input":{"@type":"PropertyValueSpecification","valueRequired":true,"valueName":"search_term_string"}}],"inLanguage":"es"}]}},"_links":{"self":[{"href":"https:\/\/mx.melvillandmoon.com\/es\/wp-json\/wp\/v2\/product\/205527","targetHints":{"allow":["GET"]}}],"collection":[{"href":"https:\/\/mx.melvillandmoon.com\/es\/wp-json\/wp\/v2\/product"}],"about":[{"href":"https:\/\/mx.melvillandmoon.com\/es\/wp-json\/wp\/v2\/types\/product"}],"wp:featuredmedia":[{"embeddable":true,"href":"https:\/\/mx.melvillandmoon.com\/es\/wp-json\/wp\/v2\/media\/203072"}],"wp:attachment":[{"href":"https:\/\/mx.melvillandmoon.com\/es\/wp-json\/wp\/v2\/media?parent=205527"}],"wp:term":[{"taxonomy":"product_brand","embeddable":true,"href":"https:\/\/mx.melvillandmoon.com\/es\/wp-json\/wp\/v2\/product_brand?post=205527"},{"taxonomy":"product_cat","embeddable":true,"href":"https:\/\/mx.melvillandmoon.com\/es\/wp-json\/wp\/v2\/product_cat?post=205527"},{"taxonomy":"product_tag","embeddable":true,"href":"https:\/\/mx.melvillandmoon.com\/es\/wp-json\/wp\/v2\/product_tag?post=205527"}],"curies":[{"name":"wp","href":"https:\/\/api.w.org\/{rel}","templated":true}]}}