{"id":205541,"date":"2023-11-20T18:48:20","date_gmt":"2023-11-20T16:48:20","guid":{"rendered":"https:\/\/mx.melvillandmoon.com\/product\/una-bolsa-dentro-de-otra-bolsa\/"},"modified":"2023-11-20T18:48:20","modified_gmt":"2023-11-20T16:48:20","slug":"una-bolsa-dentro-de-otra-bolsa","status":"publish","type":"product","link":"https:\/\/mx.melvillandmoon.com\/es\/producto\/una-bolsa-dentro-de-otra-bolsa\/","title":{"rendered":"Una bolsa dentro de otra bolsa"},"content":{"rendered":"","protected":false},"excerpt":{"rendered":"<p>Para viajeros dentro o fuera de \u00c1frica. Un equipaje de mano que se enrolla en una bolsa lo suficientemente peque\u00f1a como para caber en una maleta. Una bolsa \u00fatil para el d\u00eda a d\u00eda en tu destino.<\/p>\n<p><strong>DIMENSIONES:<\/strong><br \/>\nBolsa interior: Largo 63cm | Ancho 32cm | Alto 30cm | Peso 0,8kg<br \/>\nEn bolsa de transporte: Longitud 35cm | Di\u00e1metro 17cm | Peso 0,8kg<\/p>\n","protected":false},"featured_media":203696,"template":"","meta":[],"product_brand":[],"product_cat":[3759,3771,3776,3766,3761],"product_tag":[],"class_list":{"0":"post-205541","1":"product","2":"type-product","3":"status-publish","4":"has-post-thumbnail","6":"product_cat-accesorios-es","7":"product_cat-bolsas-de-dia","8":"product_cat-bolsas-de-fin-de-semana","9":"product_cat-equipaje-y-bolsas","10":"product_cat-otros","11":"product_shipping_class-envio-gratis","13":"first","14":"instock","15":"taxable","16":"shipping-taxable","17":"purchasable","18":"product-type-simple"},"yoast_head":"<!-- This site is optimized with the Yoast SEO plugin v27.3 - https:\/\/yoast.com\/product\/yoast-seo-wordpress\/ -->\n<title>Una bolsa dentro de otra bolsa - Melvill and Moon Mexico<\/title>\n<meta name=\"robots\" content=\"index, follow, max-snippet:-1, max-image-preview:large, max-video-preview:-1\" \/>\n<link rel=\"canonical\" href=\"https:\/\/mx.melvillandmoon.com\/es\/producto\/una-bolsa-dentro-de-otra-bolsa\/\" \/>\n<meta property=\"og:locale\" content=\"es_ES\" \/>\n<meta property=\"og:type\" content=\"article\" \/>\n<meta property=\"og:title\" content=\"Una bolsa dentro de otra bolsa - Melvill and Moon Mexico\" \/>\n<meta property=\"og:description\" content=\"Para viajeros dentro o fuera de \u00c1frica. Un equipaje de mano que se enrolla en una bolsa lo suficientemente peque\u00f1a como para caber en una maleta. Una bolsa \u00fatil para el d\u00eda a d\u00eda en tu destino. DIMENSIONES: Bolsa interior: Largo 63cm | Ancho 32cm | Alto 30cm | Peso 0,8kg En bolsa de transporte: Longitud 35cm | Di\u00e1metro 17cm | Peso 0,8kg\" \/>\n<meta property=\"og:url\" content=\"https:\/\/mx.melvillandmoon.com\/es\/producto\/una-bolsa-dentro-de-otra-bolsa\/\" \/>\n<meta property=\"og:site_name\" content=\"Melvill and Moon Mexico\" \/>\n<meta name=\"twitter:card\" content=\"summary_large_image\" \/>\n<script type=\"application\/ld+json\" class=\"yoast-schema-graph\">{\"@context\":\"https:\\\/\\\/schema.org\",\"@graph\":[{\"@type\":\"WebPage\",\"@id\":\"https:\\\/\\\/mx.melvillandmoon.com\\\/es\\\/producto\\\/una-bolsa-dentro-de-otra-bolsa\\\/\",\"url\":\"https:\\\/\\\/mx.melvillandmoon.com\\\/es\\\/producto\\\/una-bolsa-dentro-de-otra-bolsa\\\/\",\"name\":\"Una bolsa dentro de otra bolsa - Melvill and Moon Mexico\",\"isPartOf\":{\"@id\":\"https:\\\/\\\/mx.melvillandmoon.com\\\/#website\"},\"primaryImageOfPage\":{\"@id\":\"https:\\\/\\\/mx.melvillandmoon.com\\\/es\\\/producto\\\/una-bolsa-dentro-de-otra-bolsa\\\/#primaryimage\"},\"image\":{\"@id\":\"https:\\\/\\\/mx.melvillandmoon.com\\\/es\\\/producto\\\/una-bolsa-dentro-de-otra-bolsa\\\/#primaryimage\"},\"thumbnailUrl\":\"https:\\\/\\\/mx.melvillandmoon.com\\\/wp-content\\\/uploads\\\/sites\\\/5\\\/2023\\\/11\\\/MR_BWB_Bag-Within-a-Bag_Olive-Green_1.jpg\",\"datePublished\":\"2023-11-20T16:48:20+00:00\",\"breadcrumb\":{\"@id\":\"https:\\\/\\\/mx.melvillandmoon.com\\\/es\\\/producto\\\/una-bolsa-dentro-de-otra-bolsa\\\/#breadcrumb\"},\"inLanguage\":\"es\",\"potentialAction\":[{\"@type\":\"ReadAction\",\"target\":[\"https:\\\/\\\/mx.melvillandmoon.com\\\/es\\\/producto\\\/una-bolsa-dentro-de-otra-bolsa\\\/\"]}]},{\"@type\":\"ImageObject\",\"inLanguage\":\"es\",\"@id\":\"https:\\\/\\\/mx.melvillandmoon.com\\\/es\\\/producto\\\/una-bolsa-dentro-de-otra-bolsa\\\/#primaryimage\",\"url\":\"https:\\\/\\\/mx.melvillandmoon.com\\\/wp-content\\\/uploads\\\/sites\\\/5\\\/2023\\\/11\\\/MR_BWB_Bag-Within-a-Bag_Olive-Green_1.jpg\",\"contentUrl\":\"https:\\\/\\\/mx.melvillandmoon.com\\\/wp-content\\\/uploads\\\/sites\\\/5\\\/2023\\\/11\\\/MR_BWB_Bag-Within-a-Bag_Olive-Green_1.jpg\",\"width\":800,\"height\":800},{\"@type\":\"BreadcrumbList\",\"@id\":\"https:\\\/\\\/mx.melvillandmoon.com\\\/es\\\/producto\\\/una-bolsa-dentro-de-otra-bolsa\\\/#breadcrumb\",\"itemListElement\":[{\"@type\":\"ListItem\",\"position\":1,\"name\":\"Home\",\"item\":\"https:\\\/\\\/mx.melvillandmoon.com\\\/es\\\/inicio\\\/\"},{\"@type\":\"ListItem\",\"position\":2,\"name\":\"Shop\",\"item\":\"https:\\\/\\\/mx.melvillandmoon.com\\\/shop\\\/\"},{\"@type\":\"ListItem\",\"position\":3,\"name\":\"Una bolsa dentro de otra bolsa\"}]},{\"@type\":\"WebSite\",\"@id\":\"https:\\\/\\\/mx.melvillandmoon.com\\\/#website\",\"url\":\"https:\\\/\\\/mx.melvillandmoon.com\\\/\",\"name\":\"Melvill and Moon Mexico\",\"description\":\"Seat Covers | Leather Luggage\",\"potentialAction\":[{\"@type\":\"SearchAction\",\"target\":{\"@type\":\"EntryPoint\",\"urlTemplate\":\"https:\\\/\\\/mx.melvillandmoon.com\\\/?s={search_term_string}\"},\"query-input\":{\"@type\":\"PropertyValueSpecification\",\"valueRequired\":true,\"valueName\":\"search_term_string\"}}],\"inLanguage\":\"es\"}]}<\/script>\n<!-- \/ Yoast SEO plugin. -->","yoast_head_json":{"title":"Una bolsa dentro de otra bolsa - Melvill and Moon Mexico","robots":{"index":"index","follow":"follow","max-snippet":"max-snippet:-1","max-image-preview":"max-image-preview:large","max-video-preview":"max-video-preview:-1"},"canonical":"https:\/\/mx.melvillandmoon.com\/es\/producto\/una-bolsa-dentro-de-otra-bolsa\/","og_locale":"es_ES","og_type":"article","og_title":"Una bolsa dentro de otra bolsa - Melvill and Moon Mexico","og_description":"Para viajeros dentro o fuera de \u00c1frica. Un equipaje de mano que se enrolla en una bolsa lo suficientemente peque\u00f1a como para caber en una maleta. Una bolsa \u00fatil para el d\u00eda a d\u00eda en tu destino. DIMENSIONES: Bolsa interior: Largo 63cm | Ancho 32cm | Alto 30cm | Peso 0,8kg En bolsa de transporte: Longitud 35cm | Di\u00e1metro 17cm | Peso 0,8kg","og_url":"https:\/\/mx.melvillandmoon.com\/es\/producto\/una-bolsa-dentro-de-otra-bolsa\/","og_site_name":"Melvill and Moon Mexico","twitter_card":"summary_large_image","schema":{"@context":"https:\/\/schema.org","@graph":[{"@type":"WebPage","@id":"https:\/\/mx.melvillandmoon.com\/es\/producto\/una-bolsa-dentro-de-otra-bolsa\/","url":"https:\/\/mx.melvillandmoon.com\/es\/producto\/una-bolsa-dentro-de-otra-bolsa\/","name":"Una bolsa dentro de otra bolsa - Melvill and Moon Mexico","isPartOf":{"@id":"https:\/\/mx.melvillandmoon.com\/#website"},"primaryImageOfPage":{"@id":"https:\/\/mx.melvillandmoon.com\/es\/producto\/una-bolsa-dentro-de-otra-bolsa\/#primaryimage"},"image":{"@id":"https:\/\/mx.melvillandmoon.com\/es\/producto\/una-bolsa-dentro-de-otra-bolsa\/#primaryimage"},"thumbnailUrl":"https:\/\/mx.melvillandmoon.com\/wp-content\/uploads\/sites\/5\/2023\/11\/MR_BWB_Bag-Within-a-Bag_Olive-Green_1.jpg","datePublished":"2023-11-20T16:48:20+00:00","breadcrumb":{"@id":"https:\/\/mx.melvillandmoon.com\/es\/producto\/una-bolsa-dentro-de-otra-bolsa\/#breadcrumb"},"inLanguage":"es","potentialAction":[{"@type":"ReadAction","target":["https:\/\/mx.melvillandmoon.com\/es\/producto\/una-bolsa-dentro-de-otra-bolsa\/"]}]},{"@type":"ImageObject","inLanguage":"es","@id":"https:\/\/mx.melvillandmoon.com\/es\/producto\/una-bolsa-dentro-de-otra-bolsa\/#primaryimage","url":"https:\/\/mx.melvillandmoon.com\/wp-content\/uploads\/sites\/5\/2023\/11\/MR_BWB_Bag-Within-a-Bag_Olive-Green_1.jpg","contentUrl":"https:\/\/mx.melvillandmoon.com\/wp-content\/uploads\/sites\/5\/2023\/11\/MR_BWB_Bag-Within-a-Bag_Olive-Green_1.jpg","width":800,"height":800},{"@type":"BreadcrumbList","@id":"https:\/\/mx.melvillandmoon.com\/es\/producto\/una-bolsa-dentro-de-otra-bolsa\/#breadcrumb","itemListElement":[{"@type":"ListItem","position":1,"name":"Home","item":"https:\/\/mx.melvillandmoon.com\/es\/inicio\/"},{"@type":"ListItem","position":2,"name":"Shop","item":"https:\/\/mx.melvillandmoon.com\/shop\/"},{"@type":"ListItem","position":3,"name":"Una bolsa dentro de otra bolsa"}]},{"@type":"WebSite","@id":"https:\/\/mx.melvillandmoon.com\/#website","url":"https:\/\/mx.melvillandmoon.com\/","name":"Melvill and Moon Mexico","description":"Seat Covers | Leather Luggage","potentialAction":[{"@type":"SearchAction","target":{"@type":"EntryPoint","urlTemplate":"https:\/\/mx.melvillandmoon.com\/?s={search_term_string}"},"query-input":{"@type":"PropertyValueSpecification","valueRequired":true,"valueName":"search_term_string"}}],"inLanguage":"es"}]}},"_links":{"self":[{"href":"https:\/\/mx.melvillandmoon.com\/es\/wp-json\/wp\/v2\/product\/205541","targetHints":{"allow":["GET"]}}],"collection":[{"href":"https:\/\/mx.melvillandmoon.com\/es\/wp-json\/wp\/v2\/product"}],"about":[{"href":"https:\/\/mx.melvillandmoon.com\/es\/wp-json\/wp\/v2\/types\/product"}],"wp:featuredmedia":[{"embeddable":true,"href":"https:\/\/mx.melvillandmoon.com\/es\/wp-json\/wp\/v2\/media\/203696"}],"wp:attachment":[{"href":"https:\/\/mx.melvillandmoon.com\/es\/wp-json\/wp\/v2\/media?parent=205541"}],"wp:term":[{"taxonomy":"product_brand","embeddable":true,"href":"https:\/\/mx.melvillandmoon.com\/es\/wp-json\/wp\/v2\/product_brand?post=205541"},{"taxonomy":"product_cat","embeddable":true,"href":"https:\/\/mx.melvillandmoon.com\/es\/wp-json\/wp\/v2\/product_cat?post=205541"},{"taxonomy":"product_tag","embeddable":true,"href":"https:\/\/mx.melvillandmoon.com\/es\/wp-json\/wp\/v2\/product_tag?post=205541"}],"curies":[{"name":"wp","href":"https:\/\/api.w.org\/{rel}","templated":true}]}}