{"id":205546,"date":"2019-05-24T14:17:21","date_gmt":"2019-05-24T12:17:21","guid":{"rendered":"https:\/\/mx.melvillandmoon.com\/product\/bolsa-de-bolos\/"},"modified":"2019-05-24T14:17:21","modified_gmt":"2019-05-24T12:17:21","slug":"bolsa-de-bolos","status":"publish","type":"product","link":"https:\/\/mx.melvillandmoon.com\/es\/producto\/bolsa-de-bolos\/","title":{"rendered":"Bolsa de Bolos"},"content":{"rendered":"<p>Nos visit\u00f3 un caballero mayor que hab\u00eda sido jugador de bolos de springbok en su juventud. Trajo una bolsa muy desgastada que hab\u00eda usado para llevar sus bolas y nos pregunt\u00f3 si pod\u00edamos repararla. Minimizamos y modificamos el dise\u00f1o, produciendo este \u00fatil y elegante bolso de mano estilo Bolsa de Bolos.  <\/p>\n","protected":false},"excerpt":{"rendered":"<p>Bolso de cuero con inserto de lona, o completamente de cuero si lo prefieres. Ideal para llevar el monedero y las llaves, gafas y guantes, etc. <\/p>\n","protected":false},"featured_media":203079,"template":"","meta":[],"product_brand":[],"product_cat":[3773,3766],"product_tag":[3783],"class_list":{"0":"post-205546","1":"product","2":"type-product","3":"status-publish","4":"has-post-thumbnail","6":"product_cat-bolsos-de-mano","7":"product_cat-equipaje-y-bolsas","8":"product_tag-historia","9":"product_shipping_class-envio-gratis","10":"pa_material-algodon-encerado","11":"pa_material-arena","12":"pa_material-cuero","13":"pa_material-militar","14":"pa_material-negro","16":"first","17":"instock","18":"taxable","19":"shipping-taxable","20":"purchasable","21":"product-type-variable","22":"has-default-attributes"},"yoast_head":"<!-- This site is optimized with the Yoast SEO plugin v27.3 - https:\/\/yoast.com\/product\/yoast-seo-wordpress\/ -->\n<title>Bolsa de Bolos - Melvill and Moon Mexico<\/title>\n<meta name=\"robots\" content=\"index, follow, max-snippet:-1, max-image-preview:large, max-video-preview:-1\" \/>\n<link rel=\"canonical\" href=\"https:\/\/mx.melvillandmoon.com\/product\/bolsa-de-bolos\/\" \/>\n<meta property=\"og:locale\" content=\"es_ES\" \/>\n<meta property=\"og:type\" content=\"article\" \/>\n<meta property=\"og:title\" content=\"Bolsa de Bolos - Melvill and Moon Mexico\" \/>\n<meta property=\"og:description\" content=\"Bolso de cuero con inserto de lona, o completamente de cuero si lo prefieres. Ideal para llevar el monedero y las llaves, gafas y guantes, etc.\" \/>\n<meta property=\"og:url\" content=\"https:\/\/mx.melvillandmoon.com\/product\/bolsa-de-bolos\/\" \/>\n<meta property=\"og:site_name\" content=\"Melvill and Moon Mexico\" \/>\n<meta name=\"twitter:card\" content=\"summary_large_image\" \/>\n<script type=\"application\/ld+json\" class=\"yoast-schema-graph\">{\"@context\":\"https:\\\/\\\/schema.org\",\"@graph\":[{\"@type\":\"WebPage\",\"@id\":\"https:\\\/\\\/mx.melvillandmoon.com\\\/product\\\/bolsa-de-bolos\\\/\",\"url\":\"https:\\\/\\\/mx.melvillandmoon.com\\\/product\\\/bolsa-de-bolos\\\/\",\"name\":\"Bolsa de Bolos - Melvill and Moon Mexico\",\"isPartOf\":{\"@id\":\"https:\\\/\\\/mx.melvillandmoon.com\\\/#website\"},\"primaryImageOfPage\":{\"@id\":\"https:\\\/\\\/mx.melvillandmoon.com\\\/product\\\/bolsa-de-bolos\\\/#primaryimage\"},\"image\":{\"@id\":\"https:\\\/\\\/mx.melvillandmoon.com\\\/product\\\/bolsa-de-bolos\\\/#primaryimage\"},\"thumbnailUrl\":\"https:\\\/\\\/mx.melvillandmoon.com\\\/wp-content\\\/uploads\\\/sites\\\/5\\\/2019\\\/05\\\/Bowling-Bag-Leather-2BBL-2.jpg\",\"datePublished\":\"2019-05-24T12:17:21+00:00\",\"breadcrumb\":{\"@id\":\"https:\\\/\\\/mx.melvillandmoon.com\\\/product\\\/bolsa-de-bolos\\\/#breadcrumb\"},\"inLanguage\":\"es\",\"potentialAction\":[{\"@type\":\"ReadAction\",\"target\":[\"https:\\\/\\\/mx.melvillandmoon.com\\\/product\\\/bolsa-de-bolos\\\/\"]}]},{\"@type\":\"ImageObject\",\"inLanguage\":\"es\",\"@id\":\"https:\\\/\\\/mx.melvillandmoon.com\\\/product\\\/bolsa-de-bolos\\\/#primaryimage\",\"url\":\"https:\\\/\\\/mx.melvillandmoon.com\\\/wp-content\\\/uploads\\\/sites\\\/5\\\/2019\\\/05\\\/Bowling-Bag-Leather-2BBL-2.jpg\",\"contentUrl\":\"https:\\\/\\\/mx.melvillandmoon.com\\\/wp-content\\\/uploads\\\/sites\\\/5\\\/2019\\\/05\\\/Bowling-Bag-Leather-2BBL-2.jpg\",\"width\":800,\"height\":800},{\"@type\":\"BreadcrumbList\",\"@id\":\"https:\\\/\\\/mx.melvillandmoon.com\\\/product\\\/bolsa-de-bolos\\\/#breadcrumb\",\"itemListElement\":[{\"@type\":\"ListItem\",\"position\":1,\"name\":\"Home\",\"item\":\"https:\\\/\\\/mx.melvillandmoon.com\\\/es\\\/inicio\\\/\"},{\"@type\":\"ListItem\",\"position\":2,\"name\":\"Shop\",\"item\":\"https:\\\/\\\/mx.melvillandmoon.com\\\/shop\\\/\"},{\"@type\":\"ListItem\",\"position\":3,\"name\":\"Bolsa de Bolos\"}]},{\"@type\":\"WebSite\",\"@id\":\"https:\\\/\\\/mx.melvillandmoon.com\\\/#website\",\"url\":\"https:\\\/\\\/mx.melvillandmoon.com\\\/\",\"name\":\"Melvill and Moon Mexico\",\"description\":\"Seat Covers | Leather Luggage\",\"potentialAction\":[{\"@type\":\"SearchAction\",\"target\":{\"@type\":\"EntryPoint\",\"urlTemplate\":\"https:\\\/\\\/mx.melvillandmoon.com\\\/?s={search_term_string}\"},\"query-input\":{\"@type\":\"PropertyValueSpecification\",\"valueRequired\":true,\"valueName\":\"search_term_string\"}}],\"inLanguage\":\"es\"}]}<\/script>\n<!-- \/ Yoast SEO plugin. -->","yoast_head_json":{"title":"Bolsa de Bolos - Melvill and Moon Mexico","robots":{"index":"index","follow":"follow","max-snippet":"max-snippet:-1","max-image-preview":"max-image-preview:large","max-video-preview":"max-video-preview:-1"},"canonical":"https:\/\/mx.melvillandmoon.com\/product\/bolsa-de-bolos\/","og_locale":"es_ES","og_type":"article","og_title":"Bolsa de Bolos - Melvill and Moon Mexico","og_description":"Bolso de cuero con inserto de lona, o completamente de cuero si lo prefieres. Ideal para llevar el monedero y las llaves, gafas y guantes, etc.","og_url":"https:\/\/mx.melvillandmoon.com\/product\/bolsa-de-bolos\/","og_site_name":"Melvill and Moon Mexico","twitter_card":"summary_large_image","schema":{"@context":"https:\/\/schema.org","@graph":[{"@type":"WebPage","@id":"https:\/\/mx.melvillandmoon.com\/product\/bolsa-de-bolos\/","url":"https:\/\/mx.melvillandmoon.com\/product\/bolsa-de-bolos\/","name":"Bolsa de Bolos - Melvill and Moon Mexico","isPartOf":{"@id":"https:\/\/mx.melvillandmoon.com\/#website"},"primaryImageOfPage":{"@id":"https:\/\/mx.melvillandmoon.com\/product\/bolsa-de-bolos\/#primaryimage"},"image":{"@id":"https:\/\/mx.melvillandmoon.com\/product\/bolsa-de-bolos\/#primaryimage"},"thumbnailUrl":"https:\/\/mx.melvillandmoon.com\/wp-content\/uploads\/sites\/5\/2019\/05\/Bowling-Bag-Leather-2BBL-2.jpg","datePublished":"2019-05-24T12:17:21+00:00","breadcrumb":{"@id":"https:\/\/mx.melvillandmoon.com\/product\/bolsa-de-bolos\/#breadcrumb"},"inLanguage":"es","potentialAction":[{"@type":"ReadAction","target":["https:\/\/mx.melvillandmoon.com\/product\/bolsa-de-bolos\/"]}]},{"@type":"ImageObject","inLanguage":"es","@id":"https:\/\/mx.melvillandmoon.com\/product\/bolsa-de-bolos\/#primaryimage","url":"https:\/\/mx.melvillandmoon.com\/wp-content\/uploads\/sites\/5\/2019\/05\/Bowling-Bag-Leather-2BBL-2.jpg","contentUrl":"https:\/\/mx.melvillandmoon.com\/wp-content\/uploads\/sites\/5\/2019\/05\/Bowling-Bag-Leather-2BBL-2.jpg","width":800,"height":800},{"@type":"BreadcrumbList","@id":"https:\/\/mx.melvillandmoon.com\/product\/bolsa-de-bolos\/#breadcrumb","itemListElement":[{"@type":"ListItem","position":1,"name":"Home","item":"https:\/\/mx.melvillandmoon.com\/es\/inicio\/"},{"@type":"ListItem","position":2,"name":"Shop","item":"https:\/\/mx.melvillandmoon.com\/shop\/"},{"@type":"ListItem","position":3,"name":"Bolsa de Bolos"}]},{"@type":"WebSite","@id":"https:\/\/mx.melvillandmoon.com\/#website","url":"https:\/\/mx.melvillandmoon.com\/","name":"Melvill and Moon Mexico","description":"Seat Covers | Leather Luggage","potentialAction":[{"@type":"SearchAction","target":{"@type":"EntryPoint","urlTemplate":"https:\/\/mx.melvillandmoon.com\/?s={search_term_string}"},"query-input":{"@type":"PropertyValueSpecification","valueRequired":true,"valueName":"search_term_string"}}],"inLanguage":"es"}]}},"_links":{"self":[{"href":"https:\/\/mx.melvillandmoon.com\/es\/wp-json\/wp\/v2\/product\/205546","targetHints":{"allow":["GET"]}}],"collection":[{"href":"https:\/\/mx.melvillandmoon.com\/es\/wp-json\/wp\/v2\/product"}],"about":[{"href":"https:\/\/mx.melvillandmoon.com\/es\/wp-json\/wp\/v2\/types\/product"}],"wp:featuredmedia":[{"embeddable":true,"href":"https:\/\/mx.melvillandmoon.com\/es\/wp-json\/wp\/v2\/media\/203079"}],"wp:attachment":[{"href":"https:\/\/mx.melvillandmoon.com\/es\/wp-json\/wp\/v2\/media?parent=205546"}],"wp:term":[{"taxonomy":"product_brand","embeddable":true,"href":"https:\/\/mx.melvillandmoon.com\/es\/wp-json\/wp\/v2\/product_brand?post=205546"},{"taxonomy":"product_cat","embeddable":true,"href":"https:\/\/mx.melvillandmoon.com\/es\/wp-json\/wp\/v2\/product_cat?post=205546"},{"taxonomy":"product_tag","embeddable":true,"href":"https:\/\/mx.melvillandmoon.com\/es\/wp-json\/wp\/v2\/product_tag?post=205546"}],"curies":[{"name":"wp","href":"https:\/\/api.w.org\/{rel}","templated":true}]}}