{"id":205598,"date":"2019-05-24T14:17:24","date_gmt":"2019-05-24T12:17:24","guid":{"rendered":"https:\/\/mx.melvillandmoon.com\/product\/katunda-bag\/"},"modified":"2019-05-24T14:17:24","modified_gmt":"2019-05-24T12:17:24","slug":"katunda-bag","status":"publish","type":"product","link":"https:\/\/mx.melvillandmoon.com\/es\/producto\/katunda-bag\/","title":{"rendered":"Katunda Bag"},"content":{"rendered":"","protected":false},"excerpt":{"rendered":"<p>Traducido del swahili, Katunda b\u00e1sicamente significa &#8220;cosas&#8221;. En este caso, son cosas peque\u00f1as que uno podr\u00eda llevar en una caminata por el monte o un safari: dinero, tel\u00e9fono m\u00f3vil, ideas personales, cuaderno, peque\u00f1os binoculares, c\u00e1mara digital, etc. <\/p>\n","protected":false},"featured_media":203136,"template":"","meta":[],"product_brand":[],"product_cat":[3771,3773,3766],"product_tag":[],"class_list":{"0":"post-205598","1":"product","2":"type-product","3":"status-publish","4":"has-post-thumbnail","6":"product_cat-bolsas-de-dia","7":"product_cat-bolsos-de-mano","8":"product_cat-equipaje-y-bolsas","9":"product_shipping_class-envio-gratis","10":"pa_material-algodon-encerado","11":"pa_material-arena","12":"pa_material-cuero","13":"pa_material-militar","14":"pa_material-negro","16":"first","17":"instock","18":"taxable","19":"shipping-taxable","20":"purchasable","21":"product-type-variable","22":"has-default-attributes"},"yoast_head":"<!-- This site is optimized with the Yoast SEO plugin v27.3 - https:\/\/yoast.com\/product\/yoast-seo-wordpress\/ -->\n<title>Katunda Bag - Melvill and Moon Mexico<\/title>\n<meta name=\"robots\" content=\"index, follow, max-snippet:-1, max-image-preview:large, max-video-preview:-1\" \/>\n<link rel=\"canonical\" href=\"https:\/\/mx.melvillandmoon.com\/product\/katunda-bag\/\" \/>\n<meta property=\"og:locale\" content=\"es_ES\" \/>\n<meta property=\"og:type\" content=\"article\" \/>\n<meta property=\"og:title\" content=\"Katunda Bag - Melvill and Moon Mexico\" \/>\n<meta property=\"og:description\" content=\"Traducido del swahili, Katunda b\u00e1sicamente significa &quot;cosas&quot;. En este caso, son cosas peque\u00f1as que uno podr\u00eda llevar en una caminata por el monte o un safari: dinero, tel\u00e9fono m\u00f3vil, ideas personales, cuaderno, peque\u00f1os binoculares, c\u00e1mara digital, etc.\" \/>\n<meta property=\"og:url\" content=\"https:\/\/mx.melvillandmoon.com\/product\/katunda-bag\/\" \/>\n<meta property=\"og:site_name\" content=\"Melvill and Moon Mexico\" \/>\n<meta name=\"twitter:card\" content=\"summary_large_image\" \/>\n<script type=\"application\/ld+json\" class=\"yoast-schema-graph\">{\"@context\":\"https:\\\/\\\/schema.org\",\"@graph\":[{\"@type\":\"WebPage\",\"@id\":\"https:\\\/\\\/mx.melvillandmoon.com\\\/product\\\/katunda-bag\\\/\",\"url\":\"https:\\\/\\\/mx.melvillandmoon.com\\\/product\\\/katunda-bag\\\/\",\"name\":\"Katunda Bag - Melvill and Moon Mexico\",\"isPartOf\":{\"@id\":\"https:\\\/\\\/mx.melvillandmoon.com\\\/#website\"},\"primaryImageOfPage\":{\"@id\":\"https:\\\/\\\/mx.melvillandmoon.com\\\/product\\\/katunda-bag\\\/#primaryimage\"},\"image\":{\"@id\":\"https:\\\/\\\/mx.melvillandmoon.com\\\/product\\\/katunda-bag\\\/#primaryimage\"},\"thumbnailUrl\":\"https:\\\/\\\/mx.melvillandmoon.com\\\/wp-content\\\/uploads\\\/sites\\\/5\\\/2019\\\/05\\\/Katunda-Bag-Leather-2KBL-2.jpg\",\"datePublished\":\"2019-05-24T12:17:24+00:00\",\"breadcrumb\":{\"@id\":\"https:\\\/\\\/mx.melvillandmoon.com\\\/product\\\/katunda-bag\\\/#breadcrumb\"},\"inLanguage\":\"es\",\"potentialAction\":[{\"@type\":\"ReadAction\",\"target\":[\"https:\\\/\\\/mx.melvillandmoon.com\\\/product\\\/katunda-bag\\\/\"]}]},{\"@type\":\"ImageObject\",\"inLanguage\":\"es\",\"@id\":\"https:\\\/\\\/mx.melvillandmoon.com\\\/product\\\/katunda-bag\\\/#primaryimage\",\"url\":\"https:\\\/\\\/mx.melvillandmoon.com\\\/wp-content\\\/uploads\\\/sites\\\/5\\\/2019\\\/05\\\/Katunda-Bag-Leather-2KBL-2.jpg\",\"contentUrl\":\"https:\\\/\\\/mx.melvillandmoon.com\\\/wp-content\\\/uploads\\\/sites\\\/5\\\/2019\\\/05\\\/Katunda-Bag-Leather-2KBL-2.jpg\",\"width\":800,\"height\":800},{\"@type\":\"BreadcrumbList\",\"@id\":\"https:\\\/\\\/mx.melvillandmoon.com\\\/product\\\/katunda-bag\\\/#breadcrumb\",\"itemListElement\":[{\"@type\":\"ListItem\",\"position\":1,\"name\":\"Home\",\"item\":\"https:\\\/\\\/mx.melvillandmoon.com\\\/es\\\/inicio\\\/\"},{\"@type\":\"ListItem\",\"position\":2,\"name\":\"Shop\",\"item\":\"https:\\\/\\\/mx.melvillandmoon.com\\\/shop\\\/\"},{\"@type\":\"ListItem\",\"position\":3,\"name\":\"Katunda Bag\"}]},{\"@type\":\"WebSite\",\"@id\":\"https:\\\/\\\/mx.melvillandmoon.com\\\/#website\",\"url\":\"https:\\\/\\\/mx.melvillandmoon.com\\\/\",\"name\":\"Melvill and Moon Mexico\",\"description\":\"Seat Covers | Leather Luggage\",\"potentialAction\":[{\"@type\":\"SearchAction\",\"target\":{\"@type\":\"EntryPoint\",\"urlTemplate\":\"https:\\\/\\\/mx.melvillandmoon.com\\\/?s={search_term_string}\"},\"query-input\":{\"@type\":\"PropertyValueSpecification\",\"valueRequired\":true,\"valueName\":\"search_term_string\"}}],\"inLanguage\":\"es\"}]}<\/script>\n<!-- \/ Yoast SEO plugin. -->","yoast_head_json":{"title":"Katunda Bag - Melvill and Moon Mexico","robots":{"index":"index","follow":"follow","max-snippet":"max-snippet:-1","max-image-preview":"max-image-preview:large","max-video-preview":"max-video-preview:-1"},"canonical":"https:\/\/mx.melvillandmoon.com\/product\/katunda-bag\/","og_locale":"es_ES","og_type":"article","og_title":"Katunda Bag - Melvill and Moon Mexico","og_description":"Traducido del swahili, Katunda b\u00e1sicamente significa \"cosas\". En este caso, son cosas peque\u00f1as que uno podr\u00eda llevar en una caminata por el monte o un safari: dinero, tel\u00e9fono m\u00f3vil, ideas personales, cuaderno, peque\u00f1os binoculares, c\u00e1mara digital, etc.","og_url":"https:\/\/mx.melvillandmoon.com\/product\/katunda-bag\/","og_site_name":"Melvill and Moon Mexico","twitter_card":"summary_large_image","schema":{"@context":"https:\/\/schema.org","@graph":[{"@type":"WebPage","@id":"https:\/\/mx.melvillandmoon.com\/product\/katunda-bag\/","url":"https:\/\/mx.melvillandmoon.com\/product\/katunda-bag\/","name":"Katunda Bag - Melvill and Moon Mexico","isPartOf":{"@id":"https:\/\/mx.melvillandmoon.com\/#website"},"primaryImageOfPage":{"@id":"https:\/\/mx.melvillandmoon.com\/product\/katunda-bag\/#primaryimage"},"image":{"@id":"https:\/\/mx.melvillandmoon.com\/product\/katunda-bag\/#primaryimage"},"thumbnailUrl":"https:\/\/mx.melvillandmoon.com\/wp-content\/uploads\/sites\/5\/2019\/05\/Katunda-Bag-Leather-2KBL-2.jpg","datePublished":"2019-05-24T12:17:24+00:00","breadcrumb":{"@id":"https:\/\/mx.melvillandmoon.com\/product\/katunda-bag\/#breadcrumb"},"inLanguage":"es","potentialAction":[{"@type":"ReadAction","target":["https:\/\/mx.melvillandmoon.com\/product\/katunda-bag\/"]}]},{"@type":"ImageObject","inLanguage":"es","@id":"https:\/\/mx.melvillandmoon.com\/product\/katunda-bag\/#primaryimage","url":"https:\/\/mx.melvillandmoon.com\/wp-content\/uploads\/sites\/5\/2019\/05\/Katunda-Bag-Leather-2KBL-2.jpg","contentUrl":"https:\/\/mx.melvillandmoon.com\/wp-content\/uploads\/sites\/5\/2019\/05\/Katunda-Bag-Leather-2KBL-2.jpg","width":800,"height":800},{"@type":"BreadcrumbList","@id":"https:\/\/mx.melvillandmoon.com\/product\/katunda-bag\/#breadcrumb","itemListElement":[{"@type":"ListItem","position":1,"name":"Home","item":"https:\/\/mx.melvillandmoon.com\/es\/inicio\/"},{"@type":"ListItem","position":2,"name":"Shop","item":"https:\/\/mx.melvillandmoon.com\/shop\/"},{"@type":"ListItem","position":3,"name":"Katunda Bag"}]},{"@type":"WebSite","@id":"https:\/\/mx.melvillandmoon.com\/#website","url":"https:\/\/mx.melvillandmoon.com\/","name":"Melvill and Moon Mexico","description":"Seat Covers | Leather Luggage","potentialAction":[{"@type":"SearchAction","target":{"@type":"EntryPoint","urlTemplate":"https:\/\/mx.melvillandmoon.com\/?s={search_term_string}"},"query-input":{"@type":"PropertyValueSpecification","valueRequired":true,"valueName":"search_term_string"}}],"inLanguage":"es"}]}},"_links":{"self":[{"href":"https:\/\/mx.melvillandmoon.com\/es\/wp-json\/wp\/v2\/product\/205598","targetHints":{"allow":["GET"]}}],"collection":[{"href":"https:\/\/mx.melvillandmoon.com\/es\/wp-json\/wp\/v2\/product"}],"about":[{"href":"https:\/\/mx.melvillandmoon.com\/es\/wp-json\/wp\/v2\/types\/product"}],"wp:featuredmedia":[{"embeddable":true,"href":"https:\/\/mx.melvillandmoon.com\/es\/wp-json\/wp\/v2\/media\/203136"}],"wp:attachment":[{"href":"https:\/\/mx.melvillandmoon.com\/es\/wp-json\/wp\/v2\/media?parent=205598"}],"wp:term":[{"taxonomy":"product_brand","embeddable":true,"href":"https:\/\/mx.melvillandmoon.com\/es\/wp-json\/wp\/v2\/product_brand?post=205598"},{"taxonomy":"product_cat","embeddable":true,"href":"https:\/\/mx.melvillandmoon.com\/es\/wp-json\/wp\/v2\/product_cat?post=205598"},{"taxonomy":"product_tag","embeddable":true,"href":"https:\/\/mx.melvillandmoon.com\/es\/wp-json\/wp\/v2\/product_tag?post=205598"}],"curies":[{"name":"wp","href":"https:\/\/api.w.org\/{rel}","templated":true}]}}