{"id":205602,"date":"2019-05-24T14:17:21","date_gmt":"2019-05-24T12:17:21","guid":{"rendered":"https:\/\/mx.melvillandmoon.com\/product\/bolsa-de-mano-kili\/"},"modified":"2019-05-24T14:17:21","modified_gmt":"2019-05-24T12:17:21","slug":"bolsa-de-mano-kili","status":"publish","type":"product","link":"https:\/\/mx.melvillandmoon.com\/es\/producto\/bolsa-de-mano-kili\/","title":{"rendered":"Bolsa de Mano Kili"},"content":{"rendered":"","protected":false},"excerpt":{"rendered":"<p>Para aviones, barcos y trenes&#8230; dise\u00f1ada para safaris urbanos, o de otro tipo&#8230; Basada en las dimensiones de la bolsa para c\u00e1mara Kilimanjaro pero sin todas las particiones internas. En t\u00e9rminos de tama\u00f1o, es una bolsa de mano aceptable incluso en un avi\u00f3n de safari.  <\/p>\n","protected":false},"featured_media":203143,"template":"","meta":[],"product_brand":[],"product_cat":[3766],"product_tag":[],"class_list":{"0":"post-205602","1":"product","2":"type-product","3":"status-publish","4":"has-post-thumbnail","6":"product_cat-equipaje-y-bolsas","7":"product_shipping_class-envio-gratis","8":"pa_material-algodon-encerado","9":"pa_material-arena","10":"pa_material-cuero","11":"pa_material-negro","13":"first","14":"instock","15":"taxable","16":"shipping-taxable","17":"purchasable","18":"product-type-variable","19":"has-default-attributes"},"yoast_head":"<!-- This site is optimized with the Yoast SEO plugin v27.3 - https:\/\/yoast.com\/product\/yoast-seo-wordpress\/ -->\n<title>Bolsa de Mano Kili - Melvill and Moon Mexico<\/title>\n<meta name=\"robots\" content=\"index, follow, max-snippet:-1, max-image-preview:large, max-video-preview:-1\" \/>\n<link rel=\"canonical\" href=\"https:\/\/mx.melvillandmoon.com\/product\/bolsa-de-mano-kili\/\" \/>\n<meta property=\"og:locale\" content=\"es_ES\" \/>\n<meta property=\"og:type\" content=\"article\" \/>\n<meta property=\"og:title\" content=\"Bolsa de Mano Kili - Melvill and Moon Mexico\" \/>\n<meta property=\"og:description\" content=\"Para aviones, barcos y trenes... dise\u00f1ada para safaris urbanos, o de otro tipo... Basada en las dimensiones de la bolsa para c\u00e1mara Kilimanjaro pero sin todas las particiones internas. En t\u00e9rminos de tama\u00f1o, es una bolsa de mano aceptable incluso en un avi\u00f3n de safari.\" \/>\n<meta property=\"og:url\" content=\"https:\/\/mx.melvillandmoon.com\/product\/bolsa-de-mano-kili\/\" \/>\n<meta property=\"og:site_name\" content=\"Melvill and Moon Mexico\" \/>\n<meta name=\"twitter:card\" content=\"summary_large_image\" \/>\n<script type=\"application\/ld+json\" class=\"yoast-schema-graph\">{\"@context\":\"https:\\\/\\\/schema.org\",\"@graph\":[{\"@type\":\"WebPage\",\"@id\":\"https:\\\/\\\/mx.melvillandmoon.com\\\/product\\\/bolsa-de-mano-kili\\\/\",\"url\":\"https:\\\/\\\/mx.melvillandmoon.com\\\/product\\\/bolsa-de-mano-kili\\\/\",\"name\":\"Bolsa de Mano Kili - Melvill and Moon Mexico\",\"isPartOf\":{\"@id\":\"https:\\\/\\\/mx.melvillandmoon.com\\\/#website\"},\"primaryImageOfPage\":{\"@id\":\"https:\\\/\\\/mx.melvillandmoon.com\\\/product\\\/bolsa-de-mano-kili\\\/#primaryimage\"},\"image\":{\"@id\":\"https:\\\/\\\/mx.melvillandmoon.com\\\/product\\\/bolsa-de-mano-kili\\\/#primaryimage\"},\"thumbnailUrl\":\"https:\\\/\\\/mx.melvillandmoon.com\\\/wp-content\\\/uploads\\\/sites\\\/5\\\/2019\\\/05\\\/Killi-Carry-on-Leather-2KCOBL-1.jpg\",\"datePublished\":\"2019-05-24T12:17:21+00:00\",\"breadcrumb\":{\"@id\":\"https:\\\/\\\/mx.melvillandmoon.com\\\/product\\\/bolsa-de-mano-kili\\\/#breadcrumb\"},\"inLanguage\":\"es\",\"potentialAction\":[{\"@type\":\"ReadAction\",\"target\":[\"https:\\\/\\\/mx.melvillandmoon.com\\\/product\\\/bolsa-de-mano-kili\\\/\"]}]},{\"@type\":\"ImageObject\",\"inLanguage\":\"es\",\"@id\":\"https:\\\/\\\/mx.melvillandmoon.com\\\/product\\\/bolsa-de-mano-kili\\\/#primaryimage\",\"url\":\"https:\\\/\\\/mx.melvillandmoon.com\\\/wp-content\\\/uploads\\\/sites\\\/5\\\/2019\\\/05\\\/Killi-Carry-on-Leather-2KCOBL-1.jpg\",\"contentUrl\":\"https:\\\/\\\/mx.melvillandmoon.com\\\/wp-content\\\/uploads\\\/sites\\\/5\\\/2019\\\/05\\\/Killi-Carry-on-Leather-2KCOBL-1.jpg\",\"width\":800,\"height\":800},{\"@type\":\"BreadcrumbList\",\"@id\":\"https:\\\/\\\/mx.melvillandmoon.com\\\/product\\\/bolsa-de-mano-kili\\\/#breadcrumb\",\"itemListElement\":[{\"@type\":\"ListItem\",\"position\":1,\"name\":\"Home\",\"item\":\"https:\\\/\\\/mx.melvillandmoon.com\\\/es\\\/inicio\\\/\"},{\"@type\":\"ListItem\",\"position\":2,\"name\":\"Shop\",\"item\":\"https:\\\/\\\/mx.melvillandmoon.com\\\/shop\\\/\"},{\"@type\":\"ListItem\",\"position\":3,\"name\":\"Bolsa de Mano Kili\"}]},{\"@type\":\"WebSite\",\"@id\":\"https:\\\/\\\/mx.melvillandmoon.com\\\/#website\",\"url\":\"https:\\\/\\\/mx.melvillandmoon.com\\\/\",\"name\":\"Melvill and Moon Mexico\",\"description\":\"Seat Covers | Leather Luggage\",\"potentialAction\":[{\"@type\":\"SearchAction\",\"target\":{\"@type\":\"EntryPoint\",\"urlTemplate\":\"https:\\\/\\\/mx.melvillandmoon.com\\\/?s={search_term_string}\"},\"query-input\":{\"@type\":\"PropertyValueSpecification\",\"valueRequired\":true,\"valueName\":\"search_term_string\"}}],\"inLanguage\":\"es\"}]}<\/script>\n<!-- \/ Yoast SEO plugin. -->","yoast_head_json":{"title":"Bolsa de Mano Kili - Melvill and Moon Mexico","robots":{"index":"index","follow":"follow","max-snippet":"max-snippet:-1","max-image-preview":"max-image-preview:large","max-video-preview":"max-video-preview:-1"},"canonical":"https:\/\/mx.melvillandmoon.com\/product\/bolsa-de-mano-kili\/","og_locale":"es_ES","og_type":"article","og_title":"Bolsa de Mano Kili - Melvill and Moon Mexico","og_description":"Para aviones, barcos y trenes... dise\u00f1ada para safaris urbanos, o de otro tipo... Basada en las dimensiones de la bolsa para c\u00e1mara Kilimanjaro pero sin todas las particiones internas. En t\u00e9rminos de tama\u00f1o, es una bolsa de mano aceptable incluso en un avi\u00f3n de safari.","og_url":"https:\/\/mx.melvillandmoon.com\/product\/bolsa-de-mano-kili\/","og_site_name":"Melvill and Moon Mexico","twitter_card":"summary_large_image","schema":{"@context":"https:\/\/schema.org","@graph":[{"@type":"WebPage","@id":"https:\/\/mx.melvillandmoon.com\/product\/bolsa-de-mano-kili\/","url":"https:\/\/mx.melvillandmoon.com\/product\/bolsa-de-mano-kili\/","name":"Bolsa de Mano Kili - Melvill and Moon Mexico","isPartOf":{"@id":"https:\/\/mx.melvillandmoon.com\/#website"},"primaryImageOfPage":{"@id":"https:\/\/mx.melvillandmoon.com\/product\/bolsa-de-mano-kili\/#primaryimage"},"image":{"@id":"https:\/\/mx.melvillandmoon.com\/product\/bolsa-de-mano-kili\/#primaryimage"},"thumbnailUrl":"https:\/\/mx.melvillandmoon.com\/wp-content\/uploads\/sites\/5\/2019\/05\/Killi-Carry-on-Leather-2KCOBL-1.jpg","datePublished":"2019-05-24T12:17:21+00:00","breadcrumb":{"@id":"https:\/\/mx.melvillandmoon.com\/product\/bolsa-de-mano-kili\/#breadcrumb"},"inLanguage":"es","potentialAction":[{"@type":"ReadAction","target":["https:\/\/mx.melvillandmoon.com\/product\/bolsa-de-mano-kili\/"]}]},{"@type":"ImageObject","inLanguage":"es","@id":"https:\/\/mx.melvillandmoon.com\/product\/bolsa-de-mano-kili\/#primaryimage","url":"https:\/\/mx.melvillandmoon.com\/wp-content\/uploads\/sites\/5\/2019\/05\/Killi-Carry-on-Leather-2KCOBL-1.jpg","contentUrl":"https:\/\/mx.melvillandmoon.com\/wp-content\/uploads\/sites\/5\/2019\/05\/Killi-Carry-on-Leather-2KCOBL-1.jpg","width":800,"height":800},{"@type":"BreadcrumbList","@id":"https:\/\/mx.melvillandmoon.com\/product\/bolsa-de-mano-kili\/#breadcrumb","itemListElement":[{"@type":"ListItem","position":1,"name":"Home","item":"https:\/\/mx.melvillandmoon.com\/es\/inicio\/"},{"@type":"ListItem","position":2,"name":"Shop","item":"https:\/\/mx.melvillandmoon.com\/shop\/"},{"@type":"ListItem","position":3,"name":"Bolsa de Mano Kili"}]},{"@type":"WebSite","@id":"https:\/\/mx.melvillandmoon.com\/#website","url":"https:\/\/mx.melvillandmoon.com\/","name":"Melvill and Moon Mexico","description":"Seat Covers | Leather Luggage","potentialAction":[{"@type":"SearchAction","target":{"@type":"EntryPoint","urlTemplate":"https:\/\/mx.melvillandmoon.com\/?s={search_term_string}"},"query-input":{"@type":"PropertyValueSpecification","valueRequired":true,"valueName":"search_term_string"}}],"inLanguage":"es"}]}},"_links":{"self":[{"href":"https:\/\/mx.melvillandmoon.com\/es\/wp-json\/wp\/v2\/product\/205602","targetHints":{"allow":["GET"]}}],"collection":[{"href":"https:\/\/mx.melvillandmoon.com\/es\/wp-json\/wp\/v2\/product"}],"about":[{"href":"https:\/\/mx.melvillandmoon.com\/es\/wp-json\/wp\/v2\/types\/product"}],"wp:featuredmedia":[{"embeddable":true,"href":"https:\/\/mx.melvillandmoon.com\/es\/wp-json\/wp\/v2\/media\/203143"}],"wp:attachment":[{"href":"https:\/\/mx.melvillandmoon.com\/es\/wp-json\/wp\/v2\/media?parent=205602"}],"wp:term":[{"taxonomy":"product_brand","embeddable":true,"href":"https:\/\/mx.melvillandmoon.com\/es\/wp-json\/wp\/v2\/product_brand?post=205602"},{"taxonomy":"product_cat","embeddable":true,"href":"https:\/\/mx.melvillandmoon.com\/es\/wp-json\/wp\/v2\/product_cat?post=205602"},{"taxonomy":"product_tag","embeddable":true,"href":"https:\/\/mx.melvillandmoon.com\/es\/wp-json\/wp\/v2\/product_tag?post=205602"}],"curies":[{"name":"wp","href":"https:\/\/api.w.org\/{rel}","templated":true}]}}