{"id":205616,"date":"2019-05-24T14:17:22","date_gmt":"2019-05-24T12:17:22","guid":{"rendered":"https:\/\/mx.melvillandmoon.com\/product\/estuche-de-cosmeticos-toto-para-damas\/"},"modified":"2024-05-15T22:23:10","modified_gmt":"2024-05-15T20:23:10","slug":"estuche-de-cosmeticos-toto-para-damas","status":"publish","type":"product","link":"https:\/\/mx.melvillandmoon.com\/es\/producto\/estuche-de-cosmeticos-toto-para-damas\/","title":{"rendered":"Estuche de Cosm\u00e9ticos Toto para Damas"},"content":{"rendered":"","protected":false},"excerpt":{"rendered":"<p>La m\u00e1s peque\u00f1a de nuestras bolsas, ideal para esos peque\u00f1os retoques antes, durante y despu\u00e9s de un largo d\u00eda. Tambi\u00e9n es buena para llevar b\u00e1lsamo labial, gotas para los ojos y cepillo de dientes de viaje, ya sea para una noche o en el avi\u00f3n. Toto es swahili para &#8220;ni\u00f1o grande&#8221;. Como una bolsa lo suficientemente grande para llevar tus cosm\u00e9ticos en un viaje (en lugar de una noche en la ciudad).   <\/p>\n","protected":false},"featured_media":204045,"template":"","meta":[],"product_brand":[],"product_cat":[3759,3775,3762,3766],"product_tag":[],"class_list":{"0":"post-205616","1":"product","2":"type-product","3":"status-publish","4":"has-post-thumbnail","6":"product_cat-accesorios-es","7":"product_cat-bolsas-de-articulos-de-tocador","8":"product_cat-bolsas-de-tocador","9":"product_cat-equipaje-y-bolsas","10":"product_shipping_class-envio-gratis","11":"pa_material-algodon-encerado","12":"pa_material-arena","13":"pa_material-cuero","14":"pa_material-militar","15":"pa_material-negro","17":"first","18":"instock","19":"taxable","20":"shipping-taxable","21":"purchasable","22":"product-type-variable","23":"has-default-attributes"},"yoast_head":"<!-- This site is optimized with the Yoast SEO plugin v27.3 - https:\/\/yoast.com\/product\/yoast-seo-wordpress\/ -->\n<title>Estuche de Cosm\u00e9ticos Toto para Damas - Melvill and Moon Mexico<\/title>\n<meta name=\"robots\" content=\"index, follow, max-snippet:-1, max-image-preview:large, max-video-preview:-1\" \/>\n<link rel=\"canonical\" href=\"https:\/\/mx.melvillandmoon.com\/es\/producto\/estuche-de-cosmeticos-toto-para-damas\/\" \/>\n<meta property=\"og:locale\" content=\"es_ES\" \/>\n<meta property=\"og:type\" content=\"article\" \/>\n<meta property=\"og:title\" content=\"Estuche de Cosm\u00e9ticos Toto para Damas - Melvill and Moon Mexico\" \/>\n<meta property=\"og:description\" content=\"La m\u00e1s peque\u00f1a de nuestras bolsas, ideal para esos peque\u00f1os retoques antes, durante y despu\u00e9s de un largo d\u00eda. Tambi\u00e9n es buena para llevar b\u00e1lsamo labial, gotas para los ojos y cepillo de dientes de viaje, ya sea para una noche o en el avi\u00f3n. Toto es swahili para &quot;ni\u00f1o grande&quot;. Como una bolsa lo suficientemente grande para llevar tus cosm\u00e9ticos en un viaje (en lugar de una noche en la ciudad).\" \/>\n<meta property=\"og:url\" content=\"https:\/\/mx.melvillandmoon.com\/es\/producto\/estuche-de-cosmeticos-toto-para-damas\/\" \/>\n<meta property=\"og:site_name\" content=\"Melvill and Moon Mexico\" \/>\n<meta property=\"article:modified_time\" content=\"2024-05-15T20:23:10+00:00\" \/>\n<meta property=\"og:image\" content=\"https:\/\/mx.melvillandmoon.com\/wp-content\/uploads\/sites\/5\/2019\/05\/MR_TLCPL_Toto-Ladies-Cosmetic-Pouch_Leather_2.jpg\" \/>\n\t<meta property=\"og:image:width\" content=\"800\" \/>\n\t<meta property=\"og:image:height\" content=\"800\" \/>\n\t<meta property=\"og:image:type\" content=\"image\/jpeg\" \/>\n<meta name=\"twitter:card\" content=\"summary_large_image\" \/>\n<script type=\"application\/ld+json\" class=\"yoast-schema-graph\">{\"@context\":\"https:\\\/\\\/schema.org\",\"@graph\":[{\"@type\":\"WebPage\",\"@id\":\"https:\\\/\\\/mx.melvillandmoon.com\\\/es\\\/producto\\\/estuche-de-cosmeticos-toto-para-damas\\\/\",\"url\":\"https:\\\/\\\/mx.melvillandmoon.com\\\/es\\\/producto\\\/estuche-de-cosmeticos-toto-para-damas\\\/\",\"name\":\"Estuche de Cosm\u00e9ticos Toto para Damas - Melvill and Moon Mexico\",\"isPartOf\":{\"@id\":\"https:\\\/\\\/mx.melvillandmoon.com\\\/#website\"},\"primaryImageOfPage\":{\"@id\":\"https:\\\/\\\/mx.melvillandmoon.com\\\/es\\\/producto\\\/estuche-de-cosmeticos-toto-para-damas\\\/#primaryimage\"},\"image\":{\"@id\":\"https:\\\/\\\/mx.melvillandmoon.com\\\/es\\\/producto\\\/estuche-de-cosmeticos-toto-para-damas\\\/#primaryimage\"},\"thumbnailUrl\":\"https:\\\/\\\/mx.melvillandmoon.com\\\/wp-content\\\/uploads\\\/sites\\\/5\\\/2019\\\/05\\\/MR_TLCPL_Toto-Ladies-Cosmetic-Pouch_Leather_2.jpg\",\"datePublished\":\"2019-05-24T12:17:22+00:00\",\"dateModified\":\"2024-05-15T20:23:10+00:00\",\"breadcrumb\":{\"@id\":\"https:\\\/\\\/mx.melvillandmoon.com\\\/es\\\/producto\\\/estuche-de-cosmeticos-toto-para-damas\\\/#breadcrumb\"},\"inLanguage\":\"es\",\"potentialAction\":[{\"@type\":\"ReadAction\",\"target\":[\"https:\\\/\\\/mx.melvillandmoon.com\\\/es\\\/producto\\\/estuche-de-cosmeticos-toto-para-damas\\\/\"]}]},{\"@type\":\"ImageObject\",\"inLanguage\":\"es\",\"@id\":\"https:\\\/\\\/mx.melvillandmoon.com\\\/es\\\/producto\\\/estuche-de-cosmeticos-toto-para-damas\\\/#primaryimage\",\"url\":\"https:\\\/\\\/mx.melvillandmoon.com\\\/wp-content\\\/uploads\\\/sites\\\/5\\\/2019\\\/05\\\/MR_TLCPL_Toto-Ladies-Cosmetic-Pouch_Leather_2.jpg\",\"contentUrl\":\"https:\\\/\\\/mx.melvillandmoon.com\\\/wp-content\\\/uploads\\\/sites\\\/5\\\/2019\\\/05\\\/MR_TLCPL_Toto-Ladies-Cosmetic-Pouch_Leather_2.jpg\",\"width\":800,\"height\":800},{\"@type\":\"BreadcrumbList\",\"@id\":\"https:\\\/\\\/mx.melvillandmoon.com\\\/es\\\/producto\\\/estuche-de-cosmeticos-toto-para-damas\\\/#breadcrumb\",\"itemListElement\":[{\"@type\":\"ListItem\",\"position\":1,\"name\":\"Home\",\"item\":\"https:\\\/\\\/mx.melvillandmoon.com\\\/es\\\/inicio\\\/\"},{\"@type\":\"ListItem\",\"position\":2,\"name\":\"Shop\",\"item\":\"https:\\\/\\\/mx.melvillandmoon.com\\\/shop\\\/\"},{\"@type\":\"ListItem\",\"position\":3,\"name\":\"Estuche de Cosm\u00e9ticos Toto para Damas\"}]},{\"@type\":\"WebSite\",\"@id\":\"https:\\\/\\\/mx.melvillandmoon.com\\\/#website\",\"url\":\"https:\\\/\\\/mx.melvillandmoon.com\\\/\",\"name\":\"Melvill and Moon Mexico\",\"description\":\"Seat Covers | Leather Luggage\",\"potentialAction\":[{\"@type\":\"SearchAction\",\"target\":{\"@type\":\"EntryPoint\",\"urlTemplate\":\"https:\\\/\\\/mx.melvillandmoon.com\\\/?s={search_term_string}\"},\"query-input\":{\"@type\":\"PropertyValueSpecification\",\"valueRequired\":true,\"valueName\":\"search_term_string\"}}],\"inLanguage\":\"es\"}]}<\/script>\n<!-- \/ Yoast SEO plugin. -->","yoast_head_json":{"title":"Estuche de Cosm\u00e9ticos Toto para Damas - Melvill and Moon Mexico","robots":{"index":"index","follow":"follow","max-snippet":"max-snippet:-1","max-image-preview":"max-image-preview:large","max-video-preview":"max-video-preview:-1"},"canonical":"https:\/\/mx.melvillandmoon.com\/es\/producto\/estuche-de-cosmeticos-toto-para-damas\/","og_locale":"es_ES","og_type":"article","og_title":"Estuche de Cosm\u00e9ticos Toto para Damas - Melvill and Moon Mexico","og_description":"La m\u00e1s peque\u00f1a de nuestras bolsas, ideal para esos peque\u00f1os retoques antes, durante y despu\u00e9s de un largo d\u00eda. Tambi\u00e9n es buena para llevar b\u00e1lsamo labial, gotas para los ojos y cepillo de dientes de viaje, ya sea para una noche o en el avi\u00f3n. Toto es swahili para \"ni\u00f1o grande\". Como una bolsa lo suficientemente grande para llevar tus cosm\u00e9ticos en un viaje (en lugar de una noche en la ciudad).","og_url":"https:\/\/mx.melvillandmoon.com\/es\/producto\/estuche-de-cosmeticos-toto-para-damas\/","og_site_name":"Melvill and Moon Mexico","article_modified_time":"2024-05-15T20:23:10+00:00","og_image":[{"width":800,"height":800,"url":"https:\/\/mx.melvillandmoon.com\/wp-content\/uploads\/sites\/5\/2019\/05\/MR_TLCPL_Toto-Ladies-Cosmetic-Pouch_Leather_2.jpg","type":"image\/jpeg"}],"twitter_card":"summary_large_image","schema":{"@context":"https:\/\/schema.org","@graph":[{"@type":"WebPage","@id":"https:\/\/mx.melvillandmoon.com\/es\/producto\/estuche-de-cosmeticos-toto-para-damas\/","url":"https:\/\/mx.melvillandmoon.com\/es\/producto\/estuche-de-cosmeticos-toto-para-damas\/","name":"Estuche de Cosm\u00e9ticos Toto para Damas - Melvill and Moon Mexico","isPartOf":{"@id":"https:\/\/mx.melvillandmoon.com\/#website"},"primaryImageOfPage":{"@id":"https:\/\/mx.melvillandmoon.com\/es\/producto\/estuche-de-cosmeticos-toto-para-damas\/#primaryimage"},"image":{"@id":"https:\/\/mx.melvillandmoon.com\/es\/producto\/estuche-de-cosmeticos-toto-para-damas\/#primaryimage"},"thumbnailUrl":"https:\/\/mx.melvillandmoon.com\/wp-content\/uploads\/sites\/5\/2019\/05\/MR_TLCPL_Toto-Ladies-Cosmetic-Pouch_Leather_2.jpg","datePublished":"2019-05-24T12:17:22+00:00","dateModified":"2024-05-15T20:23:10+00:00","breadcrumb":{"@id":"https:\/\/mx.melvillandmoon.com\/es\/producto\/estuche-de-cosmeticos-toto-para-damas\/#breadcrumb"},"inLanguage":"es","potentialAction":[{"@type":"ReadAction","target":["https:\/\/mx.melvillandmoon.com\/es\/producto\/estuche-de-cosmeticos-toto-para-damas\/"]}]},{"@type":"ImageObject","inLanguage":"es","@id":"https:\/\/mx.melvillandmoon.com\/es\/producto\/estuche-de-cosmeticos-toto-para-damas\/#primaryimage","url":"https:\/\/mx.melvillandmoon.com\/wp-content\/uploads\/sites\/5\/2019\/05\/MR_TLCPL_Toto-Ladies-Cosmetic-Pouch_Leather_2.jpg","contentUrl":"https:\/\/mx.melvillandmoon.com\/wp-content\/uploads\/sites\/5\/2019\/05\/MR_TLCPL_Toto-Ladies-Cosmetic-Pouch_Leather_2.jpg","width":800,"height":800},{"@type":"BreadcrumbList","@id":"https:\/\/mx.melvillandmoon.com\/es\/producto\/estuche-de-cosmeticos-toto-para-damas\/#breadcrumb","itemListElement":[{"@type":"ListItem","position":1,"name":"Home","item":"https:\/\/mx.melvillandmoon.com\/es\/inicio\/"},{"@type":"ListItem","position":2,"name":"Shop","item":"https:\/\/mx.melvillandmoon.com\/shop\/"},{"@type":"ListItem","position":3,"name":"Estuche de Cosm\u00e9ticos Toto para Damas"}]},{"@type":"WebSite","@id":"https:\/\/mx.melvillandmoon.com\/#website","url":"https:\/\/mx.melvillandmoon.com\/","name":"Melvill and Moon Mexico","description":"Seat Covers | Leather Luggage","potentialAction":[{"@type":"SearchAction","target":{"@type":"EntryPoint","urlTemplate":"https:\/\/mx.melvillandmoon.com\/?s={search_term_string}"},"query-input":{"@type":"PropertyValueSpecification","valueRequired":true,"valueName":"search_term_string"}}],"inLanguage":"es"}]}},"_links":{"self":[{"href":"https:\/\/mx.melvillandmoon.com\/es\/wp-json\/wp\/v2\/product\/205616","targetHints":{"allow":["GET"]}}],"collection":[{"href":"https:\/\/mx.melvillandmoon.com\/es\/wp-json\/wp\/v2\/product"}],"about":[{"href":"https:\/\/mx.melvillandmoon.com\/es\/wp-json\/wp\/v2\/types\/product"}],"wp:featuredmedia":[{"embeddable":true,"href":"https:\/\/mx.melvillandmoon.com\/es\/wp-json\/wp\/v2\/media\/204045"}],"wp:attachment":[{"href":"https:\/\/mx.melvillandmoon.com\/es\/wp-json\/wp\/v2\/media?parent=205616"}],"wp:term":[{"taxonomy":"product_brand","embeddable":true,"href":"https:\/\/mx.melvillandmoon.com\/es\/wp-json\/wp\/v2\/product_brand?post=205616"},{"taxonomy":"product_cat","embeddable":true,"href":"https:\/\/mx.melvillandmoon.com\/es\/wp-json\/wp\/v2\/product_cat?post=205616"},{"taxonomy":"product_tag","embeddable":true,"href":"https:\/\/mx.melvillandmoon.com\/es\/wp-json\/wp\/v2\/product_tag?post=205616"}],"curies":[{"name":"wp","href":"https:\/\/api.w.org\/{rel}","templated":true}]}}