{"id":205633,"date":"2023-11-28T22:24:57","date_gmt":"2023-11-28T20:24:57","guid":{"rendered":"https:\/\/mx.melvillandmoon.com\/product\/bolsa-de-viaje-para-viajeros-pequena\/"},"modified":"2023-11-28T22:24:57","modified_gmt":"2023-11-28T20:24:57","slug":"bolsa-de-viaje-para-viajeros-pequena","status":"publish","type":"product","link":"https:\/\/mx.melvillandmoon.com\/es\/producto\/bolsa-de-viaje-para-viajeros-pequena\/","title":{"rendered":"Bolsa de Viaje para Viajeros (Peque\u00f1a)"},"content":{"rendered":"","protected":false},"excerpt":{"rendered":"<p>Una peque\u00f1a bolsa de d\u00eda con asas de cuero o correas para el hombro y \u00fatiles bolsillos interiores.<\/p>\n","protected":false},"featured_media":204086,"template":"","meta":[],"product_brand":[],"product_cat":[3776,3766],"product_tag":[],"class_list":{"0":"post-205633","1":"product","2":"type-product","3":"status-publish","4":"has-post-thumbnail","6":"product_cat-bolsas-de-fin-de-semana","7":"product_cat-equipaje-y-bolsas","8":"product_shipping_class-envio-gratis","9":"pa_material-algodon-encerado","10":"pa_material-arena","11":"pa_material-cuero","12":"pa_material-militar","13":"pa_material-negro","15":"first","16":"instock","17":"taxable","18":"shipping-taxable","19":"purchasable","20":"product-type-variable","21":"has-default-attributes"},"yoast_head":"<!-- This site is optimized with the Yoast SEO plugin v27.3 - https:\/\/yoast.com\/product\/yoast-seo-wordpress\/ -->\n<title>Bolsa de Viaje para Viajeros (Peque\u00f1a) - Melvill and Moon Mexico<\/title>\n<meta name=\"robots\" content=\"index, follow, max-snippet:-1, max-image-preview:large, max-video-preview:-1\" \/>\n<link rel=\"canonical\" href=\"https:\/\/mx.melvillandmoon.com\/product\/bolsa-de-viaje-para-viajeros-pequena\/\" \/>\n<meta property=\"og:locale\" content=\"es_ES\" \/>\n<meta property=\"og:type\" content=\"article\" \/>\n<meta property=\"og:title\" content=\"Bolsa de Viaje para Viajeros (Peque\u00f1a) - Melvill and Moon Mexico\" \/>\n<meta property=\"og:description\" content=\"Una peque\u00f1a bolsa de d\u00eda con asas de cuero o correas para el hombro y \u00fatiles bolsillos interiores.\" \/>\n<meta property=\"og:url\" content=\"https:\/\/mx.melvillandmoon.com\/product\/bolsa-de-viaje-para-viajeros-pequena\/\" \/>\n<meta property=\"og:site_name\" content=\"Melvill and Moon Mexico\" \/>\n<meta name=\"twitter:card\" content=\"summary_large_image\" \/>\n<script type=\"application\/ld+json\" class=\"yoast-schema-graph\">{\"@context\":\"https:\\\/\\\/schema.org\",\"@graph\":[{\"@type\":\"WebPage\",\"@id\":\"https:\\\/\\\/mx.melvillandmoon.com\\\/product\\\/bolsa-de-viaje-para-viajeros-pequena\\\/\",\"url\":\"https:\\\/\\\/mx.melvillandmoon.com\\\/product\\\/bolsa-de-viaje-para-viajeros-pequena\\\/\",\"name\":\"Bolsa de Viaje para Viajeros (Peque\u00f1a) - Melvill and Moon Mexico\",\"isPartOf\":{\"@id\":\"https:\\\/\\\/mx.melvillandmoon.com\\\/#website\"},\"primaryImageOfPage\":{\"@id\":\"https:\\\/\\\/mx.melvillandmoon.com\\\/product\\\/bolsa-de-viaje-para-viajeros-pequena\\\/#primaryimage\"},\"image\":{\"@id\":\"https:\\\/\\\/mx.melvillandmoon.com\\\/product\\\/bolsa-de-viaje-para-viajeros-pequena\\\/#primaryimage\"},\"thumbnailUrl\":\"https:\\\/\\\/mx.melvillandmoon.com\\\/wp-content\\\/uploads\\\/sites\\\/5\\\/2023\\\/11\\\/MR_TRTBSL_Travellers-Tote-Small_Leather_1.jpg\",\"datePublished\":\"2023-11-28T20:24:57+00:00\",\"breadcrumb\":{\"@id\":\"https:\\\/\\\/mx.melvillandmoon.com\\\/product\\\/bolsa-de-viaje-para-viajeros-pequena\\\/#breadcrumb\"},\"inLanguage\":\"es\",\"potentialAction\":[{\"@type\":\"ReadAction\",\"target\":[\"https:\\\/\\\/mx.melvillandmoon.com\\\/product\\\/bolsa-de-viaje-para-viajeros-pequena\\\/\"]}]},{\"@type\":\"ImageObject\",\"inLanguage\":\"es\",\"@id\":\"https:\\\/\\\/mx.melvillandmoon.com\\\/product\\\/bolsa-de-viaje-para-viajeros-pequena\\\/#primaryimage\",\"url\":\"https:\\\/\\\/mx.melvillandmoon.com\\\/wp-content\\\/uploads\\\/sites\\\/5\\\/2023\\\/11\\\/MR_TRTBSL_Travellers-Tote-Small_Leather_1.jpg\",\"contentUrl\":\"https:\\\/\\\/mx.melvillandmoon.com\\\/wp-content\\\/uploads\\\/sites\\\/5\\\/2023\\\/11\\\/MR_TRTBSL_Travellers-Tote-Small_Leather_1.jpg\",\"width\":800,\"height\":800},{\"@type\":\"BreadcrumbList\",\"@id\":\"https:\\\/\\\/mx.melvillandmoon.com\\\/product\\\/bolsa-de-viaje-para-viajeros-pequena\\\/#breadcrumb\",\"itemListElement\":[{\"@type\":\"ListItem\",\"position\":1,\"name\":\"Home\",\"item\":\"https:\\\/\\\/mx.melvillandmoon.com\\\/es\\\/inicio\\\/\"},{\"@type\":\"ListItem\",\"position\":2,\"name\":\"Shop\",\"item\":\"https:\\\/\\\/mx.melvillandmoon.com\\\/shop\\\/\"},{\"@type\":\"ListItem\",\"position\":3,\"name\":\"Bolsa de Viaje para Viajeros (Peque\u00f1a)\"}]},{\"@type\":\"WebSite\",\"@id\":\"https:\\\/\\\/mx.melvillandmoon.com\\\/#website\",\"url\":\"https:\\\/\\\/mx.melvillandmoon.com\\\/\",\"name\":\"Melvill and Moon Mexico\",\"description\":\"Seat Covers | Leather Luggage\",\"potentialAction\":[{\"@type\":\"SearchAction\",\"target\":{\"@type\":\"EntryPoint\",\"urlTemplate\":\"https:\\\/\\\/mx.melvillandmoon.com\\\/?s={search_term_string}\"},\"query-input\":{\"@type\":\"PropertyValueSpecification\",\"valueRequired\":true,\"valueName\":\"search_term_string\"}}],\"inLanguage\":\"es\"}]}<\/script>\n<!-- \/ Yoast SEO plugin. -->","yoast_head_json":{"title":"Bolsa de Viaje para Viajeros (Peque\u00f1a) - Melvill and Moon Mexico","robots":{"index":"index","follow":"follow","max-snippet":"max-snippet:-1","max-image-preview":"max-image-preview:large","max-video-preview":"max-video-preview:-1"},"canonical":"https:\/\/mx.melvillandmoon.com\/product\/bolsa-de-viaje-para-viajeros-pequena\/","og_locale":"es_ES","og_type":"article","og_title":"Bolsa de Viaje para Viajeros (Peque\u00f1a) - Melvill and Moon Mexico","og_description":"Una peque\u00f1a bolsa de d\u00eda con asas de cuero o correas para el hombro y \u00fatiles bolsillos interiores.","og_url":"https:\/\/mx.melvillandmoon.com\/product\/bolsa-de-viaje-para-viajeros-pequena\/","og_site_name":"Melvill and Moon Mexico","twitter_card":"summary_large_image","schema":{"@context":"https:\/\/schema.org","@graph":[{"@type":"WebPage","@id":"https:\/\/mx.melvillandmoon.com\/product\/bolsa-de-viaje-para-viajeros-pequena\/","url":"https:\/\/mx.melvillandmoon.com\/product\/bolsa-de-viaje-para-viajeros-pequena\/","name":"Bolsa de Viaje para Viajeros (Peque\u00f1a) - Melvill and Moon Mexico","isPartOf":{"@id":"https:\/\/mx.melvillandmoon.com\/#website"},"primaryImageOfPage":{"@id":"https:\/\/mx.melvillandmoon.com\/product\/bolsa-de-viaje-para-viajeros-pequena\/#primaryimage"},"image":{"@id":"https:\/\/mx.melvillandmoon.com\/product\/bolsa-de-viaje-para-viajeros-pequena\/#primaryimage"},"thumbnailUrl":"https:\/\/mx.melvillandmoon.com\/wp-content\/uploads\/sites\/5\/2023\/11\/MR_TRTBSL_Travellers-Tote-Small_Leather_1.jpg","datePublished":"2023-11-28T20:24:57+00:00","breadcrumb":{"@id":"https:\/\/mx.melvillandmoon.com\/product\/bolsa-de-viaje-para-viajeros-pequena\/#breadcrumb"},"inLanguage":"es","potentialAction":[{"@type":"ReadAction","target":["https:\/\/mx.melvillandmoon.com\/product\/bolsa-de-viaje-para-viajeros-pequena\/"]}]},{"@type":"ImageObject","inLanguage":"es","@id":"https:\/\/mx.melvillandmoon.com\/product\/bolsa-de-viaje-para-viajeros-pequena\/#primaryimage","url":"https:\/\/mx.melvillandmoon.com\/wp-content\/uploads\/sites\/5\/2023\/11\/MR_TRTBSL_Travellers-Tote-Small_Leather_1.jpg","contentUrl":"https:\/\/mx.melvillandmoon.com\/wp-content\/uploads\/sites\/5\/2023\/11\/MR_TRTBSL_Travellers-Tote-Small_Leather_1.jpg","width":800,"height":800},{"@type":"BreadcrumbList","@id":"https:\/\/mx.melvillandmoon.com\/product\/bolsa-de-viaje-para-viajeros-pequena\/#breadcrumb","itemListElement":[{"@type":"ListItem","position":1,"name":"Home","item":"https:\/\/mx.melvillandmoon.com\/es\/inicio\/"},{"@type":"ListItem","position":2,"name":"Shop","item":"https:\/\/mx.melvillandmoon.com\/shop\/"},{"@type":"ListItem","position":3,"name":"Bolsa de Viaje para Viajeros (Peque\u00f1a)"}]},{"@type":"WebSite","@id":"https:\/\/mx.melvillandmoon.com\/#website","url":"https:\/\/mx.melvillandmoon.com\/","name":"Melvill and Moon Mexico","description":"Seat Covers | Leather Luggage","potentialAction":[{"@type":"SearchAction","target":{"@type":"EntryPoint","urlTemplate":"https:\/\/mx.melvillandmoon.com\/?s={search_term_string}"},"query-input":{"@type":"PropertyValueSpecification","valueRequired":true,"valueName":"search_term_string"}}],"inLanguage":"es"}]}},"_links":{"self":[{"href":"https:\/\/mx.melvillandmoon.com\/es\/wp-json\/wp\/v2\/product\/205633","targetHints":{"allow":["GET"]}}],"collection":[{"href":"https:\/\/mx.melvillandmoon.com\/es\/wp-json\/wp\/v2\/product"}],"about":[{"href":"https:\/\/mx.melvillandmoon.com\/es\/wp-json\/wp\/v2\/types\/product"}],"wp:featuredmedia":[{"embeddable":true,"href":"https:\/\/mx.melvillandmoon.com\/es\/wp-json\/wp\/v2\/media\/204086"}],"wp:attachment":[{"href":"https:\/\/mx.melvillandmoon.com\/es\/wp-json\/wp\/v2\/media?parent=205633"}],"wp:term":[{"taxonomy":"product_brand","embeddable":true,"href":"https:\/\/mx.melvillandmoon.com\/es\/wp-json\/wp\/v2\/product_brand?post=205633"},{"taxonomy":"product_cat","embeddable":true,"href":"https:\/\/mx.melvillandmoon.com\/es\/wp-json\/wp\/v2\/product_cat?post=205633"},{"taxonomy":"product_tag","embeddable":true,"href":"https:\/\/mx.melvillandmoon.com\/es\/wp-json\/wp\/v2\/product_tag?post=205633"}],"curies":[{"name":"wp","href":"https:\/\/api.w.org\/{rel}","templated":true}]}}