{"id":205688,"date":"2019-07-15T20:45:03","date_gmt":"2019-07-15T18:45:03","guid":{"rendered":"https:\/\/mx.melvillandmoon.com\/product\/bolsa-de-dia-completa-de-nairobi\/"},"modified":"2019-07-15T20:45:03","modified_gmt":"2019-07-15T18:45:03","slug":"bolsa-de-dia-completa-de-nairobi","status":"publish","type":"product","link":"https:\/\/mx.melvillandmoon.com\/es\/producto\/bolsa-de-dia-completa-de-nairobi\/","title":{"rendered":"Bolsa de d\u00eda completa de Nairobi"},"content":{"rendered":"","protected":false},"excerpt":{"rendered":"<p>Bolso de d\u00eda Nairobi de tama\u00f1o adecuado para llevar a bordo, pero lo suficientemente grande para acomodar los elementos esenciales para cualquier viaje. Adem\u00e1s, cuenta con numerosos bolsillos interiores y un sistema de cierre simple pero inusual que confundir\u00e1 a cualquier &#8220;oportunista&#8221; del aeropuerto. En el campo, muchas marcas de moda se apoyan en la imaginer\u00eda del deporte ecuestre del polo. Pero esta no es solo una bolsa de moda, es una bolsa de trabajo dise\u00f1ada en torno a las necesidades espec\u00edficas de los jugadores reales. Hay ciertas cosas sin las cuales simplemente no puedes llegar a un juego; tu casco, protectores de rodilla, guantes, gafas protectoras, jeans, camiseta del equipo, guantes, sudadera, toalla, etc. Para aquellos que no quieren molestarse con una bolsa para botas, esta bolsa tambi\u00e9n las puede acomodar, pero hay que considerar el sudor y la suciedad de las botas sucias despu\u00e9s del juego. Nuestras fotos de esta bolsa en acci\u00f3n fueron tomadas durante la visita de un equipo sudafricano a Canad\u00e1. Los n\u00fameros espec\u00edficos de los jugadores y la marca del club en el tour son un buen ejemplo de la atractividad del bordado en cuero.       <\/p>\n","protected":false},"featured_media":202541,"template":"","meta":[],"product_brand":[],"product_cat":[3776,3770,3764,3766,3765],"product_tag":[],"class_list":{"0":"post-205688","1":"product","2":"type-product","3":"status-publish","4":"has-post-thumbnail","6":"product_cat-bolsas-de-fin-de-semana","7":"product_cat-bolsas-de-mano","8":"product_cat-deportes-de-campo","9":"product_cat-equipaje-y-bolsas","10":"product_cat-polo-es","11":"product_shipping_class-envio-gratis","12":"pa_material-algodon-encerado","13":"pa_material-arena","14":"pa_material-cuero","15":"pa_material-negro","17":"first","18":"instock","19":"taxable","20":"shipping-taxable","21":"purchasable","22":"product-type-variable","23":"has-default-attributes"},"yoast_head":"<!-- This site is optimized with the Yoast SEO plugin v27.3 - https:\/\/yoast.com\/product\/yoast-seo-wordpress\/ -->\n<title>Bolsa de d\u00eda completa de Nairobi - Melvill and Moon Mexico<\/title>\n<meta name=\"robots\" content=\"index, follow, max-snippet:-1, max-image-preview:large, max-video-preview:-1\" \/>\n<link rel=\"canonical\" href=\"https:\/\/mx.melvillandmoon.com\/product\/bolsa-de-dia-completa-de-nairobi\/\" \/>\n<meta property=\"og:locale\" content=\"es_ES\" \/>\n<meta property=\"og:type\" content=\"article\" \/>\n<meta property=\"og:title\" content=\"Bolsa de d\u00eda completa de Nairobi - Melvill and Moon Mexico\" \/>\n<meta property=\"og:description\" content=\"Bolso de d\u00eda Nairobi de tama\u00f1o adecuado para llevar a bordo, pero lo suficientemente grande para acomodar los elementos esenciales para cualquier viaje. Adem\u00e1s, cuenta con numerosos bolsillos interiores y un sistema de cierre simple pero inusual que confundir\u00e1 a cualquier &quot;oportunista&quot; del aeropuerto. En el campo, muchas marcas de moda se apoyan en la imaginer\u00eda del deporte ecuestre del polo. Pero esta no es solo una bolsa de moda, es una bolsa de trabajo dise\u00f1ada en torno a las necesidades espec\u00edficas de los jugadores reales. Hay ciertas cosas sin las cuales simplemente no puedes llegar a un juego; tu casco, protectores de rodilla, guantes, gafas protectoras, jeans, camiseta del equipo, guantes, sudadera, toalla, etc. Para aquellos que no quieren molestarse con una bolsa para botas, esta bolsa tambi\u00e9n las puede acomodar, pero hay que considerar el sudor y la suciedad de las botas sucias despu\u00e9s del juego. Nuestras fotos de esta bolsa en acci\u00f3n fueron tomadas durante la visita de un equipo sudafricano a Canad\u00e1. Los n\u00fameros espec\u00edficos de los jugadores y la marca del club en el tour son un buen ejemplo de la atractividad del bordado en cuero.\" \/>\n<meta property=\"og:url\" content=\"https:\/\/mx.melvillandmoon.com\/product\/bolsa-de-dia-completa-de-nairobi\/\" \/>\n<meta property=\"og:site_name\" content=\"Melvill and Moon Mexico\" \/>\n<meta name=\"twitter:card\" content=\"summary_large_image\" \/>\n<script type=\"application\/ld+json\" class=\"yoast-schema-graph\">{\"@context\":\"https:\\\/\\\/schema.org\",\"@graph\":[{\"@type\":\"WebPage\",\"@id\":\"https:\\\/\\\/mx.melvillandmoon.com\\\/product\\\/bolsa-de-dia-completa-de-nairobi\\\/\",\"url\":\"https:\\\/\\\/mx.melvillandmoon.com\\\/product\\\/bolsa-de-dia-completa-de-nairobi\\\/\",\"name\":\"Bolsa de d\u00eda completa de Nairobi - Melvill and Moon Mexico\",\"isPartOf\":{\"@id\":\"https:\\\/\\\/mx.melvillandmoon.com\\\/#website\"},\"primaryImageOfPage\":{\"@id\":\"https:\\\/\\\/mx.melvillandmoon.com\\\/product\\\/bolsa-de-dia-completa-de-nairobi\\\/#primaryimage\"},\"image\":{\"@id\":\"https:\\\/\\\/mx.melvillandmoon.com\\\/product\\\/bolsa-de-dia-completa-de-nairobi\\\/#primaryimage\"},\"thumbnailUrl\":\"https:\\\/\\\/mx.melvillandmoon.com\\\/wp-content\\\/uploads\\\/sites\\\/5\\\/2022\\\/06\\\/NRFDBL-Nairobi-Full-Day-Bag-Leather-1.jpg\",\"datePublished\":\"2019-07-15T18:45:03+00:00\",\"breadcrumb\":{\"@id\":\"https:\\\/\\\/mx.melvillandmoon.com\\\/product\\\/bolsa-de-dia-completa-de-nairobi\\\/#breadcrumb\"},\"inLanguage\":\"es\",\"potentialAction\":[{\"@type\":\"ReadAction\",\"target\":[\"https:\\\/\\\/mx.melvillandmoon.com\\\/product\\\/bolsa-de-dia-completa-de-nairobi\\\/\"]}]},{\"@type\":\"ImageObject\",\"inLanguage\":\"es\",\"@id\":\"https:\\\/\\\/mx.melvillandmoon.com\\\/product\\\/bolsa-de-dia-completa-de-nairobi\\\/#primaryimage\",\"url\":\"https:\\\/\\\/mx.melvillandmoon.com\\\/wp-content\\\/uploads\\\/sites\\\/5\\\/2022\\\/06\\\/NRFDBL-Nairobi-Full-Day-Bag-Leather-1.jpg\",\"contentUrl\":\"https:\\\/\\\/mx.melvillandmoon.com\\\/wp-content\\\/uploads\\\/sites\\\/5\\\/2022\\\/06\\\/NRFDBL-Nairobi-Full-Day-Bag-Leather-1.jpg\",\"width\":800,\"height\":800},{\"@type\":\"BreadcrumbList\",\"@id\":\"https:\\\/\\\/mx.melvillandmoon.com\\\/product\\\/bolsa-de-dia-completa-de-nairobi\\\/#breadcrumb\",\"itemListElement\":[{\"@type\":\"ListItem\",\"position\":1,\"name\":\"Home\",\"item\":\"https:\\\/\\\/mx.melvillandmoon.com\\\/es\\\/inicio\\\/\"},{\"@type\":\"ListItem\",\"position\":2,\"name\":\"Shop\",\"item\":\"https:\\\/\\\/mx.melvillandmoon.com\\\/shop\\\/\"},{\"@type\":\"ListItem\",\"position\":3,\"name\":\"Bolsa de d\u00eda completa de Nairobi\"}]},{\"@type\":\"WebSite\",\"@id\":\"https:\\\/\\\/mx.melvillandmoon.com\\\/#website\",\"url\":\"https:\\\/\\\/mx.melvillandmoon.com\\\/\",\"name\":\"Melvill and Moon Mexico\",\"description\":\"Seat Covers | Leather Luggage\",\"potentialAction\":[{\"@type\":\"SearchAction\",\"target\":{\"@type\":\"EntryPoint\",\"urlTemplate\":\"https:\\\/\\\/mx.melvillandmoon.com\\\/?s={search_term_string}\"},\"query-input\":{\"@type\":\"PropertyValueSpecification\",\"valueRequired\":true,\"valueName\":\"search_term_string\"}}],\"inLanguage\":\"es\"}]}<\/script>\n<!-- \/ Yoast SEO plugin. -->","yoast_head_json":{"title":"Bolsa de d\u00eda completa de Nairobi - Melvill and Moon Mexico","robots":{"index":"index","follow":"follow","max-snippet":"max-snippet:-1","max-image-preview":"max-image-preview:large","max-video-preview":"max-video-preview:-1"},"canonical":"https:\/\/mx.melvillandmoon.com\/product\/bolsa-de-dia-completa-de-nairobi\/","og_locale":"es_ES","og_type":"article","og_title":"Bolsa de d\u00eda completa de Nairobi - Melvill and Moon Mexico","og_description":"Bolso de d\u00eda Nairobi de tama\u00f1o adecuado para llevar a bordo, pero lo suficientemente grande para acomodar los elementos esenciales para cualquier viaje. Adem\u00e1s, cuenta con numerosos bolsillos interiores y un sistema de cierre simple pero inusual que confundir\u00e1 a cualquier \"oportunista\" del aeropuerto. En el campo, muchas marcas de moda se apoyan en la imaginer\u00eda del deporte ecuestre del polo. Pero esta no es solo una bolsa de moda, es una bolsa de trabajo dise\u00f1ada en torno a las necesidades espec\u00edficas de los jugadores reales. Hay ciertas cosas sin las cuales simplemente no puedes llegar a un juego; tu casco, protectores de rodilla, guantes, gafas protectoras, jeans, camiseta del equipo, guantes, sudadera, toalla, etc. Para aquellos que no quieren molestarse con una bolsa para botas, esta bolsa tambi\u00e9n las puede acomodar, pero hay que considerar el sudor y la suciedad de las botas sucias despu\u00e9s del juego. Nuestras fotos de esta bolsa en acci\u00f3n fueron tomadas durante la visita de un equipo sudafricano a Canad\u00e1. Los n\u00fameros espec\u00edficos de los jugadores y la marca del club en el tour son un buen ejemplo de la atractividad del bordado en cuero.","og_url":"https:\/\/mx.melvillandmoon.com\/product\/bolsa-de-dia-completa-de-nairobi\/","og_site_name":"Melvill and Moon Mexico","twitter_card":"summary_large_image","schema":{"@context":"https:\/\/schema.org","@graph":[{"@type":"WebPage","@id":"https:\/\/mx.melvillandmoon.com\/product\/bolsa-de-dia-completa-de-nairobi\/","url":"https:\/\/mx.melvillandmoon.com\/product\/bolsa-de-dia-completa-de-nairobi\/","name":"Bolsa de d\u00eda completa de Nairobi - Melvill and Moon Mexico","isPartOf":{"@id":"https:\/\/mx.melvillandmoon.com\/#website"},"primaryImageOfPage":{"@id":"https:\/\/mx.melvillandmoon.com\/product\/bolsa-de-dia-completa-de-nairobi\/#primaryimage"},"image":{"@id":"https:\/\/mx.melvillandmoon.com\/product\/bolsa-de-dia-completa-de-nairobi\/#primaryimage"},"thumbnailUrl":"https:\/\/mx.melvillandmoon.com\/wp-content\/uploads\/sites\/5\/2022\/06\/NRFDBL-Nairobi-Full-Day-Bag-Leather-1.jpg","datePublished":"2019-07-15T18:45:03+00:00","breadcrumb":{"@id":"https:\/\/mx.melvillandmoon.com\/product\/bolsa-de-dia-completa-de-nairobi\/#breadcrumb"},"inLanguage":"es","potentialAction":[{"@type":"ReadAction","target":["https:\/\/mx.melvillandmoon.com\/product\/bolsa-de-dia-completa-de-nairobi\/"]}]},{"@type":"ImageObject","inLanguage":"es","@id":"https:\/\/mx.melvillandmoon.com\/product\/bolsa-de-dia-completa-de-nairobi\/#primaryimage","url":"https:\/\/mx.melvillandmoon.com\/wp-content\/uploads\/sites\/5\/2022\/06\/NRFDBL-Nairobi-Full-Day-Bag-Leather-1.jpg","contentUrl":"https:\/\/mx.melvillandmoon.com\/wp-content\/uploads\/sites\/5\/2022\/06\/NRFDBL-Nairobi-Full-Day-Bag-Leather-1.jpg","width":800,"height":800},{"@type":"BreadcrumbList","@id":"https:\/\/mx.melvillandmoon.com\/product\/bolsa-de-dia-completa-de-nairobi\/#breadcrumb","itemListElement":[{"@type":"ListItem","position":1,"name":"Home","item":"https:\/\/mx.melvillandmoon.com\/es\/inicio\/"},{"@type":"ListItem","position":2,"name":"Shop","item":"https:\/\/mx.melvillandmoon.com\/shop\/"},{"@type":"ListItem","position":3,"name":"Bolsa de d\u00eda completa de Nairobi"}]},{"@type":"WebSite","@id":"https:\/\/mx.melvillandmoon.com\/#website","url":"https:\/\/mx.melvillandmoon.com\/","name":"Melvill and Moon Mexico","description":"Seat Covers | Leather Luggage","potentialAction":[{"@type":"SearchAction","target":{"@type":"EntryPoint","urlTemplate":"https:\/\/mx.melvillandmoon.com\/?s={search_term_string}"},"query-input":{"@type":"PropertyValueSpecification","valueRequired":true,"valueName":"search_term_string"}}],"inLanguage":"es"}]}},"_links":{"self":[{"href":"https:\/\/mx.melvillandmoon.com\/es\/wp-json\/wp\/v2\/product\/205688","targetHints":{"allow":["GET"]}}],"collection":[{"href":"https:\/\/mx.melvillandmoon.com\/es\/wp-json\/wp\/v2\/product"}],"about":[{"href":"https:\/\/mx.melvillandmoon.com\/es\/wp-json\/wp\/v2\/types\/product"}],"wp:featuredmedia":[{"embeddable":true,"href":"https:\/\/mx.melvillandmoon.com\/es\/wp-json\/wp\/v2\/media\/202541"}],"wp:attachment":[{"href":"https:\/\/mx.melvillandmoon.com\/es\/wp-json\/wp\/v2\/media?parent=205688"}],"wp:term":[{"taxonomy":"product_brand","embeddable":true,"href":"https:\/\/mx.melvillandmoon.com\/es\/wp-json\/wp\/v2\/product_brand?post=205688"},{"taxonomy":"product_cat","embeddable":true,"href":"https:\/\/mx.melvillandmoon.com\/es\/wp-json\/wp\/v2\/product_cat?post=205688"},{"taxonomy":"product_tag","embeddable":true,"href":"https:\/\/mx.melvillandmoon.com\/es\/wp-json\/wp\/v2\/product_tag?post=205688"}],"curies":[{"name":"wp","href":"https:\/\/api.w.org\/{rel}","templated":true}]}}