{"id":205787,"date":"2024-06-18T18:05:56","date_gmt":"2024-06-18T16:05:56","guid":{"rendered":"https:\/\/mx.melvillandmoon.com\/product\/landrover-defender-110-station-wagon-2007-2016-2-asientos-individuales-rem-hr-division-60-40-rem-hr-asientos-adicionales-puma\/"},"modified":"2024-06-18T18:05:56","modified_gmt":"2024-06-18T16:05:56","slug":"landrover-defender-110-station-wagon-2007-2016-2-asientos-individuales-rem-hr-division-60-40-rem-hr-asientos-adicionales-puma","status":"publish","type":"product","link":"https:\/\/mx.melvillandmoon.com\/es\/producto\/landrover-defender-110-station-wagon-2007-2016-2-asientos-individuales-rem-hr-division-60-40-rem-hr-asientos-adicionales-puma\/","title":{"rendered":"Landrover Defender 110 Station Wagon 2007-2016 &#8211; 2 Asientos Individuales &#8211; REM HR + Divisi\u00f3n 60\/40 &#8211; REM HR + Asientos Adicionales (Puma)"},"content":{"rendered":"","protected":false},"excerpt":{"rendered":"<p>Nuestra gama de fundas de asiento incluye la Original 100% Lona de Algod\u00f3n y la Gama Premium con caracter\u00edsticas de lujo a\u00f1adidas.<\/p>\n<p>Todas las fundas de asiento son compatibles con airbags, tienen bolsillos laterales en los asientos delanteros y son resistentes al agua.<br \/>\nNuestras fundas Premium vienen con ribete de cuero y est\u00e1n disponibles con opciones de personalizaci\u00f3n mediante iniciales bordadas.<br \/>\nPor favor, visite nuestra secci\u00f3n de Cuidado y Consejos para las instrucciones de lavado.<\/p>\n","protected":false},"featured_media":205724,"template":"","meta":[],"product_brand":[],"product_cat":[3893,3895],"product_tag":[],"class_list":{"0":"post-205787","1":"product","2":"type-product","3":"status-publish","4":"has-post-thumbnail","6":"product_cat-fundas-de-asientos","7":"product_cat-landrover-es","9":"first","10":"instock","11":"taxable","12":"shipping-taxable","13":"purchasable","14":"product-type-simple"},"yoast_head":"<!-- This site is optimized with the Yoast SEO plugin v27.3 - https:\/\/yoast.com\/product\/yoast-seo-wordpress\/ -->\n<title>Landrover Defender 110 Station Wagon 2007-2016 - 2 Asientos Individuales - REM HR + Divisi\u00f3n 60\/40 - REM HR + Asientos Adicionales (Puma) - Melvill and Moon Mexico<\/title>\n<meta name=\"robots\" content=\"index, follow, max-snippet:-1, max-image-preview:large, max-video-preview:-1\" \/>\n<link rel=\"canonical\" href=\"https:\/\/mx.melvillandmoon.com\/product\/landrover-defender-110-station-wagon-2007-2016-2-asientos-individuales-rem-hr-division-60-40-rem-hr-asientos-adicionales-puma\/\" \/>\n<meta property=\"og:locale\" content=\"es_ES\" \/>\n<meta property=\"og:type\" content=\"article\" \/>\n<meta property=\"og:title\" content=\"Landrover Defender 110 Station Wagon 2007-2016 - 2 Asientos Individuales - REM HR + Divisi\u00f3n 60\/40 - REM HR + Asientos Adicionales (Puma) - Melvill and Moon Mexico\" \/>\n<meta property=\"og:description\" content=\"Nuestra gama de fundas de asiento incluye la Original 100% Lona de Algod\u00f3n y la Gama Premium con caracter\u00edsticas de lujo a\u00f1adidas. Todas las fundas de asiento son compatibles con airbags, tienen bolsillos laterales en los asientos delanteros y son resistentes al agua. Nuestras fundas Premium vienen con ribete de cuero y est\u00e1n disponibles con opciones de personalizaci\u00f3n mediante iniciales bordadas. Por favor, visite nuestra secci\u00f3n de Cuidado y Consejos para las instrucciones de lavado.\" \/>\n<meta property=\"og:url\" content=\"https:\/\/mx.melvillandmoon.com\/product\/landrover-defender-110-station-wagon-2007-2016-2-asientos-individuales-rem-hr-division-60-40-rem-hr-asientos-adicionales-puma\/\" \/>\n<meta property=\"og:site_name\" content=\"Melvill and Moon Mexico\" \/>\n<meta name=\"twitter:card\" content=\"summary_large_image\" \/>\n<script type=\"application\/ld+json\" class=\"yoast-schema-graph\">{\"@context\":\"https:\\\/\\\/schema.org\",\"@graph\":[{\"@type\":\"WebPage\",\"@id\":\"https:\\\/\\\/mx.melvillandmoon.com\\\/product\\\/landrover-defender-110-station-wagon-2007-2016-2-asientos-individuales-rem-hr-division-60-40-rem-hr-asientos-adicionales-puma\\\/\",\"url\":\"https:\\\/\\\/mx.melvillandmoon.com\\\/product\\\/landrover-defender-110-station-wagon-2007-2016-2-asientos-individuales-rem-hr-division-60-40-rem-hr-asientos-adicionales-puma\\\/\",\"name\":\"Landrover Defender 110 Station Wagon 2007-2016 - 2 Asientos Individuales - REM HR + Divisi\u00f3n 60\\\/40 - REM HR + Asientos Adicionales (Puma) - Melvill and Moon Mexico\",\"isPartOf\":{\"@id\":\"https:\\\/\\\/mx.melvillandmoon.com\\\/#website\"},\"primaryImageOfPage\":{\"@id\":\"https:\\\/\\\/mx.melvillandmoon.com\\\/product\\\/landrover-defender-110-station-wagon-2007-2016-2-asientos-individuales-rem-hr-division-60-40-rem-hr-asientos-adicionales-puma\\\/#primaryimage\"},\"image\":{\"@id\":\"https:\\\/\\\/mx.melvillandmoon.com\\\/product\\\/landrover-defender-110-station-wagon-2007-2016-2-asientos-individuales-rem-hr-division-60-40-rem-hr-asientos-adicionales-puma\\\/#primaryimage\"},\"thumbnailUrl\":\"https:\\\/\\\/mx.melvillandmoon.com\\\/wp-content\\\/uploads\\\/sites\\\/5\\\/2024\\\/06\\\/Seat-Cover-Original-Sand.jpg\",\"datePublished\":\"2024-06-18T16:05:56+00:00\",\"breadcrumb\":{\"@id\":\"https:\\\/\\\/mx.melvillandmoon.com\\\/product\\\/landrover-defender-110-station-wagon-2007-2016-2-asientos-individuales-rem-hr-division-60-40-rem-hr-asientos-adicionales-puma\\\/#breadcrumb\"},\"inLanguage\":\"es\",\"potentialAction\":[{\"@type\":\"ReadAction\",\"target\":[\"https:\\\/\\\/mx.melvillandmoon.com\\\/product\\\/landrover-defender-110-station-wagon-2007-2016-2-asientos-individuales-rem-hr-division-60-40-rem-hr-asientos-adicionales-puma\\\/\"]}]},{\"@type\":\"ImageObject\",\"inLanguage\":\"es\",\"@id\":\"https:\\\/\\\/mx.melvillandmoon.com\\\/product\\\/landrover-defender-110-station-wagon-2007-2016-2-asientos-individuales-rem-hr-division-60-40-rem-hr-asientos-adicionales-puma\\\/#primaryimage\",\"url\":\"https:\\\/\\\/mx.melvillandmoon.com\\\/wp-content\\\/uploads\\\/sites\\\/5\\\/2024\\\/06\\\/Seat-Cover-Original-Sand.jpg\",\"contentUrl\":\"https:\\\/\\\/mx.melvillandmoon.com\\\/wp-content\\\/uploads\\\/sites\\\/5\\\/2024\\\/06\\\/Seat-Cover-Original-Sand.jpg\",\"width\":500,\"height\":500},{\"@type\":\"BreadcrumbList\",\"@id\":\"https:\\\/\\\/mx.melvillandmoon.com\\\/product\\\/landrover-defender-110-station-wagon-2007-2016-2-asientos-individuales-rem-hr-division-60-40-rem-hr-asientos-adicionales-puma\\\/#breadcrumb\",\"itemListElement\":[{\"@type\":\"ListItem\",\"position\":1,\"name\":\"Home\",\"item\":\"https:\\\/\\\/mx.melvillandmoon.com\\\/es\\\/inicio\\\/\"},{\"@type\":\"ListItem\",\"position\":2,\"name\":\"Shop\",\"item\":\"https:\\\/\\\/mx.melvillandmoon.com\\\/shop\\\/\"},{\"@type\":\"ListItem\",\"position\":3,\"name\":\"Landrover Defender 110 Station Wagon 2007-2016 &#8211; 2 Asientos Individuales &#8211; REM HR + Divisi\u00f3n 60\\\/40 &#8211; REM HR + Asientos Adicionales (Puma)\"}]},{\"@type\":\"WebSite\",\"@id\":\"https:\\\/\\\/mx.melvillandmoon.com\\\/#website\",\"url\":\"https:\\\/\\\/mx.melvillandmoon.com\\\/\",\"name\":\"Melvill and Moon Mexico\",\"description\":\"Seat Covers | Leather Luggage\",\"potentialAction\":[{\"@type\":\"SearchAction\",\"target\":{\"@type\":\"EntryPoint\",\"urlTemplate\":\"https:\\\/\\\/mx.melvillandmoon.com\\\/?s={search_term_string}\"},\"query-input\":{\"@type\":\"PropertyValueSpecification\",\"valueRequired\":true,\"valueName\":\"search_term_string\"}}],\"inLanguage\":\"es\"}]}<\/script>\n<!-- \/ Yoast SEO plugin. -->","yoast_head_json":{"title":"Landrover Defender 110 Station Wagon 2007-2016 - 2 Asientos Individuales - REM HR + Divisi\u00f3n 60\/40 - REM HR + Asientos Adicionales (Puma) - Melvill and Moon Mexico","robots":{"index":"index","follow":"follow","max-snippet":"max-snippet:-1","max-image-preview":"max-image-preview:large","max-video-preview":"max-video-preview:-1"},"canonical":"https:\/\/mx.melvillandmoon.com\/product\/landrover-defender-110-station-wagon-2007-2016-2-asientos-individuales-rem-hr-division-60-40-rem-hr-asientos-adicionales-puma\/","og_locale":"es_ES","og_type":"article","og_title":"Landrover Defender 110 Station Wagon 2007-2016 - 2 Asientos Individuales - REM HR + Divisi\u00f3n 60\/40 - REM HR + Asientos Adicionales (Puma) - Melvill and Moon Mexico","og_description":"Nuestra gama de fundas de asiento incluye la Original 100% Lona de Algod\u00f3n y la Gama Premium con caracter\u00edsticas de lujo a\u00f1adidas. Todas las fundas de asiento son compatibles con airbags, tienen bolsillos laterales en los asientos delanteros y son resistentes al agua. Nuestras fundas Premium vienen con ribete de cuero y est\u00e1n disponibles con opciones de personalizaci\u00f3n mediante iniciales bordadas. Por favor, visite nuestra secci\u00f3n de Cuidado y Consejos para las instrucciones de lavado.","og_url":"https:\/\/mx.melvillandmoon.com\/product\/landrover-defender-110-station-wagon-2007-2016-2-asientos-individuales-rem-hr-division-60-40-rem-hr-asientos-adicionales-puma\/","og_site_name":"Melvill and Moon Mexico","twitter_card":"summary_large_image","schema":{"@context":"https:\/\/schema.org","@graph":[{"@type":"WebPage","@id":"https:\/\/mx.melvillandmoon.com\/product\/landrover-defender-110-station-wagon-2007-2016-2-asientos-individuales-rem-hr-division-60-40-rem-hr-asientos-adicionales-puma\/","url":"https:\/\/mx.melvillandmoon.com\/product\/landrover-defender-110-station-wagon-2007-2016-2-asientos-individuales-rem-hr-division-60-40-rem-hr-asientos-adicionales-puma\/","name":"Landrover Defender 110 Station Wagon 2007-2016 - 2 Asientos Individuales - REM HR + Divisi\u00f3n 60\/40 - REM HR + Asientos Adicionales (Puma) - Melvill and Moon Mexico","isPartOf":{"@id":"https:\/\/mx.melvillandmoon.com\/#website"},"primaryImageOfPage":{"@id":"https:\/\/mx.melvillandmoon.com\/product\/landrover-defender-110-station-wagon-2007-2016-2-asientos-individuales-rem-hr-division-60-40-rem-hr-asientos-adicionales-puma\/#primaryimage"},"image":{"@id":"https:\/\/mx.melvillandmoon.com\/product\/landrover-defender-110-station-wagon-2007-2016-2-asientos-individuales-rem-hr-division-60-40-rem-hr-asientos-adicionales-puma\/#primaryimage"},"thumbnailUrl":"https:\/\/mx.melvillandmoon.com\/wp-content\/uploads\/sites\/5\/2024\/06\/Seat-Cover-Original-Sand.jpg","datePublished":"2024-06-18T16:05:56+00:00","breadcrumb":{"@id":"https:\/\/mx.melvillandmoon.com\/product\/landrover-defender-110-station-wagon-2007-2016-2-asientos-individuales-rem-hr-division-60-40-rem-hr-asientos-adicionales-puma\/#breadcrumb"},"inLanguage":"es","potentialAction":[{"@type":"ReadAction","target":["https:\/\/mx.melvillandmoon.com\/product\/landrover-defender-110-station-wagon-2007-2016-2-asientos-individuales-rem-hr-division-60-40-rem-hr-asientos-adicionales-puma\/"]}]},{"@type":"ImageObject","inLanguage":"es","@id":"https:\/\/mx.melvillandmoon.com\/product\/landrover-defender-110-station-wagon-2007-2016-2-asientos-individuales-rem-hr-division-60-40-rem-hr-asientos-adicionales-puma\/#primaryimage","url":"https:\/\/mx.melvillandmoon.com\/wp-content\/uploads\/sites\/5\/2024\/06\/Seat-Cover-Original-Sand.jpg","contentUrl":"https:\/\/mx.melvillandmoon.com\/wp-content\/uploads\/sites\/5\/2024\/06\/Seat-Cover-Original-Sand.jpg","width":500,"height":500},{"@type":"BreadcrumbList","@id":"https:\/\/mx.melvillandmoon.com\/product\/landrover-defender-110-station-wagon-2007-2016-2-asientos-individuales-rem-hr-division-60-40-rem-hr-asientos-adicionales-puma\/#breadcrumb","itemListElement":[{"@type":"ListItem","position":1,"name":"Home","item":"https:\/\/mx.melvillandmoon.com\/es\/inicio\/"},{"@type":"ListItem","position":2,"name":"Shop","item":"https:\/\/mx.melvillandmoon.com\/shop\/"},{"@type":"ListItem","position":3,"name":"Landrover Defender 110 Station Wagon 2007-2016 &#8211; 2 Asientos Individuales &#8211; REM HR + Divisi\u00f3n 60\/40 &#8211; REM HR + Asientos Adicionales (Puma)"}]},{"@type":"WebSite","@id":"https:\/\/mx.melvillandmoon.com\/#website","url":"https:\/\/mx.melvillandmoon.com\/","name":"Melvill and Moon Mexico","description":"Seat Covers | Leather Luggage","potentialAction":[{"@type":"SearchAction","target":{"@type":"EntryPoint","urlTemplate":"https:\/\/mx.melvillandmoon.com\/?s={search_term_string}"},"query-input":{"@type":"PropertyValueSpecification","valueRequired":true,"valueName":"search_term_string"}}],"inLanguage":"es"}]}},"_links":{"self":[{"href":"https:\/\/mx.melvillandmoon.com\/es\/wp-json\/wp\/v2\/product\/205787","targetHints":{"allow":["GET"]}}],"collection":[{"href":"https:\/\/mx.melvillandmoon.com\/es\/wp-json\/wp\/v2\/product"}],"about":[{"href":"https:\/\/mx.melvillandmoon.com\/es\/wp-json\/wp\/v2\/types\/product"}],"wp:featuredmedia":[{"embeddable":true,"href":"https:\/\/mx.melvillandmoon.com\/es\/wp-json\/wp\/v2\/media\/205724"}],"wp:attachment":[{"href":"https:\/\/mx.melvillandmoon.com\/es\/wp-json\/wp\/v2\/media?parent=205787"}],"wp:term":[{"taxonomy":"product_brand","embeddable":true,"href":"https:\/\/mx.melvillandmoon.com\/es\/wp-json\/wp\/v2\/product_brand?post=205787"},{"taxonomy":"product_cat","embeddable":true,"href":"https:\/\/mx.melvillandmoon.com\/es\/wp-json\/wp\/v2\/product_cat?post=205787"},{"taxonomy":"product_tag","embeddable":true,"href":"https:\/\/mx.melvillandmoon.com\/es\/wp-json\/wp\/v2\/product_tag?post=205787"}],"curies":[{"name":"wp","href":"https:\/\/api.w.org\/{rel}","templated":true}]}}