{"id":205822,"date":"2019-05-27T15:07:36","date_gmt":"2019-05-27T13:07:36","guid":{"rendered":"https:\/\/mx.melvillandmoon.com\/product\/silla-de-campana-roorkhee-alta\/"},"modified":"2024-08-27T12:46:30","modified_gmt":"2024-08-27T10:46:30","slug":"sillon-roorkhee-alta","status":"publish","type":"product","link":"https:\/\/mx.melvillandmoon.com\/es\/producto\/sillon-roorkhee-alta\/","title":{"rendered":"Sill\u00f3n Roorkhee alta"},"content":{"rendered":"<h3><strong>En el campo<\/strong><\/h3>\n<p><img decoding=\"async\" class=\"lazyload wp-image-26952 size-full alignnone\" src=\"https:\/\/mx.melvillandmoon.com\/wp-content\/uploads\/sites\/5\/2019\/05\/MM-RoorkheeChair-1.jpg\" data-orig-src=\"https:\/\/mx.melvillandmoon.com\/wp-content\/uploads\/sites\/5\/2019\/05\/MM-RoorkheeChair-1.jpg\" alt=\"\" width=\"571\" height=\"240\" srcset=\"data:image\/svg+xml,%3Csvg%20xmlns%3D%27http%3A%2F%2Fwww.w3.org%2F2000%2Fsvg%27%20width%3D%27571%27%20height%3D%27240%27%20viewBox%3D%270%200%20571%20240%27%3E%3Crect%20width%3D%27571%27%20height%3D%27240%27%20fill-opacity%3D%220%22%2F%3E%3C%2Fsvg%3E\" data-srcset=\"https:\/\/mx.melvillandmoon.com\/wp-content\/uploads\/sites\/5\/2019\/05\/MM-RoorkheeChair-1-200x84.jpg 200w, https:\/\/mx.melvillandmoon.com\/wp-content\/uploads\/sites\/5\/2019\/05\/MM-RoorkheeChair-1-300x126.jpg 300w, https:\/\/mx.melvillandmoon.com\/wp-content\/uploads\/sites\/5\/2019\/05\/MM-RoorkheeChair-1-400x168.jpg 400w, https:\/\/mx.melvillandmoon.com\/wp-content\/uploads\/sites\/5\/2019\/05\/MM-RoorkheeChair-1-500x210.jpg 500w, https:\/\/mx.melvillandmoon.com\/wp-content\/uploads\/sites\/5\/2019\/05\/MM-RoorkheeChair-1.jpg 571w\" data-sizes=\"auto\" data-orig-sizes=\"(max-width: 571px) 100vw, 571px\" \/> Nombrada en honor a la sede del Cuerpo de Ingenieros del Ej\u00e9rcito Indio en Roorkhee, Provincias Unidas, India, fue la silla de campa\u00f1a est\u00e1ndar para oficiales del ej\u00e9rcito brit\u00e1nico desde 1898 hasta el inicio de la Segunda Guerra Mundial. <img decoding=\"async\" class=\"lazyload size-full wp-image-26953 alignnone\" src=\"https:\/\/mx.melvillandmoon.com\/wp-content\/uploads\/sites\/5\/2019\/05\/MM-RoorkheeChair-2.jpg\" data-orig-src=\"https:\/\/mx.melvillandmoon.com\/wp-content\/uploads\/sites\/5\/2019\/05\/MM-RoorkheeChair-2.jpg\" alt=\"\" width=\"571\" height=\"272\" srcset=\"data:image\/svg+xml,%3Csvg%20xmlns%3D%27http%3A%2F%2Fwww.w3.org%2F2000%2Fsvg%27%20width%3D%27571%27%20height%3D%27272%27%20viewBox%3D%270%200%20571%20272%27%3E%3Crect%20width%3D%27571%27%20height%3D%27272%27%20fill-opacity%3D%220%22%2F%3E%3C%2Fsvg%3E\" data-srcset=\"https:\/\/mx.melvillandmoon.com\/wp-content\/uploads\/sites\/5\/2019\/05\/MM-RoorkheeChair-2-200x95.jpg 200w, https:\/\/mx.melvillandmoon.com\/wp-content\/uploads\/sites\/5\/2019\/05\/MM-RoorkheeChair-2-300x143.jpg 300w, https:\/\/mx.melvillandmoon.com\/wp-content\/uploads\/sites\/5\/2019\/05\/MM-RoorkheeChair-2-400x191.jpg 400w, https:\/\/mx.melvillandmoon.com\/wp-content\/uploads\/sites\/5\/2019\/05\/MM-RoorkheeChair-2-500x238.jpg 500w, https:\/\/mx.melvillandmoon.com\/wp-content\/uploads\/sites\/5\/2019\/05\/MM-RoorkheeChair-2.jpg 571w\" data-sizes=\"auto\" data-orig-sizes=\"(max-width: 571px) 100vw, 571px\" \/> Necesitaban una silla que fuera liviana, que pudiera plegarse y transportarse f\u00e1cilmente y que pudiera usarse en terrenos irregulares sin romperse. Esto se logr\u00f3 construyendo la silla a partir de una serie de piezas de roble torneadas que encajaban entre s\u00ed sin apretar y no estaban pegadas, y se manten\u00edan unidas mediante una combinaci\u00f3n de correas de cuero. Las correas de los brazos, los brazos, el asiento y el respaldo act\u00faan bajo tensi\u00f3n para mantener la estructura en su lugar. <img decoding=\"async\" class=\"lazyload size-full wp-image-26954 alignnone\" src=\"https:\/\/mx.melvillandmoon.com\/wp-content\/uploads\/sites\/5\/2019\/05\/MM-RoorkheeChair-3.jpg\" data-orig-src=\"https:\/\/mx.melvillandmoon.com\/wp-content\/uploads\/sites\/5\/2019\/05\/MM-RoorkheeChair-3.jpg\" alt=\"\" width=\"571\" height=\"463\" srcset=\"data:image\/svg+xml,%3Csvg%20xmlns%3D%27http%3A%2F%2Fwww.w3.org%2F2000%2Fsvg%27%20width%3D%27571%27%20height%3D%27463%27%20viewBox%3D%270%200%20571%20463%27%3E%3Crect%20width%3D%27571%27%20height%3D%27463%27%20fill-opacity%3D%220%22%2F%3E%3C%2Fsvg%3E\" data-srcset=\"https:\/\/mx.melvillandmoon.com\/wp-content\/uploads\/sites\/5\/2019\/05\/MM-RoorkheeChair-3-200x162.jpg 200w, https:\/\/mx.melvillandmoon.com\/wp-content\/uploads\/sites\/5\/2019\/05\/MM-RoorkheeChair-3-300x243.jpg 300w, https:\/\/mx.melvillandmoon.com\/wp-content\/uploads\/sites\/5\/2019\/05\/MM-RoorkheeChair-3-400x324.jpg 400w, https:\/\/mx.melvillandmoon.com\/wp-content\/uploads\/sites\/5\/2019\/05\/MM-RoorkheeChair-3-500x405.jpg 500w, https:\/\/mx.melvillandmoon.com\/wp-content\/uploads\/sites\/5\/2019\/05\/MM-RoorkheeChair-3.jpg 571w\" data-sizes=\"auto\" data-orig-sizes=\"(max-width: 571px) 100vw, 571px\" \/><\/p>\n<p><img decoding=\"async\" class=\"lazyload size-full wp-image-26955 alignnone\" src=\"https:\/\/mx.melvillandmoon.com\/wp-content\/uploads\/sites\/5\/2019\/05\/MM-RoorkheeChair-4.jpg\" data-orig-src=\"https:\/\/mx.melvillandmoon.com\/wp-content\/uploads\/sites\/5\/2019\/05\/MM-RoorkheeChair-4.jpg\" alt=\"\" width=\"571\" height=\"182\" srcset=\"data:image\/svg+xml,%3Csvg%20xmlns%3D%27http%3A%2F%2Fwww.w3.org%2F2000%2Fsvg%27%20width%3D%27571%27%20height%3D%27182%27%20viewBox%3D%270%200%20571%20182%27%3E%3Crect%20width%3D%27571%27%20height%3D%27182%27%20fill-opacity%3D%220%22%2F%3E%3C%2Fsvg%3E\" data-srcset=\"https:\/\/mx.melvillandmoon.com\/wp-content\/uploads\/sites\/5\/2019\/05\/MM-RoorkheeChair-4-200x64.jpg 200w, https:\/\/mx.melvillandmoon.com\/wp-content\/uploads\/sites\/5\/2019\/05\/MM-RoorkheeChair-4-300x96.jpg 300w, https:\/\/mx.melvillandmoon.com\/wp-content\/uploads\/sites\/5\/2019\/05\/MM-RoorkheeChair-4-400x127.jpg 400w, https:\/\/mx.melvillandmoon.com\/wp-content\/uploads\/sites\/5\/2019\/05\/MM-RoorkheeChair-4-500x159.jpg 500w, https:\/\/mx.melvillandmoon.com\/wp-content\/uploads\/sites\/5\/2019\/05\/MM-RoorkheeChair-4.jpg 571w\" data-sizes=\"auto\" data-orig-sizes=\"(max-width: 571px) 100vw, 571px\" \/><\/p>\n<p><img decoding=\"async\" class=\"lazyload alignnone size-full wp-image-26956\" src=\"https:\/\/mx.melvillandmoon.com\/wp-content\/uploads\/sites\/5\/2019\/05\/MM-RoorkheeChair-5.jpg\" data-orig-src=\"https:\/\/mx.melvillandmoon.com\/wp-content\/uploads\/sites\/5\/2019\/05\/MM-RoorkheeChair-5.jpg\" alt=\"\" width=\"570\" height=\"746\" srcset=\"data:image\/svg+xml,%3Csvg%20xmlns%3D%27http%3A%2F%2Fwww.w3.org%2F2000%2Fsvg%27%20width%3D%27570%27%20height%3D%27746%27%20viewBox%3D%270%200%20570%20746%27%3E%3Crect%20width%3D%27570%27%20height%3D%27746%27%20fill-opacity%3D%220%22%2F%3E%3C%2Fsvg%3E\" data-srcset=\"https:\/\/mx.melvillandmoon.com\/wp-content\/uploads\/sites\/5\/2019\/05\/MM-RoorkheeChair-5-200x262.jpg 200w, https:\/\/mx.melvillandmoon.com\/wp-content\/uploads\/sites\/5\/2019\/05\/MM-RoorkheeChair-5-229x300.jpg 229w, https:\/\/mx.melvillandmoon.com\/wp-content\/uploads\/sites\/5\/2019\/05\/MM-RoorkheeChair-5-400x524.jpg 400w, https:\/\/mx.melvillandmoon.com\/wp-content\/uploads\/sites\/5\/2019\/05\/MM-RoorkheeChair-5-500x654.jpg 500w, https:\/\/mx.melvillandmoon.com\/wp-content\/uploads\/sites\/5\/2019\/05\/MM-RoorkheeChair-5.jpg 570w\" data-sizes=\"auto\" data-orig-sizes=\"(max-width: 570px) 100vw, 570px\" \/><\/p>\n<p>&nbsp;<\/p>\n","protected":false},"excerpt":{"rendered":"<p>\u00a1El Roorkhee, \u00a1pero m\u00e1s alto! Adecuado para cenar o para sentarse en tu escritorio de trabajo. Viene en una bolsa de transporte de la marca.<\/p>\n<p><strong>MADERA:<\/strong> Disponible en caoba africana<\/p>\n<p><strong>MATERIAL:<\/strong> Fabricado con lona de algod\u00f3n 100% de 510 g de alta resistencia con correas para brazos de cuero vegetal bovino color canela engrasado y accesorios de lat\u00f3n.<br \/>\n<strong>Colores del lienzo:<\/strong> Arena<\/p>\n<p><strong>DIMENSIONES:<\/strong> Largo 56,5 cm | Profundidad 56,5 cm | Altura (Asiento) 48 cm Altura (Reposabrazos) 72 cm | Altura (completa) 100 cm | Peso 7kg<\/p>\n<p><strong>DIMENSIONES DEL EMBALAJE:<\/strong> Largo 300mm | Ancho 150 mm | Altura 800 mm | Peso 7kg<\/p>\n","protected":false},"featured_media":201363,"template":"","meta":[],"product_brand":[],"product_cat":[3763],"product_tag":[3783],"class_list":{"0":"post-205822","1":"product","2":"type-product","3":"status-publish","4":"has-post-thumbnail","6":"product_cat-muebles-de-campana-y-otros","7":"product_tag-historia","8":"pa_material-arena","9":"pa_material-militar","10":"pa_material-negro","11":"pa_material-oliva","13":"first","14":"instock","15":"featured","16":"taxable","17":"shipping-taxable","18":"purchasable","19":"product-type-simple"},"yoast_head":"<!-- This site is optimized with the Yoast SEO plugin v27.3 - https:\/\/yoast.com\/product\/yoast-seo-wordpress\/ -->\n<title>Sill\u00f3n Roorkhee alta - Melvill and Moon Mexico<\/title>\n<meta name=\"robots\" content=\"index, follow, max-snippet:-1, max-image-preview:large, max-video-preview:-1\" \/>\n<link rel=\"canonical\" href=\"https:\/\/mx.melvillandmoon.com\/es\/producto\/sillon-roorkhee-alta\/\" \/>\n<meta property=\"og:locale\" content=\"es_ES\" \/>\n<meta property=\"og:type\" content=\"article\" \/>\n<meta property=\"og:title\" content=\"Sill\u00f3n Roorkhee alta - Melvill and Moon Mexico\" \/>\n<meta property=\"og:description\" content=\"\u00a1El Roorkhee, \u00a1pero m\u00e1s alto! Adecuado para cenar o para sentarse en tu escritorio de trabajo. Viene en una bolsa de transporte de la marca.  MADERA: Disponible en caoba africana  MATERIAL: Fabricado con lona de algod\u00f3n 100% de 510 g de alta resistencia con correas para brazos de cuero vegetal bovino color canela engrasado y accesorios de lat\u00f3n. Colores del lienzo: Arena  DIMENSIONES: Largo 56,5 cm | Profundidad 56,5 cm | Altura (Asiento) 48 cm Altura (Reposabrazos) 72 cm | Altura (completa) 100 cm | Peso 7kg  DIMENSIONES DEL EMBALAJE: Largo 300mm | Ancho 150 mm | Altura 800 mm | Peso 7kg\" \/>\n<meta property=\"og:url\" content=\"https:\/\/mx.melvillandmoon.com\/es\/producto\/sillon-roorkhee-alta\/\" \/>\n<meta property=\"og:site_name\" content=\"Melvill and Moon Mexico\" \/>\n<meta property=\"article:modified_time\" content=\"2024-08-27T10:46:30+00:00\" \/>\n<meta property=\"og:image\" content=\"https:\/\/mx.melvillandmoon.com\/wp-content\/uploads\/sites\/5\/2019\/05\/Roorkhee-Tall-Sand.jpg\" \/>\n\t<meta property=\"og:image:width\" content=\"800\" \/>\n\t<meta property=\"og:image:height\" content=\"800\" \/>\n\t<meta property=\"og:image:type\" content=\"image\/jpeg\" \/>\n<meta name=\"twitter:card\" content=\"summary_large_image\" \/>\n<meta name=\"twitter:label1\" content=\"Tiempo de lectura\" \/>\n\t<meta name=\"twitter:data1\" content=\"2 minutos\" \/>\n<script type=\"application\/ld+json\" class=\"yoast-schema-graph\">{\"@context\":\"https:\\\/\\\/schema.org\",\"@graph\":[{\"@type\":\"WebPage\",\"@id\":\"https:\\\/\\\/mx.melvillandmoon.com\\\/es\\\/producto\\\/sillon-roorkhee-alta\\\/\",\"url\":\"https:\\\/\\\/mx.melvillandmoon.com\\\/es\\\/producto\\\/sillon-roorkhee-alta\\\/\",\"name\":\"Sill\u00f3n Roorkhee alta - Melvill and Moon Mexico\",\"isPartOf\":{\"@id\":\"https:\\\/\\\/mx.melvillandmoon.com\\\/#website\"},\"primaryImageOfPage\":{\"@id\":\"https:\\\/\\\/mx.melvillandmoon.com\\\/es\\\/producto\\\/sillon-roorkhee-alta\\\/#primaryimage\"},\"image\":{\"@id\":\"https:\\\/\\\/mx.melvillandmoon.com\\\/es\\\/producto\\\/sillon-roorkhee-alta\\\/#primaryimage\"},\"thumbnailUrl\":\"https:\\\/\\\/mx.melvillandmoon.com\\\/wp-content\\\/uploads\\\/sites\\\/5\\\/2019\\\/05\\\/Roorkhee-Tall-Sand.jpg\",\"datePublished\":\"2019-05-27T13:07:36+00:00\",\"dateModified\":\"2024-08-27T10:46:30+00:00\",\"breadcrumb\":{\"@id\":\"https:\\\/\\\/mx.melvillandmoon.com\\\/es\\\/producto\\\/sillon-roorkhee-alta\\\/#breadcrumb\"},\"inLanguage\":\"es\",\"potentialAction\":[{\"@type\":\"ReadAction\",\"target\":[\"https:\\\/\\\/mx.melvillandmoon.com\\\/es\\\/producto\\\/sillon-roorkhee-alta\\\/\"]}]},{\"@type\":\"ImageObject\",\"inLanguage\":\"es\",\"@id\":\"https:\\\/\\\/mx.melvillandmoon.com\\\/es\\\/producto\\\/sillon-roorkhee-alta\\\/#primaryimage\",\"url\":\"https:\\\/\\\/mx.melvillandmoon.com\\\/wp-content\\\/uploads\\\/sites\\\/5\\\/2019\\\/05\\\/Roorkhee-Tall-Sand.jpg\",\"contentUrl\":\"https:\\\/\\\/mx.melvillandmoon.com\\\/wp-content\\\/uploads\\\/sites\\\/5\\\/2019\\\/05\\\/Roorkhee-Tall-Sand.jpg\",\"width\":800,\"height\":800},{\"@type\":\"BreadcrumbList\",\"@id\":\"https:\\\/\\\/mx.melvillandmoon.com\\\/es\\\/producto\\\/sillon-roorkhee-alta\\\/#breadcrumb\",\"itemListElement\":[{\"@type\":\"ListItem\",\"position\":1,\"name\":\"Home\",\"item\":\"https:\\\/\\\/mx.melvillandmoon.com\\\/es\\\/inicio\\\/\"},{\"@type\":\"ListItem\",\"position\":2,\"name\":\"Shop\",\"item\":\"https:\\\/\\\/mx.melvillandmoon.com\\\/shop\\\/\"},{\"@type\":\"ListItem\",\"position\":3,\"name\":\"Sill\u00f3n Roorkhee alta\"}]},{\"@type\":\"WebSite\",\"@id\":\"https:\\\/\\\/mx.melvillandmoon.com\\\/#website\",\"url\":\"https:\\\/\\\/mx.melvillandmoon.com\\\/\",\"name\":\"Melvill and Moon Mexico\",\"description\":\"Seat Covers | Leather Luggage\",\"potentialAction\":[{\"@type\":\"SearchAction\",\"target\":{\"@type\":\"EntryPoint\",\"urlTemplate\":\"https:\\\/\\\/mx.melvillandmoon.com\\\/?s={search_term_string}\"},\"query-input\":{\"@type\":\"PropertyValueSpecification\",\"valueRequired\":true,\"valueName\":\"search_term_string\"}}],\"inLanguage\":\"es\"}]}<\/script>\n<!-- \/ Yoast SEO plugin. -->","yoast_head_json":{"title":"Sill\u00f3n Roorkhee alta - Melvill and Moon Mexico","robots":{"index":"index","follow":"follow","max-snippet":"max-snippet:-1","max-image-preview":"max-image-preview:large","max-video-preview":"max-video-preview:-1"},"canonical":"https:\/\/mx.melvillandmoon.com\/es\/producto\/sillon-roorkhee-alta\/","og_locale":"es_ES","og_type":"article","og_title":"Sill\u00f3n Roorkhee alta - Melvill and Moon Mexico","og_description":"\u00a1El Roorkhee, \u00a1pero m\u00e1s alto! Adecuado para cenar o para sentarse en tu escritorio de trabajo. Viene en una bolsa de transporte de la marca.  MADERA: Disponible en caoba africana  MATERIAL: Fabricado con lona de algod\u00f3n 100% de 510 g de alta resistencia con correas para brazos de cuero vegetal bovino color canela engrasado y accesorios de lat\u00f3n. Colores del lienzo: Arena  DIMENSIONES: Largo 56,5 cm | Profundidad 56,5 cm | Altura (Asiento) 48 cm Altura (Reposabrazos) 72 cm | Altura (completa) 100 cm | Peso 7kg  DIMENSIONES DEL EMBALAJE: Largo 300mm | Ancho 150 mm | Altura 800 mm | Peso 7kg","og_url":"https:\/\/mx.melvillandmoon.com\/es\/producto\/sillon-roorkhee-alta\/","og_site_name":"Melvill and Moon Mexico","article_modified_time":"2024-08-27T10:46:30+00:00","og_image":[{"width":800,"height":800,"url":"https:\/\/mx.melvillandmoon.com\/wp-content\/uploads\/sites\/5\/2019\/05\/Roorkhee-Tall-Sand.jpg","type":"image\/jpeg"}],"twitter_card":"summary_large_image","twitter_misc":{"Tiempo de lectura":"2 minutos"},"schema":{"@context":"https:\/\/schema.org","@graph":[{"@type":"WebPage","@id":"https:\/\/mx.melvillandmoon.com\/es\/producto\/sillon-roorkhee-alta\/","url":"https:\/\/mx.melvillandmoon.com\/es\/producto\/sillon-roorkhee-alta\/","name":"Sill\u00f3n Roorkhee alta - Melvill and Moon Mexico","isPartOf":{"@id":"https:\/\/mx.melvillandmoon.com\/#website"},"primaryImageOfPage":{"@id":"https:\/\/mx.melvillandmoon.com\/es\/producto\/sillon-roorkhee-alta\/#primaryimage"},"image":{"@id":"https:\/\/mx.melvillandmoon.com\/es\/producto\/sillon-roorkhee-alta\/#primaryimage"},"thumbnailUrl":"https:\/\/mx.melvillandmoon.com\/wp-content\/uploads\/sites\/5\/2019\/05\/Roorkhee-Tall-Sand.jpg","datePublished":"2019-05-27T13:07:36+00:00","dateModified":"2024-08-27T10:46:30+00:00","breadcrumb":{"@id":"https:\/\/mx.melvillandmoon.com\/es\/producto\/sillon-roorkhee-alta\/#breadcrumb"},"inLanguage":"es","potentialAction":[{"@type":"ReadAction","target":["https:\/\/mx.melvillandmoon.com\/es\/producto\/sillon-roorkhee-alta\/"]}]},{"@type":"ImageObject","inLanguage":"es","@id":"https:\/\/mx.melvillandmoon.com\/es\/producto\/sillon-roorkhee-alta\/#primaryimage","url":"https:\/\/mx.melvillandmoon.com\/wp-content\/uploads\/sites\/5\/2019\/05\/Roorkhee-Tall-Sand.jpg","contentUrl":"https:\/\/mx.melvillandmoon.com\/wp-content\/uploads\/sites\/5\/2019\/05\/Roorkhee-Tall-Sand.jpg","width":800,"height":800},{"@type":"BreadcrumbList","@id":"https:\/\/mx.melvillandmoon.com\/es\/producto\/sillon-roorkhee-alta\/#breadcrumb","itemListElement":[{"@type":"ListItem","position":1,"name":"Home","item":"https:\/\/mx.melvillandmoon.com\/es\/inicio\/"},{"@type":"ListItem","position":2,"name":"Shop","item":"https:\/\/mx.melvillandmoon.com\/shop\/"},{"@type":"ListItem","position":3,"name":"Sill\u00f3n Roorkhee alta"}]},{"@type":"WebSite","@id":"https:\/\/mx.melvillandmoon.com\/#website","url":"https:\/\/mx.melvillandmoon.com\/","name":"Melvill and Moon Mexico","description":"Seat Covers | Leather Luggage","potentialAction":[{"@type":"SearchAction","target":{"@type":"EntryPoint","urlTemplate":"https:\/\/mx.melvillandmoon.com\/?s={search_term_string}"},"query-input":{"@type":"PropertyValueSpecification","valueRequired":true,"valueName":"search_term_string"}}],"inLanguage":"es"}]}},"_links":{"self":[{"href":"https:\/\/mx.melvillandmoon.com\/es\/wp-json\/wp\/v2\/product\/205822","targetHints":{"allow":["GET"]}}],"collection":[{"href":"https:\/\/mx.melvillandmoon.com\/es\/wp-json\/wp\/v2\/product"}],"about":[{"href":"https:\/\/mx.melvillandmoon.com\/es\/wp-json\/wp\/v2\/types\/product"}],"wp:featuredmedia":[{"embeddable":true,"href":"https:\/\/mx.melvillandmoon.com\/es\/wp-json\/wp\/v2\/media\/201363"}],"wp:attachment":[{"href":"https:\/\/mx.melvillandmoon.com\/es\/wp-json\/wp\/v2\/media?parent=205822"}],"wp:term":[{"taxonomy":"product_brand","embeddable":true,"href":"https:\/\/mx.melvillandmoon.com\/es\/wp-json\/wp\/v2\/product_brand?post=205822"},{"taxonomy":"product_cat","embeddable":true,"href":"https:\/\/mx.melvillandmoon.com\/es\/wp-json\/wp\/v2\/product_cat?post=205822"},{"taxonomy":"product_tag","embeddable":true,"href":"https:\/\/mx.melvillandmoon.com\/es\/wp-json\/wp\/v2\/product_tag?post=205822"}],"curies":[{"name":"wp","href":"https:\/\/api.w.org\/{rel}","templated":true}]}}