{"id":205858,"date":"2019-05-24T14:17:21","date_gmt":"2019-05-24T12:17:21","guid":{"rendered":"https:\/\/mx.melvillandmoon.com\/product\/bolsa-de-dia-del-valle-del-rift\/"},"modified":"2019-05-24T14:17:21","modified_gmt":"2019-05-24T12:17:21","slug":"bolsa-de-dia-del-valle-del-rift","status":"publish","type":"product","link":"https:\/\/mx.melvillandmoon.com\/es\/producto\/bolsa-de-dia-del-valle-del-rift\/","title":{"rendered":"Bolsa de d\u00eda del Valle del Rift"},"content":{"rendered":"<p>Basado en uno de los dise\u00f1os originales de Harry Moon en Rift Valley, este bolso funciona muy bien como bolso de mano en la era moderna. A diferencia de muchas bolsas que siguen las pautas de las aerol\u00edneas hasta el \u00faltimo mil\u00edmetro, esta bolsa no lo llevar\u00e1 a una batalla indecorosa con los compartimentos superiores que de repente se vuelven demasiado peque\u00f1os para la tarea. <\/p>\n","protected":false},"excerpt":{"rendered":"<p>Bolsa ideal para una excursi\u00f3n de un d\u00eda o incluso para viajar con luz durante la noche. El bolso viene con cremalleras de lat\u00f3n, bolsillos y correas de cuero resistentes con hebillas resistentes y correas ajustables para los hombros. <\/p>\n","protected":false},"featured_media":203163,"template":"","meta":[],"product_brand":[],"product_cat":[3776,3770,3766],"product_tag":[3783],"class_list":{"0":"post-205858","1":"product","2":"type-product","3":"status-publish","4":"has-post-thumbnail","6":"product_cat-bolsas-de-fin-de-semana","7":"product_cat-bolsas-de-mano","8":"product_cat-equipaje-y-bolsas","9":"product_tag-historia","10":"product_shipping_class-envio-gratis","11":"pa_material-algodon-encerado","12":"pa_material-arena","13":"pa_material-cuero","14":"pa_material-negro","16":"first","17":"instock","18":"taxable","19":"shipping-taxable","20":"purchasable","21":"product-type-variable","22":"has-default-attributes"},"yoast_head":"<!-- This site is optimized with the Yoast SEO plugin v27.3 - https:\/\/yoast.com\/product\/yoast-seo-wordpress\/ -->\n<title>Bolsa de d\u00eda del Valle del Rift - Melvill and Moon Mexico<\/title>\n<meta name=\"robots\" content=\"index, follow, max-snippet:-1, max-image-preview:large, max-video-preview:-1\" \/>\n<link rel=\"canonical\" href=\"https:\/\/mx.melvillandmoon.com\/product\/bolsa-de-dia-del-valle-del-rift\/\" \/>\n<meta property=\"og:locale\" content=\"es_ES\" \/>\n<meta property=\"og:type\" content=\"article\" \/>\n<meta property=\"og:title\" content=\"Bolsa de d\u00eda del Valle del Rift - Melvill and Moon Mexico\" \/>\n<meta property=\"og:description\" content=\"Bolsa ideal para una excursi\u00f3n de un d\u00eda o incluso para viajar con luz durante la noche. El bolso viene con cremalleras de lat\u00f3n, bolsillos y correas de cuero resistentes con hebillas resistentes y correas ajustables para los hombros.\" \/>\n<meta property=\"og:url\" content=\"https:\/\/mx.melvillandmoon.com\/product\/bolsa-de-dia-del-valle-del-rift\/\" \/>\n<meta property=\"og:site_name\" content=\"Melvill and Moon Mexico\" \/>\n<meta name=\"twitter:card\" content=\"summary_large_image\" \/>\n<script type=\"application\/ld+json\" class=\"yoast-schema-graph\">{\"@context\":\"https:\\\/\\\/schema.org\",\"@graph\":[{\"@type\":\"WebPage\",\"@id\":\"https:\\\/\\\/mx.melvillandmoon.com\\\/product\\\/bolsa-de-dia-del-valle-del-rift\\\/\",\"url\":\"https:\\\/\\\/mx.melvillandmoon.com\\\/product\\\/bolsa-de-dia-del-valle-del-rift\\\/\",\"name\":\"Bolsa de d\u00eda del Valle del Rift - Melvill and Moon Mexico\",\"isPartOf\":{\"@id\":\"https:\\\/\\\/mx.melvillandmoon.com\\\/#website\"},\"primaryImageOfPage\":{\"@id\":\"https:\\\/\\\/mx.melvillandmoon.com\\\/product\\\/bolsa-de-dia-del-valle-del-rift\\\/#primaryimage\"},\"image\":{\"@id\":\"https:\\\/\\\/mx.melvillandmoon.com\\\/product\\\/bolsa-de-dia-del-valle-del-rift\\\/#primaryimage\"},\"thumbnailUrl\":\"https:\\\/\\\/mx.melvillandmoon.com\\\/wp-content\\\/uploads\\\/sites\\\/5\\\/2019\\\/05\\\/Rift-Valley-Day-Bag-Leather-2RVDBL-2.jpg\",\"datePublished\":\"2019-05-24T12:17:21+00:00\",\"breadcrumb\":{\"@id\":\"https:\\\/\\\/mx.melvillandmoon.com\\\/product\\\/bolsa-de-dia-del-valle-del-rift\\\/#breadcrumb\"},\"inLanguage\":\"es\",\"potentialAction\":[{\"@type\":\"ReadAction\",\"target\":[\"https:\\\/\\\/mx.melvillandmoon.com\\\/product\\\/bolsa-de-dia-del-valle-del-rift\\\/\"]}]},{\"@type\":\"ImageObject\",\"inLanguage\":\"es\",\"@id\":\"https:\\\/\\\/mx.melvillandmoon.com\\\/product\\\/bolsa-de-dia-del-valle-del-rift\\\/#primaryimage\",\"url\":\"https:\\\/\\\/mx.melvillandmoon.com\\\/wp-content\\\/uploads\\\/sites\\\/5\\\/2019\\\/05\\\/Rift-Valley-Day-Bag-Leather-2RVDBL-2.jpg\",\"contentUrl\":\"https:\\\/\\\/mx.melvillandmoon.com\\\/wp-content\\\/uploads\\\/sites\\\/5\\\/2019\\\/05\\\/Rift-Valley-Day-Bag-Leather-2RVDBL-2.jpg\",\"width\":800,\"height\":800},{\"@type\":\"BreadcrumbList\",\"@id\":\"https:\\\/\\\/mx.melvillandmoon.com\\\/product\\\/bolsa-de-dia-del-valle-del-rift\\\/#breadcrumb\",\"itemListElement\":[{\"@type\":\"ListItem\",\"position\":1,\"name\":\"Home\",\"item\":\"https:\\\/\\\/mx.melvillandmoon.com\\\/es\\\/inicio\\\/\"},{\"@type\":\"ListItem\",\"position\":2,\"name\":\"Shop\",\"item\":\"https:\\\/\\\/mx.melvillandmoon.com\\\/shop\\\/\"},{\"@type\":\"ListItem\",\"position\":3,\"name\":\"Bolsa de d\u00eda del Valle del Rift\"}]},{\"@type\":\"WebSite\",\"@id\":\"https:\\\/\\\/mx.melvillandmoon.com\\\/#website\",\"url\":\"https:\\\/\\\/mx.melvillandmoon.com\\\/\",\"name\":\"Melvill and Moon Mexico\",\"description\":\"Seat Covers | Leather Luggage\",\"potentialAction\":[{\"@type\":\"SearchAction\",\"target\":{\"@type\":\"EntryPoint\",\"urlTemplate\":\"https:\\\/\\\/mx.melvillandmoon.com\\\/?s={search_term_string}\"},\"query-input\":{\"@type\":\"PropertyValueSpecification\",\"valueRequired\":true,\"valueName\":\"search_term_string\"}}],\"inLanguage\":\"es\"}]}<\/script>\n<!-- \/ Yoast SEO plugin. -->","yoast_head_json":{"title":"Bolsa de d\u00eda del Valle del Rift - Melvill and Moon Mexico","robots":{"index":"index","follow":"follow","max-snippet":"max-snippet:-1","max-image-preview":"max-image-preview:large","max-video-preview":"max-video-preview:-1"},"canonical":"https:\/\/mx.melvillandmoon.com\/product\/bolsa-de-dia-del-valle-del-rift\/","og_locale":"es_ES","og_type":"article","og_title":"Bolsa de d\u00eda del Valle del Rift - Melvill and Moon Mexico","og_description":"Bolsa ideal para una excursi\u00f3n de un d\u00eda o incluso para viajar con luz durante la noche. El bolso viene con cremalleras de lat\u00f3n, bolsillos y correas de cuero resistentes con hebillas resistentes y correas ajustables para los hombros.","og_url":"https:\/\/mx.melvillandmoon.com\/product\/bolsa-de-dia-del-valle-del-rift\/","og_site_name":"Melvill and Moon Mexico","twitter_card":"summary_large_image","schema":{"@context":"https:\/\/schema.org","@graph":[{"@type":"WebPage","@id":"https:\/\/mx.melvillandmoon.com\/product\/bolsa-de-dia-del-valle-del-rift\/","url":"https:\/\/mx.melvillandmoon.com\/product\/bolsa-de-dia-del-valle-del-rift\/","name":"Bolsa de d\u00eda del Valle del Rift - Melvill and Moon Mexico","isPartOf":{"@id":"https:\/\/mx.melvillandmoon.com\/#website"},"primaryImageOfPage":{"@id":"https:\/\/mx.melvillandmoon.com\/product\/bolsa-de-dia-del-valle-del-rift\/#primaryimage"},"image":{"@id":"https:\/\/mx.melvillandmoon.com\/product\/bolsa-de-dia-del-valle-del-rift\/#primaryimage"},"thumbnailUrl":"https:\/\/mx.melvillandmoon.com\/wp-content\/uploads\/sites\/5\/2019\/05\/Rift-Valley-Day-Bag-Leather-2RVDBL-2.jpg","datePublished":"2019-05-24T12:17:21+00:00","breadcrumb":{"@id":"https:\/\/mx.melvillandmoon.com\/product\/bolsa-de-dia-del-valle-del-rift\/#breadcrumb"},"inLanguage":"es","potentialAction":[{"@type":"ReadAction","target":["https:\/\/mx.melvillandmoon.com\/product\/bolsa-de-dia-del-valle-del-rift\/"]}]},{"@type":"ImageObject","inLanguage":"es","@id":"https:\/\/mx.melvillandmoon.com\/product\/bolsa-de-dia-del-valle-del-rift\/#primaryimage","url":"https:\/\/mx.melvillandmoon.com\/wp-content\/uploads\/sites\/5\/2019\/05\/Rift-Valley-Day-Bag-Leather-2RVDBL-2.jpg","contentUrl":"https:\/\/mx.melvillandmoon.com\/wp-content\/uploads\/sites\/5\/2019\/05\/Rift-Valley-Day-Bag-Leather-2RVDBL-2.jpg","width":800,"height":800},{"@type":"BreadcrumbList","@id":"https:\/\/mx.melvillandmoon.com\/product\/bolsa-de-dia-del-valle-del-rift\/#breadcrumb","itemListElement":[{"@type":"ListItem","position":1,"name":"Home","item":"https:\/\/mx.melvillandmoon.com\/es\/inicio\/"},{"@type":"ListItem","position":2,"name":"Shop","item":"https:\/\/mx.melvillandmoon.com\/shop\/"},{"@type":"ListItem","position":3,"name":"Bolsa de d\u00eda del Valle del Rift"}]},{"@type":"WebSite","@id":"https:\/\/mx.melvillandmoon.com\/#website","url":"https:\/\/mx.melvillandmoon.com\/","name":"Melvill and Moon Mexico","description":"Seat Covers | Leather Luggage","potentialAction":[{"@type":"SearchAction","target":{"@type":"EntryPoint","urlTemplate":"https:\/\/mx.melvillandmoon.com\/?s={search_term_string}"},"query-input":{"@type":"PropertyValueSpecification","valueRequired":true,"valueName":"search_term_string"}}],"inLanguage":"es"}]}},"_links":{"self":[{"href":"https:\/\/mx.melvillandmoon.com\/es\/wp-json\/wp\/v2\/product\/205858","targetHints":{"allow":["GET"]}}],"collection":[{"href":"https:\/\/mx.melvillandmoon.com\/es\/wp-json\/wp\/v2\/product"}],"about":[{"href":"https:\/\/mx.melvillandmoon.com\/es\/wp-json\/wp\/v2\/types\/product"}],"wp:featuredmedia":[{"embeddable":true,"href":"https:\/\/mx.melvillandmoon.com\/es\/wp-json\/wp\/v2\/media\/203163"}],"wp:attachment":[{"href":"https:\/\/mx.melvillandmoon.com\/es\/wp-json\/wp\/v2\/media?parent=205858"}],"wp:term":[{"taxonomy":"product_brand","embeddable":true,"href":"https:\/\/mx.melvillandmoon.com\/es\/wp-json\/wp\/v2\/product_brand?post=205858"},{"taxonomy":"product_cat","embeddable":true,"href":"https:\/\/mx.melvillandmoon.com\/es\/wp-json\/wp\/v2\/product_cat?post=205858"},{"taxonomy":"product_tag","embeddable":true,"href":"https:\/\/mx.melvillandmoon.com\/es\/wp-json\/wp\/v2\/product_tag?post=205858"}],"curies":[{"name":"wp","href":"https:\/\/api.w.org\/{rel}","templated":true}]}}